{"id":1980657,"date":"2024-02-23T18:30:02","date_gmt":"2024-02-23T17:30:02","guid":{"rendered":"https:\/\/de.tilta.com\/shop\/multi-functional-mounting-clamp-for-apple-ipad-black\/"},"modified":"2025-12-05T12:33:58","modified_gmt":"2025-12-05T11:33:58","slug":"multi-functional-mounting-clamp-for-apple-ipad-black","status":"publish","type":"product","link":"https:\/\/eu.tilta.com\/fr\/shop\/multi-functional-mounting-clamp-for-apple-ipad-black\/","title":{"rendered":"Attache de montage multifonctionnelle pour Apple iPad &#8211; Noir"},"content":{"rendered":"<p>Voici la pince de montage multifonctionnelle pour les caract\u00e9ristiques de l&#8217;Apple iPad, l&#8217;option l\u00e9g\u00e8re parfaite pour \u00e9tendre les capacit\u00e9s vid\u00e9o de votre tablette.<\/p>\n<p>Ce support peut accueillir des accessoires via un filetage de 1\/4&#8243;, notamment des bras articul\u00e9s, des supports de banque d&#8217;alimentation et des pinces pour disques durs.<\/p>\n<p>Ce support est \u00e9galement compatible avec les plaques de base, les t\u00eates de tr\u00e9pied et autres accessoires de la norme Arca, tout en permettant des transitions \u00e0 90\u00b0 entre les orientations horizontales et verticales.<\/p>\n<p>La partie sup\u00e9rieure du support est \u00e9quip\u00e9e d&#8217;un r\u00e9cepteur \u00e0 chaussure froide unidirectionnel qui prend en charge des accessoires tels que des lumi\u00e8res et des microphones embarqu\u00e9s.<\/p>\n<p>Le support est dot\u00e9 d&#8217;une pince extensible de chaque c\u00f4t\u00e9, ce qui permet de monter facilement des appareils de 105 \u00e0 240 mm.<\/p>\n<p>La pince s&#8217;adapte parfaitement au dessus, au dessous et \u00e0 l&#8217;arri\u00e8re des appareils compatibles pour un support plus stable, avec des coussinets de protection en caoutchouc antid\u00e9rapants qui offrent une protection suppl\u00e9mentaire.<\/p>\n<p>Compact pour le rangement, l\u00e9ger et portable. Pesant seulement 180 grammes, il est facile \u00e0 transporter.<\/p>\n","protected":false},"excerpt":{"rendered":"<p>Voici la pince de montage multifonctionnelle pour les caract\u00e9ristiques de l&#8217;Apple iPad, l&#8217;option l\u00e9g\u00e8re parfaite pour \u00e9tendre les capacit\u00e9s vid\u00e9o de votre tablette. Ce support peut accueillir des accessoires via un filetage de 1\/4&#8243;, notamment des bras articul\u00e9s, des supports [&hellip;]<\/p>\n","protected":false},"featured_media":1980661,"comment_status":"closed","ping_status":"closed","template":"","meta":[],"product_cat":[2009,2010],"product_tag":[],"acf":[],"gallery_images":[1980662,1980663,1980664,1980665,1980666,1980667],"_links":{"self":[{"href":"https:\/\/eu.tilta.com\/fr\/wp-json\/wp\/v2\/product\/1980657"}],"collection":[{"href":"https:\/\/eu.tilta.com\/fr\/wp-json\/wp\/v2\/product"}],"about":[{"href":"https:\/\/eu.tilta.com\/fr\/wp-json\/wp\/v2\/types\/product"}],"replies":[{"embeddable":true,"href":"https:\/\/eu.tilta.com\/fr\/wp-json\/wp\/v2\/comments?post=1980657"}],"wp:featuredmedia":[{"embeddable":true,"href":"https:\/\/eu.tilta.com\/fr\/wp-json\/wp\/v2\/media\/1980661"}],"wp:attachment":[{"href":"https:\/\/eu.tilta.com\/fr\/wp-json\/wp\/v2\/media?parent=1980657"}],"wp:term":[{"taxonomy":"product_cat","embeddable":true,"href":"https:\/\/eu.tilta.com\/fr\/wp-json\/wp\/v2\/product_cat?post=1980657"},{"taxonomy":"product_tag","embeddable":true,"href":"https:\/\/eu.tilta.com\/fr\/wp-json\/wp\/v2\/product_tag?post=1980657"}],"curies":[{"name":"wp","href":"https:\/\/api.w.org\/{rel}","templated":true}]}}