{"id":1980716,"date":"2024-02-07T01:05:45","date_gmt":"2024-02-07T00:05:45","guid":{"rendered":"https:\/\/de.tilta.com\/shop\/nucleus-nano-ii-power-handle\/"},"modified":"2025-12-05T12:34:04","modified_gmt":"2025-12-05T11:34:04","slug":"nucleus-nano-ii-power-handle","status":"publish","type":"product","link":"https:\/\/eu.tilta.com\/fr\/shop\/nucleus-nano-ii-power-handle\/","title":{"rendered":"Nucleus Nano II Power Handle"},"content":{"rendered":"<p><em>Voici la poign\u00e9e Nucleus Nano II Power Handle !<\/em><\/p>\n<p>Cette poign\u00e9e est aliment\u00e9e par une batterie Sony de la s\u00e9rie L (F550\/570) et peut envoyer de l&#8217;\u00e9nergie au <a href=\"https:\/\/de.tilta.com\/shop\/nucleus-nano-ii-hand-wheel-controller\/\">volant Nucleus Nano II<\/a> pour prolonger la dur\u00e9e de vie de la batterie. (pile non incluse)<\/p>\n<p>Cette poign\u00e9e permet \u00e9galement aux utilisateurs d&#8217;alimenter des accessoires via les sorties d&#8217;alimentation USB-C et DC int\u00e9gr\u00e9es.<\/p>\n<p>La poign\u00e9e est dot\u00e9e d&#8217;un filetage 1\/4\u2033-20 avec des points de positionnement, parfaits pour monter notre <a href=\"https:\/\/de.tilta.com\/shop\/tilta-right-angle-rosette-adapter-to-1-4-20-with-locating-pins-black\/\">adaptateur de rosette \u00e0 angle droit<\/a> afin d&#8217;int\u00e9grer facilement cette poign\u00e9e dans une configuration d&#8217;\u00e9quipement d&#8217;\u00e9paule.<\/p>\n<p>La partie sup\u00e9rieure de la poign\u00e9e est \u00e9galement \u00e9quip\u00e9e d&#8217;un r\u00e9cepteur de chaussure froide, qui peut \u00eatre utilis\u00e9 avec notre montage optionnel de chaussure froide pour un moniteur externe afin de cr\u00e9er une station de mise au point parfaite lorsqu&#8217;elle est utilis\u00e9e avec la roue \u00e0 main.<\/p>\n<p><strong>REMARQUE : Le support OTAN est uniquement destin\u00e9 au volant Nano II. Ne connectez pas d&#8217;autres accessoires par l&#8217;interm\u00e9diaire de cette monture OTAN, car vous risqueriez d&#8217;endommager les broches de contact.<\/strong><\/p>\n<p><strong>Nous vous recommandons d&#8217;utiliser uniquement des piles Sony s\u00e9rie L F550. La compatibilit\u00e9 avec d&#8217;autres marques n&#8217;est pas garantie.<\/strong><\/p>\n","protected":false},"excerpt":{"rendered":"<p>Voici la poign\u00e9e Nucleus Nano II Power Handle ! Cette poign\u00e9e est aliment\u00e9e par une batterie Sony de la s\u00e9rie L (F550\/570) et peut envoyer de l&#8217;\u00e9nergie au volant Nucleus Nano II pour prolonger la dur\u00e9e de vie de la [&hellip;]<\/p>\n","protected":false},"featured_media":1980740,"comment_status":"closed","ping_status":"closed","template":"","meta":[],"product_cat":[1780],"product_tag":[],"acf":[],"gallery_images":[1974822,1974823,1974824,1974825,1974826,1974827,1974828,1974829,1974830],"_links":{"self":[{"href":"https:\/\/eu.tilta.com\/fr\/wp-json\/wp\/v2\/product\/1980716"}],"collection":[{"href":"https:\/\/eu.tilta.com\/fr\/wp-json\/wp\/v2\/product"}],"about":[{"href":"https:\/\/eu.tilta.com\/fr\/wp-json\/wp\/v2\/types\/product"}],"replies":[{"embeddable":true,"href":"https:\/\/eu.tilta.com\/fr\/wp-json\/wp\/v2\/comments?post=1980716"}],"wp:featuredmedia":[{"embeddable":true,"href":"https:\/\/eu.tilta.com\/fr\/wp-json\/wp\/v2\/media\/1980740"}],"wp:attachment":[{"href":"https:\/\/eu.tilta.com\/fr\/wp-json\/wp\/v2\/media?parent=1980716"}],"wp:term":[{"taxonomy":"product_cat","embeddable":true,"href":"https:\/\/eu.tilta.com\/fr\/wp-json\/wp\/v2\/product_cat?post=1980716"},{"taxonomy":"product_tag","embeddable":true,"href":"https:\/\/eu.tilta.com\/fr\/wp-json\/wp\/v2\/product_tag?post=1980716"}],"curies":[{"name":"wp","href":"https:\/\/api.w.org\/{rel}","templated":true}]}}