{"id":1980838,"date":"2024-02-22T20:50:27","date_gmt":"2024-02-22T19:50:27","guid":{"rendered":"https:\/\/de.tilta.com\/shop\/cable-de-controle-usb-c-pour-le-moteur-nucleus-nano-ii-30cm\/"},"modified":"2025-12-05T12:34:24","modified_gmt":"2025-12-05T11:34:24","slug":"advanced-side-focus-handle-usb-c-control-cable-for-nucleus-nano-ii-motor-30cm","status":"publish","type":"product","link":"https:\/\/eu.tilta.com\/fr\/shop\/advanced-side-focus-handle-usb-c-control-cable-for-nucleus-nano-ii-motor-30cm\/","title":{"rendered":"C\u00e2ble de contr\u00f4le USB-C pour le moteur Nucleus Nano II (30cm)"},"content":{"rendered":"<p>Ce c\u00e2ble USB-C vers USB-C permettra aux utilisateurs de contr\u00f4ler et d&#8217;alimenter le moteur Nucleus Nano II via la poign\u00e9e de mise au point lat\u00e9rale avanc\u00e9e.<\/p>\n<p>La longueur de 30 cm offre une grande flexibilit\u00e9 pour l&#8217;utilisation d&#8217;objectifs de diff\u00e9rentes tailles et de diff\u00e9rentes positions de la poign\u00e9e.<\/p>\n","protected":false},"excerpt":{"rendered":"<p>Ce c\u00e2ble USB-C vers USB-C permettra aux utilisateurs de contr\u00f4ler et d&#8217;alimenter le moteur Nucleus Nano II via la poign\u00e9e de mise au point lat\u00e9rale avanc\u00e9e. La longueur de 30 cm offre une grande flexibilit\u00e9 pour l&#8217;utilisation d&#8217;objectifs de diff\u00e9rentes [&hellip;]<\/p>\n","protected":false},"featured_media":1980873,"comment_status":"closed","ping_status":"closed","template":"","meta":[],"product_cat":[1780,2028],"product_tag":[],"acf":[],"gallery_images":[1980874],"_links":{"self":[{"href":"https:\/\/eu.tilta.com\/fr\/wp-json\/wp\/v2\/product\/1980838"}],"collection":[{"href":"https:\/\/eu.tilta.com\/fr\/wp-json\/wp\/v2\/product"}],"about":[{"href":"https:\/\/eu.tilta.com\/fr\/wp-json\/wp\/v2\/types\/product"}],"replies":[{"embeddable":true,"href":"https:\/\/eu.tilta.com\/fr\/wp-json\/wp\/v2\/comments?post=1980838"}],"wp:featuredmedia":[{"embeddable":true,"href":"https:\/\/eu.tilta.com\/fr\/wp-json\/wp\/v2\/media\/1980873"}],"wp:attachment":[{"href":"https:\/\/eu.tilta.com\/fr\/wp-json\/wp\/v2\/media?parent=1980838"}],"wp:term":[{"taxonomy":"product_cat","embeddable":true,"href":"https:\/\/eu.tilta.com\/fr\/wp-json\/wp\/v2\/product_cat?post=1980838"},{"taxonomy":"product_tag","embeddable":true,"href":"https:\/\/eu.tilta.com\/fr\/wp-json\/wp\/v2\/product_tag?post=1980838"}],"curies":[{"name":"wp","href":"https:\/\/api.w.org\/{rel}","templated":true}]}}