{"id":1980839,"date":"2024-01-31T22:07:56","date_gmt":"2024-01-31T21:07:56","guid":{"rendered":"https:\/\/de.tilta.com\/shop\/tilta-universal-bubble-level\/"},"modified":"2025-12-05T12:34:35","modified_gmt":"2025-12-05T11:34:35","slug":"tilta-universal-bubble-level","status":"publish","type":"product","link":"https:\/\/eu.tilta.com\/fr\/shop\/tilta-universal-bubble-level\/","title":{"rendered":"Niveau \u00e0 bulle universel Tilta"},"content":{"rendered":"<p>Voici le niveau \u00e0 bulle universel Tilta, l&#8217;option parfaite pour ajouter un niveau \u00e0 bulle \u00e0 votre syst\u00e8me de cam\u00e9ra sans avoir besoin d&#8217;un tr\u00e9pied.<\/p>\n<p>Les options rotatives tournent en continu par incr\u00e9ments de 90\u00b0, ce qui facilite la v\u00e9rification de l&#8217;horizon sur les axes horizontaux et verticaux.<\/p>\n<p>L&#8217;option Universal, plus petite, est id\u00e9ale pour les constructions l\u00e9g\u00e8res \u00e0 main, afin d&#8217;aider les op\u00e9rateurs \u00e0 maintenir le tir \u00e0 niveau.<\/p>\n<p>Son bouton ergonomique permet une installation sans effort et sans outil, dans les deux versions.<\/p>\n<p>Ces deux accessoires sont remarquablement l\u00e9gers (5 g et 17,5 g). Cet accessoire compact est con\u00e7u pour \u00eatre transportable sans compromettre sa fonctionnalit\u00e9.<\/p>\n<p>Am\u00e9liorez votre exp\u00e9rience du nivellement avec le niveau \u00e0 bulle universel Tilta, o\u00f9 la pr\u00e9cision rencontre la praticit\u00e9.<\/p>\n","protected":false},"excerpt":{"rendered":"<p>Voici le niveau \u00e0 bulle universel Tilta, l&#8217;option parfaite pour ajouter un niveau \u00e0 bulle \u00e0 votre syst\u00e8me de cam\u00e9ra sans avoir besoin d&#8217;un tr\u00e9pied. Les options rotatives tournent en continu par incr\u00e9ments de 90\u00b0, ce qui facilite la v\u00e9rification [&hellip;]<\/p>\n","protected":false},"featured_media":1980865,"comment_status":"closed","ping_status":"closed","template":"","meta":[],"product_cat":[2009,1881],"product_tag":[],"acf":[],"gallery_images":[1980866,1980867,1980869,1980870],"_links":{"self":[{"href":"https:\/\/eu.tilta.com\/fr\/wp-json\/wp\/v2\/product\/1980839"}],"collection":[{"href":"https:\/\/eu.tilta.com\/fr\/wp-json\/wp\/v2\/product"}],"about":[{"href":"https:\/\/eu.tilta.com\/fr\/wp-json\/wp\/v2\/types\/product"}],"replies":[{"embeddable":true,"href":"https:\/\/eu.tilta.com\/fr\/wp-json\/wp\/v2\/comments?post=1980839"}],"wp:featuredmedia":[{"embeddable":true,"href":"https:\/\/eu.tilta.com\/fr\/wp-json\/wp\/v2\/media\/1980865"}],"wp:attachment":[{"href":"https:\/\/eu.tilta.com\/fr\/wp-json\/wp\/v2\/media?parent=1980839"}],"wp:term":[{"taxonomy":"product_cat","embeddable":true,"href":"https:\/\/eu.tilta.com\/fr\/wp-json\/wp\/v2\/product_cat?post=1980839"},{"taxonomy":"product_tag","embeddable":true,"href":"https:\/\/eu.tilta.com\/fr\/wp-json\/wp\/v2\/product_tag?post=1980839"}],"curies":[{"name":"wp","href":"https:\/\/api.w.org\/{rel}","templated":true}]}}