{"id":1980872,"date":"2024-02-03T00:02:42","date_gmt":"2024-02-02T23:02:42","guid":{"rendered":"https:\/\/de.tilta.com\/shop\/camera-cage-for-sony-burano-advanced-kit\/"},"modified":"2025-12-05T12:34:35","modified_gmt":"2025-12-05T11:34:35","slug":"camera-cage-for-sony-burano-advanced-kit","status":"publish","type":"product","link":"https:\/\/eu.tilta.com\/fr\/shop\/camera-cage-for-sony-burano-advanced-kit\/","title":{"rendered":"Camera Cage for Sony BURANO Advanced Kit"},"content":{"rendered":"<p><em>Pr\u00e9sentation du kit de cage de cam\u00e9ra professionnelle pour Sony BURANO<\/em><\/p>\n<p>La base de ce kit est la cage compl\u00e8te de l&#8217;appareil photo, qui fournit une armure de protection pour le bo\u00eetier de l&#8217;appareil photo et permet de monter divers accessoires pour am\u00e9liorer la fonctionnalit\u00e9 de l&#8217;appareil photo.<\/p>\n<p>Cette cage \u00e0 cam\u00e9ra dispose d&#8217;une vari\u00e9t\u00e9 de points de montage, y compris des rosettes Arri, des supports de tige de 15 mm, des filetages 1\/4\u2033-20 et 3\/8\u2033-16, tous deux avec des points de rep\u00e9rage.<\/p>\n<p>Les rosettes Arri Standard sont positionn\u00e9es de mani\u00e8re \u00e0 \u00eatre identiques \u00e0 celles du corps de la cam\u00e9ra d&#8217;origine et sont compatibles avec la poign\u00e9e de contr\u00f4le d&#8217;origine.<\/p>\n<p>Le support de tige de 15 mm peut \u00eatre mont\u00e9 sur la plaque sup\u00e9rieure ou sur les bras lat\u00e9raux, ce qui offre des options flexibles pour les moteurs de contr\u00f4le d&#8217;objectif, ainsi que pour les supports d&#8217;objectif et les configurations de cam\u00e9ra verticales.<\/p>\n<p>La plaque de base LWS de 15 mm et les tiges doubles de 15 mm incluses permettent aux utilisateurs de monter des accessoires \u00e0 tige tels que des bo\u00eetes \u00e0 mats et des syst\u00e8mes de suivi de la mise au point. La partie inf\u00e9rieure de cette plaque de base se connecte \u00e0 nos queues d&#8217;aronde Tilta et comporte des filetages de 1\/4\u2033-20 et 3\/8\u2033-16.<\/p>\n<p>Cette cage comprend \u00e9galement une plaque de montage lat\u00e9rale qui permet d&#8217;ajuster la hauteur et l&#8217;angle et qui peut \u00eatre fix\u00e9e \u00e0 plusieurs points de montage sur la plaque sup\u00e9rieure afin d&#8217;\u00e9tendre la fonctionnalit\u00e9 de cette plaque.<\/p>\n<p>La plaque sup\u00e9rieure comporte \u00e9galement un emplacement d\u00e9di\u00e9 \u00e0 la poign\u00e9e sup\u00e9rieure fournie, qui est \u00e9galement compatible avec la poign\u00e9e sup\u00e9rieure d&#8217;origine de l&#8217;appareil photo. La poign\u00e9e sup\u00e9rieure incluse offre diff\u00e9rents points de fixation et am\u00e9liore les options de manipulation du syst\u00e8me.<\/p>\n<p>La monture \u00e0 tige de 15 mm offre un moyen pratique de monter le support EVF rotatif fourni, qui offre une plus grande flexibilit\u00e9 pour l&#8217;inclinaison et la rotation du viseur \u00e9lectronique de l&#8217;appareil photo.<\/p>\n<p>La plaque de batterie incluse permet d&#8217;adapter la plaque de batterie V-Mount du Burano \u00e0 une plaque de batterie Gold Mount ou V-Mount avec des sorties d&#8217;alimentation suppl\u00e9mentaires.<\/p>\n<p>Cette plaque de batterie comprend les sorties d&#8217;alimentation suivantes :<\/p>\n<p>(1) Entr\u00e9e DC LEMO 6 broches (12V-28V)<br \/>\n(1) Port P-Tap (14,8V 3,8A)<br \/>\n(1) Port USB-C ( PD3.1 65W )<br \/>\n(1) Fischer Lemo \u00e0 3 broches (24V 3 A)<br \/>\n(1) Fischer Lemo \u00e0 3 broches (14,8V 3,8 A)<br \/>\n(1) Lemo \u00e0 2 broches (14,8V 3 A)<\/p>\n<p>Le mini kit d&#8217;outils multifonctionnels est \u00e9galement inclus. Il s&#8217;agit d&#8217;un ensemble d&#8217;outils compacts, durables et polyvalents con\u00e7us pour les cages \u00e0 cam\u00e9ra et les syst\u00e8mes de support, comprenant six outils universels.<\/p>\n","protected":false},"excerpt":{"rendered":"<p>Pr\u00e9sentation du kit de cage de cam\u00e9ra professionnelle pour Sony BURANO La base de ce kit est la cage compl\u00e8te de l&#8217;appareil photo, qui fournit une armure de protection pour le bo\u00eetier de l&#8217;appareil photo et permet de monter divers [&hellip;]<\/p>\n","protected":false},"featured_media":1980899,"comment_status":"closed","ping_status":"closed","template":"","meta":[],"product_cat":[1882],"product_tag":[],"acf":[],"gallery_images":[1974843,1974844,1974788,1974783,1974789],"_links":{"self":[{"href":"https:\/\/eu.tilta.com\/fr\/wp-json\/wp\/v2\/product\/1980872"}],"collection":[{"href":"https:\/\/eu.tilta.com\/fr\/wp-json\/wp\/v2\/product"}],"about":[{"href":"https:\/\/eu.tilta.com\/fr\/wp-json\/wp\/v2\/types\/product"}],"replies":[{"embeddable":true,"href":"https:\/\/eu.tilta.com\/fr\/wp-json\/wp\/v2\/comments?post=1980872"}],"wp:featuredmedia":[{"embeddable":true,"href":"https:\/\/eu.tilta.com\/fr\/wp-json\/wp\/v2\/media\/1980899"}],"wp:attachment":[{"href":"https:\/\/eu.tilta.com\/fr\/wp-json\/wp\/v2\/media?parent=1980872"}],"wp:term":[{"taxonomy":"product_cat","embeddable":true,"href":"https:\/\/eu.tilta.com\/fr\/wp-json\/wp\/v2\/product_cat?post=1980872"},{"taxonomy":"product_tag","embeddable":true,"href":"https:\/\/eu.tilta.com\/fr\/wp-json\/wp\/v2\/product_tag?post=1980872"}],"curies":[{"name":"wp","href":"https:\/\/api.w.org\/{rel}","templated":true}]}}