{"id":1980907,"date":"2024-02-02T22:58:53","date_gmt":"2024-02-02T21:58:53","guid":{"rendered":"https:\/\/de.tilta.com\/shop\/plaque-de-batterie-pour-sony-burano\/"},"modified":"2025-12-05T12:34:35","modified_gmt":"2025-12-05T11:34:35","slug":"battery-plate-for-sony-burano","status":"publish","type":"product","link":"https:\/\/eu.tilta.com\/fr\/shop\/battery-plate-for-sony-burano\/","title":{"rendered":"Plaque de batterie pour Sony BURANO"},"content":{"rendered":"<p>Cette plaque de batterie permet d&#8217;adapter la plaque de batterie V-Mount int\u00e9gr\u00e9e du Sony Burano \u00e0 une plaque de batterie Gold Mount ou V-Mount avec des sorties d&#8217;alimentation suppl\u00e9mentaires.<\/p>\n<p>Cela \u00e9largit les options des utilisateurs pour la distribution de l&#8217;alimentation et fournit une entr\u00e9e d&#8217;alimentation pratique qui accepte l&#8217;alimentation CC pour la permutation \u00e0 chaud.<\/p>\n<p>Cette plaque de batterie comprend les sorties d&#8217;alimentation suivantes :<\/p>\n<p>(1) Entr\u00e9e DC LEMO 6 broches (12V-28V)<br \/>\n(1) Port P-Tap (14,8V 3,8A)<br \/>\n(1) Port USB-C ( PD3.1 65W )<br \/>\n(1) Fischer Lemo \u00e0 3 broches (24V 3 A)<br \/>\n(1) Fischer Lemo \u00e0 3 broches (14,8V 3,8 A)<br \/>\n(1) Lemo \u00e0 2 broches (14,8V 3 A)<\/p>\n","protected":false},"excerpt":{"rendered":"<p>Cette plaque de batterie permet d&#8217;adapter la plaque de batterie V-Mount int\u00e9gr\u00e9e du Sony Burano \u00e0 une plaque de batterie Gold Mount ou V-Mount avec des sorties d&#8217;alimentation suppl\u00e9mentaires. Cela \u00e9largit les options des utilisateurs pour la distribution de l&#8217;alimentation [&hellip;]<\/p>\n","protected":false},"featured_media":1980925,"comment_status":"closed","ping_status":"closed","template":"","meta":[],"product_cat":[1882,2036],"product_tag":[],"acf":[],"gallery_images":[1974768,1974769,1974770,1974771],"_links":{"self":[{"href":"https:\/\/eu.tilta.com\/fr\/wp-json\/wp\/v2\/product\/1980907"}],"collection":[{"href":"https:\/\/eu.tilta.com\/fr\/wp-json\/wp\/v2\/product"}],"about":[{"href":"https:\/\/eu.tilta.com\/fr\/wp-json\/wp\/v2\/types\/product"}],"replies":[{"embeddable":true,"href":"https:\/\/eu.tilta.com\/fr\/wp-json\/wp\/v2\/comments?post=1980907"}],"wp:featuredmedia":[{"embeddable":true,"href":"https:\/\/eu.tilta.com\/fr\/wp-json\/wp\/v2\/media\/1980925"}],"wp:attachment":[{"href":"https:\/\/eu.tilta.com\/fr\/wp-json\/wp\/v2\/media?parent=1980907"}],"wp:term":[{"taxonomy":"product_cat","embeddable":true,"href":"https:\/\/eu.tilta.com\/fr\/wp-json\/wp\/v2\/product_cat?post=1980907"},{"taxonomy":"product_tag","embeddable":true,"href":"https:\/\/eu.tilta.com\/fr\/wp-json\/wp\/v2\/product_tag?post=1980907"}],"curies":[{"name":"wp","href":"https:\/\/api.w.org\/{rel}","templated":true}]}}