{"id":1981005,"date":"2024-02-02T23:59:12","date_gmt":"2024-02-02T22:59:12","guid":{"rendered":"https:\/\/de.tilta.com\/shop\/support-evf-rotatif-pour-sony-burano\/"},"modified":"2025-12-05T12:34:59","modified_gmt":"2025-12-05T11:34:59","slug":"rotatable-evf-bracket-for-sony-burano","status":"publish","type":"product","link":"https:\/\/eu.tilta.com\/fr\/shop\/rotatable-evf-bracket-for-sony-burano\/","title":{"rendered":"Support EVF rotatif pour Sony BURANO"},"content":{"rendered":"<p>Nous vous pr\u00e9sentons le support EVF rotatif pour Sony BURANO, l&#8217;option parfaite pour am\u00e9liorer la flexibilit\u00e9 du viseur \u00e9lectronique de l&#8217;appareil photo.<\/p>\n<p>Ce support se monte sur la poign\u00e9e sup\u00e9rieure incluse dans notre cage \u00e0 cam\u00e9ra compl\u00e8te pour Sony Burano via une tige de fixation de 15 mm, ainsi que sur la poign\u00e9e sup\u00e9rieure d&#8217;origine du Burano.<\/p>\n<p>L&#8217;autre extr\u00e9mit\u00e9 du support comporte une fixation pour le viseur de l&#8217;appareil photo, qui peut \u00eatre inclin\u00e9 et tourn\u00e9 afin de mieux positionner le viseur.<\/p>\n<p>Ce support peut \u00e9galement \u00eatre rapproch\u00e9 ou \u00e9loign\u00e9 du support de la tige afin de s&#8217;adapter \u00e0 diff\u00e9rentes configurations.<\/p>\n","protected":false},"excerpt":{"rendered":"<p>Nous vous pr\u00e9sentons le support EVF rotatif pour Sony BURANO, l&#8217;option parfaite pour am\u00e9liorer la flexibilit\u00e9 du viseur \u00e9lectronique de l&#8217;appareil photo. Ce support se monte sur la poign\u00e9e sup\u00e9rieure incluse dans notre cage \u00e0 cam\u00e9ra compl\u00e8te pour Sony Burano [&hellip;]<\/p>\n","protected":false},"featured_media":1981017,"comment_status":"closed","ping_status":"closed","template":"","meta":[],"product_cat":[1882],"product_tag":[],"acf":[],"gallery_images":[1974780,1974781,1974782,1974783],"_links":{"self":[{"href":"https:\/\/eu.tilta.com\/fr\/wp-json\/wp\/v2\/product\/1981005"}],"collection":[{"href":"https:\/\/eu.tilta.com\/fr\/wp-json\/wp\/v2\/product"}],"about":[{"href":"https:\/\/eu.tilta.com\/fr\/wp-json\/wp\/v2\/types\/product"}],"replies":[{"embeddable":true,"href":"https:\/\/eu.tilta.com\/fr\/wp-json\/wp\/v2\/comments?post=1981005"}],"wp:featuredmedia":[{"embeddable":true,"href":"https:\/\/eu.tilta.com\/fr\/wp-json\/wp\/v2\/media\/1981017"}],"wp:attachment":[{"href":"https:\/\/eu.tilta.com\/fr\/wp-json\/wp\/v2\/media?parent=1981005"}],"wp:term":[{"taxonomy":"product_cat","embeddable":true,"href":"https:\/\/eu.tilta.com\/fr\/wp-json\/wp\/v2\/product_cat?post=1981005"},{"taxonomy":"product_tag","embeddable":true,"href":"https:\/\/eu.tilta.com\/fr\/wp-json\/wp\/v2\/product_tag?post=1981005"}],"curies":[{"name":"wp","href":"https:\/\/api.w.org\/{rel}","templated":true}]}}