{"id":1981097,"date":"2024-01-23T22:30:13","date_gmt":"2024-01-23T21:30:13","guid":{"rendered":"https:\/\/de.tilta.com\/shop\/accessory-mounting-expander-for-dji-osmo-pocket-3-black\/"},"modified":"2026-03-09T18:05:24","modified_gmt":"2026-03-09T17:05:24","slug":"accessory-mounting-expander-for-dji-osmo-pocket-3-black-2","status":"publish","type":"product","link":"https:\/\/eu.tilta.com\/fr\/shop\/accessory-mounting-expander-for-dji-osmo-pocket-3-black-2\/","title":{"rendered":"Extension de montage d&#8217;accessoires pour DJI Osmo Pocket 3 &#8211; Noir"},"content":{"rendered":"<p>L&#8217;extension de montage pour DJI Osmo Pocket 3 est l&#8217;accessoire l\u00e9ger parfait pour \u00e9tendre la capacit\u00e9 de montage de votre DJI Osmo Pocket 3.<\/p>\n<p>Fixez la poign\u00e9e officielle et le module d&#8217;extension \u00e0 la DJI Osmo Pocket 3 \u00e0 l&#8217;aide du filetage inf\u00e9rieur 1\/4\u2033 pour un ajustement parfait qui n&#8217;obstrue pas l&#8217;\u00e9cran, les boutons ou les fonctions de la cam\u00e9ra.<\/p>\n<p>Les points de montage comprennent de multiples filetages 1\/4&#8243;-20, des rails OTAN et une fente pour une sangle de poignet.<\/p>\n<p>Ces points de fixation sont parfaits pour connecter la cam\u00e9ra \u00e0 divers syst\u00e8mes de support ou pour monter des accessoires tels que des bras articul\u00e9s qui servent de poign\u00e9e secondaire pour une utilisation plus confortable.<\/p>\n<p>Cet expandeur est compatible avec la poign\u00e9e d&#8217;expansion originale de DJI et la poign\u00e9e de batterie \u00e9tendue. Les syst\u00e8mes sont \u00e9galement dot\u00e9s de coussinets en silicone int\u00e9gr\u00e9s pour une protection compl\u00e8te.<\/p>\n<p>&nbsp;<\/p>\n","protected":false},"excerpt":{"rendered":"<p>L&#8217;extension de montage pour DJI Osmo Pocket 3 est l&#8217;accessoire l\u00e9ger parfait pour \u00e9tendre la capacit\u00e9 de montage de votre DJI Osmo Pocket 3. Fixez la poign\u00e9e officielle et le module d&#8217;extension \u00e0 la DJI Osmo Pocket 3 \u00e0 l&#8217;aide [&hellip;]<\/p>\n","protected":false},"featured_media":1981119,"comment_status":"closed","ping_status":"closed","template":"","meta":[],"product_cat":[2058],"product_tag":[],"acf":[],"gallery_images":[1981120,1981122,1981124,1981126,1981128,1981129],"_links":{"self":[{"href":"https:\/\/eu.tilta.com\/fr\/wp-json\/wp\/v2\/product\/1981097"}],"collection":[{"href":"https:\/\/eu.tilta.com\/fr\/wp-json\/wp\/v2\/product"}],"about":[{"href":"https:\/\/eu.tilta.com\/fr\/wp-json\/wp\/v2\/types\/product"}],"replies":[{"embeddable":true,"href":"https:\/\/eu.tilta.com\/fr\/wp-json\/wp\/v2\/comments?post=1981097"}],"wp:featuredmedia":[{"embeddable":true,"href":"https:\/\/eu.tilta.com\/fr\/wp-json\/wp\/v2\/media\/1981119"}],"wp:attachment":[{"href":"https:\/\/eu.tilta.com\/fr\/wp-json\/wp\/v2\/media?parent=1981097"}],"wp:term":[{"taxonomy":"product_cat","embeddable":true,"href":"https:\/\/eu.tilta.com\/fr\/wp-json\/wp\/v2\/product_cat?post=1981097"},{"taxonomy":"product_tag","embeddable":true,"href":"https:\/\/eu.tilta.com\/fr\/wp-json\/wp\/v2\/product_tag?post=1981097"}],"curies":[{"name":"wp","href":"https:\/\/api.w.org\/{rel}","templated":true}]}}