{"id":1981183,"date":"2024-01-23T22:35:33","date_gmt":"2024-01-23T21:35:33","guid":{"rendered":"https:\/\/de.tilta.com\/shop\/tilta-multi-functional-mini-tool-kit\/"},"modified":"2026-01-07T20:56:10","modified_gmt":"2026-01-07T19:56:10","slug":"tilta-multi-functional-mini-tool-kit-2","status":"publish","type":"product","link":"https:\/\/eu.tilta.com\/fr\/shop\/tilta-multi-functional-mini-tool-kit-2\/","title":{"rendered":"Tilta Multi-Functional Mini Tool Kit"},"content":{"rendered":"<p>Le mini kit d&#8217;outils multifonctionnel Tilta est l&#8217;outil compact parfait pour vos cages \u00e0 cam\u00e9ra et vos syst\u00e8mes de support.<\/p>\n<p>L&#8217;outil comprend six outils universels tels que des cl\u00e9s allen et des t\u00eates de tournevis pour l&#8217;assemblage et le d\u00e9sassemblage d&#8217;\u00e9quipements, ainsi que pour l&#8217;utilisation quotidienne.<\/p>\n<p>Ce kit d&#8217;outils est constitu\u00e9 d&#8217;un cadre en alliage d&#8217;aluminium et d&#8217;outils en acier alli\u00e9, ce qui garantit sa durabilit\u00e9 et sa r\u00e9sistance \u00e0 la rouille.<\/p>\n<p>L&#8217;appareil est suffisamment petit pour tenir dans la paume de votre main et dispose d&#8217;un support de sangle pratique, id\u00e9al pour une utilisation en d\u00e9placement.<\/p>\n<p>Disponible en plusieurs couleurs, il est parfait pour s&#8217;adapter \u00e0 des styles personnalis\u00e9s.<\/p>\n","protected":false},"excerpt":{"rendered":"<p>Le mini kit d&#8217;outils multifonctionnel Tilta est l&#8217;outil compact parfait pour vos cages \u00e0 cam\u00e9ra et vos syst\u00e8mes de support. L&#8217;outil comprend six outils universels tels que des cl\u00e9s allen et des t\u00eates de tournevis pour l&#8217;assemblage et le d\u00e9sassemblage [&hellip;]<\/p>\n","protected":false},"featured_media":1981202,"comment_status":"closed","ping_status":"closed","template":"","meta":[],"product_cat":[3388,1882,3291,1620,1811,1713,1621,1802,1805,1762,1799,1757,1748,1732,1706,1623,1624,1626,1629,1794,1782,1739,1631,1791,1715,2065,2066,1735,1775,1728,1635,1809,1745,1726,1636,1642,1644,1647,1652,1768,1723,1655,1773,1784,1765,1754,1788,1752,1742,1718,1710,1700,1703,1697,1663,1668,1671,1675,1679,1681,1684,1694,1687,1691,2064,1880,2063],"product_tag":[],"acf":[],"gallery_images":[1974507,1974508,1974509,1974510,1974511],"_links":{"self":[{"href":"https:\/\/eu.tilta.com\/fr\/wp-json\/wp\/v2\/product\/1981183"}],"collection":[{"href":"https:\/\/eu.tilta.com\/fr\/wp-json\/wp\/v2\/product"}],"about":[{"href":"https:\/\/eu.tilta.com\/fr\/wp-json\/wp\/v2\/types\/product"}],"replies":[{"embeddable":true,"href":"https:\/\/eu.tilta.com\/fr\/wp-json\/wp\/v2\/comments?post=1981183"}],"wp:featuredmedia":[{"embeddable":true,"href":"https:\/\/eu.tilta.com\/fr\/wp-json\/wp\/v2\/media\/1981202"}],"wp:attachment":[{"href":"https:\/\/eu.tilta.com\/fr\/wp-json\/wp\/v2\/media?parent=1981183"}],"wp:term":[{"taxonomy":"product_cat","embeddable":true,"href":"https:\/\/eu.tilta.com\/fr\/wp-json\/wp\/v2\/product_cat?post=1981183"},{"taxonomy":"product_tag","embeddable":true,"href":"https:\/\/eu.tilta.com\/fr\/wp-json\/wp\/v2\/product_tag?post=1981183"}],"curies":[{"name":"wp","href":"https:\/\/api.w.org\/{rel}","templated":true}]}}