{"id":1981306,"date":"2024-01-23T22:30:37","date_gmt":"2024-01-23T21:30:37","guid":{"rendered":"https:\/\/de.tilta.com\/shop\/tilta-mini-ball-head-mount\/"},"modified":"2026-05-07T09:08:14","modified_gmt":"2026-05-07T07:08:14","slug":"tilta-mini-ball-head-mount-2","status":"publish","type":"product","link":"https:\/\/eu.tilta.com\/fr\/shop\/tilta-mini-ball-head-mount-2\/","title":{"rendered":"Tilta Mini Ball Head Mount"},"content":{"rendered":"<p>La mini rotule est une monture compacte et r\u00e9glable permettant de fixer divers accessoires \u00e0 votre appareil photo, tels que des moniteurs externes ou des \u00e9clairages embarqu\u00e9s.<\/p>\n<p>La moiti\u00e9 sup\u00e9rieure de ce support est dot\u00e9e d&#8217;un filetage 1\/4&#8243;-20 avec une rondelle de blocage, qui supporte jusqu&#8217;\u00e0 3,3lbs \/ 1,5kg.<\/p>\n<p>L&#8217;une des options comprend une moiti\u00e9 inf\u00e9rieure avec une griffe froide, parfaite pour le montage sur des appareils photo, des cages, des poign\u00e9es ou des tr\u00e9pieds pour divers sc\u00e9narios de prise de vue.<\/p>\n<p>Les autres options comportent une vis de 1\/4&#8243;-20 avec des points de positionnement, parfaits pour emp\u00eacher la rotation et assurer une meilleure stabilit\u00e9.<\/p>\n<p>L&#8217;ouverture unilat\u00e9rale de la rotule permet des r\u00e9glages verticaux \u00e0 90\u00b0 et angulaires \u00e0 125\u00b0, ainsi qu&#8217;une rotation horizontale \u00e0 360\u00b0.<\/p>\n<p>La taille compacte de la mini rotule permet de la tenir facilement dans la paume de votre main et de la transporter lors de vos d\u00e9placements.<\/p>\n","protected":false},"excerpt":{"rendered":"<p>La mini rotule est une monture compacte et r\u00e9glable permettant de fixer divers accessoires \u00e0 votre appareil photo, tels que des moniteurs externes ou des \u00e9clairages embarqu\u00e9s. La moiti\u00e9 sup\u00e9rieure de ce support est dot\u00e9e d&#8217;un filetage 1\/4&#8243;-20 avec une [&hellip;]<\/p>\n","protected":false},"featured_media":1981307,"comment_status":"closed","ping_status":"closed","template":"","meta":[],"product_cat":[2077,2076],"product_tag":[],"acf":[],"gallery_images":[1981308,1981309,1981310,1981311,1981312],"_links":{"self":[{"href":"https:\/\/eu.tilta.com\/fr\/wp-json\/wp\/v2\/product\/1981306"}],"collection":[{"href":"https:\/\/eu.tilta.com\/fr\/wp-json\/wp\/v2\/product"}],"about":[{"href":"https:\/\/eu.tilta.com\/fr\/wp-json\/wp\/v2\/types\/product"}],"replies":[{"embeddable":true,"href":"https:\/\/eu.tilta.com\/fr\/wp-json\/wp\/v2\/comments?post=1981306"}],"wp:featuredmedia":[{"embeddable":true,"href":"https:\/\/eu.tilta.com\/fr\/wp-json\/wp\/v2\/media\/1981307"}],"wp:attachment":[{"href":"https:\/\/eu.tilta.com\/fr\/wp-json\/wp\/v2\/media?parent=1981306"}],"wp:term":[{"taxonomy":"product_cat","embeddable":true,"href":"https:\/\/eu.tilta.com\/fr\/wp-json\/wp\/v2\/product_cat?post=1981306"},{"taxonomy":"product_tag","embeddable":true,"href":"https:\/\/eu.tilta.com\/fr\/wp-json\/wp\/v2\/product_tag?post=1981306"}],"curies":[{"name":"wp","href":"https:\/\/api.w.org\/{rel}","templated":true}]}}