{"id":1981413,"date":"2024-01-10T15:15:47","date_gmt":"2024-01-10T14:15:47","guid":{"rendered":"https:\/\/de.tilta.com\/shop\/cage-de-camera-pour-bmcc-6k-advanced-kit-noir\/"},"modified":"2025-12-05T12:35:34","modified_gmt":"2025-12-05T11:35:34","slug":"camera-cage-for-bmcc-6k-advanced-kit-black","status":"publish","type":"product","link":"https:\/\/eu.tilta.com\/fr\/shop\/camera-cage-for-bmcc-6k-advanced-kit-black\/","title":{"rendered":"Cage de cam\u00e9ra pour BMCC 6K Advanced Kit &#8211; Noir"},"content":{"rendered":"<p><em>Voici le nouveau kit de cage de cam\u00e9ra avanc\u00e9e pour la Blackmagic Cinema Camera 6K !<\/em><\/p>\n<p>La base de cette cage de cam\u00e9ra pour la BMCC 6K (Full Frame) fournit une armure de protection pour le corps de la cam\u00e9ra et permet aux utilisateurs de fixer diff\u00e9rents accessoires pour am\u00e9liorer la fonctionnalit\u00e9 de la cam\u00e9ra.<\/p>\n<p>Cette version actualis\u00e9e pr\u00e9sente une plaque sup\u00e9rieure qui s&#8217;aligne parfaitement sur le filetage 1\/4\u2033-20 situ\u00e9 sur le dessus du bo\u00eetier de l&#8217;appareil photo Full Frame, tout en pr\u00e9sentant une connexion \u00e0 deux vis sur la partie inf\u00e9rieure, ce qui cr\u00e9e trois points de contact incroyablement s\u00fbrs.<\/p>\n<p>La cage compl\u00e8te offre plusieurs filetages 1\/4&#8243;-20 avec des goupilles de positionnement, des r\u00e9cepteurs de sabot froid, une rosette compatible Arri et un rail NATO, tout en \u00e9tant remarquablement modulaire, puisque le module du bras lat\u00e9ral droit peut \u00eatre retir\u00e9 pour devenir une demi-cage ou un L-Bracket.<\/p>\n<p>La plaque inf\u00e9rieure fournit plusieurs points de montage 1\/4\u2033-20 pour fixer votre cam\u00e9ra \u00e0 divers plateaux \u00e0 d\u00e9gagement rapide et est compatible avec le r\u00e9cepteur ARCA du DJI RS3 Pro.<\/p>\n<p>Lorsque vous utilisez la demi-cage, la plaque inf\u00e9rieure peut \u00eatre \u00e9tendue pour supporter la poign\u00e9e de batterie Black Magic Design et comprend un support de canne \u00e0 p\u00eache de 15 mm pour utiliser les accessoires \u00e0 base de canne \u00e0 p\u00eache dans l&#8217;alignement correct du LWS avec la poign\u00e9e de batterie.<\/p>\n<p>Lorsque vous n&#8217;utilisez pas la poign\u00e9e de batterie, la plaque de base LWS Type VI de 15 m incluse peut \u00eatre mont\u00e9e sur la cage, ce qui ajoute un support de tige de 15 mm et permet aux utilisateurs de monter des accessoires \u00e0 tige tels que des matte boxes et des syst\u00e8mes de suivi de la mise au point.<\/p>\n<p>La partie inf\u00e9rieure de cette plaque de base se connecte \u00e0 nos queues d&#8217;aronde Tilta et supporte diverses plaques de fixation rapide via des filetages 1\/4\u2033-20 et 3\/8\u2033-16.<\/p>\n<p>Le kit avanc\u00e9 comprend une poign\u00e9e d&#8217;alimentation avanc\u00e9e<strong>(batterie non incluse<\/strong>) qui se monte sur le c\u00f4t\u00e9 gauche de la cage via un rail NATO et dispose d&#8217;un port micro DC 12 V (3,5\/1,35 mm) et d&#8217;un port USB-C 8 V pour alimenter l&#8217;appareil photo ou d&#8217;autres accessoires.<\/p>\n<p>La poign\u00e9e est \u00e9galement capable de contr\u00f4ler le Run Stop sur la BMCC 6K via un c\u00e2ble Run Stop inclus, tandis que la rotation de la poign\u00e9e permet une utilisation flexible lors des prises de vue \u00e0 main lev\u00e9e.<\/p>\n<p>Ce kit comprend la poign\u00e9e sup\u00e9rieure Xeno, qui se monte sur la cage \u00e0 l&#8217;aide d&#8217;une vis 1\/4\u2033-20 avec des goupilles de positionnement et dispose d&#8217;une poign\u00e9e rembourr\u00e9e en silicone, ce qui rend la manipulation plus confortable tout en offrant de nombreux points de montage pour des accessoires suppl\u00e9mentaires tels qu&#8217;un r\u00e9cepteur de chaussure froide, des filetages 1\/4\u2033-20 et 3\/8\u2033-16.<\/p>\n<p>L&#8217;adaptateur HDMI \u00e0 90 degr\u00e9s inclus se fixe \u00e0 la cage pr\u00e8s du port HDMI, ce qui offre une connexion s\u00e9curis\u00e9e qui limite l&#8217;usure du port.<\/p>\n<p>Le kit comprend \u00e9galement un support de disque SSD qui se monte \u00e0 l&#8217;aide d&#8217;une vis 1\/4\u2033-20 avec une goupille de positionnement, et permet aux utilisateurs de serrer un disque SSD Samsung T5 pour l&#8217;enregistrement externe.<\/p>\n<p><b>Le viseur BMD n&#8217;est pas compl\u00e8tement d\u00e9gag\u00e9 de la plaque sup\u00e9rieure de la cage. Soyez prudent afin d&#8217;\u00e9viter d&#8217;endommager le viseur.  <\/b><\/p>\n","protected":false},"excerpt":{"rendered":"<p>Voici le nouveau kit de cage de cam\u00e9ra avanc\u00e9e pour la Blackmagic Cinema Camera 6K ! La base de cette cage de cam\u00e9ra pour la BMCC 6K (Full Frame) fournit une armure de protection pour le corps de la cam\u00e9ra [&hellip;]<\/p>\n","protected":false},"featured_media":1981424,"comment_status":"closed","ping_status":"closed","template":"","meta":[],"product_cat":[1811],"product_tag":[],"acf":[],"gallery_images":[1956563,1956562,1956568,1956569,1956567],"_links":{"self":[{"href":"https:\/\/eu.tilta.com\/fr\/wp-json\/wp\/v2\/product\/1981413"}],"collection":[{"href":"https:\/\/eu.tilta.com\/fr\/wp-json\/wp\/v2\/product"}],"about":[{"href":"https:\/\/eu.tilta.com\/fr\/wp-json\/wp\/v2\/types\/product"}],"replies":[{"embeddable":true,"href":"https:\/\/eu.tilta.com\/fr\/wp-json\/wp\/v2\/comments?post=1981413"}],"wp:featuredmedia":[{"embeddable":true,"href":"https:\/\/eu.tilta.com\/fr\/wp-json\/wp\/v2\/media\/1981424"}],"wp:attachment":[{"href":"https:\/\/eu.tilta.com\/fr\/wp-json\/wp\/v2\/media?parent=1981413"}],"wp:term":[{"taxonomy":"product_cat","embeddable":true,"href":"https:\/\/eu.tilta.com\/fr\/wp-json\/wp\/v2\/product_cat?post=1981413"},{"taxonomy":"product_tag","embeddable":true,"href":"https:\/\/eu.tilta.com\/fr\/wp-json\/wp\/v2\/product_tag?post=1981413"}],"curies":[{"name":"wp","href":"https:\/\/api.w.org\/{rel}","templated":true}]}}