{"id":1981534,"date":"2024-01-16T15:11:08","date_gmt":"2024-01-16T14:11:08","guid":{"rendered":"https:\/\/de.tilta.com\/shop\/support-dobjectif-a-monture-pl-pour-sony-fx3-fx30-v2\/"},"modified":"2026-02-16T09:02:46","modified_gmt":"2026-02-16T08:02:46","slug":"pl-mount-lens-support-for-sony-fx3-fx30-v2","status":"publish","type":"product","link":"https:\/\/eu.tilta.com\/fr\/shop\/pl-mount-lens-support-for-sony-fx3-fx30-v2\/","title":{"rendered":"Support d&#8217;objectif \u00e0 monture PL pour Sony FX3\/FX30 V2"},"content":{"rendered":"<p>Ce support d&#8217;objectif \u00e0 monture PL pour Sony FX3\/FX30 V2 est l&#8217;option parfaite pour supporter diff\u00e9rentes marques d&#8217;adaptateurs d&#8217;objectif \u00e0 monture E vers PL lors de l&#8217;utilisation de notre cage de cam\u00e9ra compl\u00e8te.<\/p>\n<p>Cet adaptateur se monte \u00e0 la fois sur la cage et sur les adaptateurs d&#8217;objectif compatibles \u00e0 l&#8217;aide de deux vis, ce qui cr\u00e9e une connexion incroyablement s\u00fbre et limite consid\u00e9rablement les possibilit\u00e9s de rotation involontaire.<\/p>\n<p>Pesant seulement 17,5 grammes, cet accessoire n&#8217;ajoutera pratiquement aucun poids suppl\u00e9mentaire aux appareils photo des utilisateurs.<\/p>\n<p>Cet adaptateur est compatible avec les adaptateurs suivants :<\/p>\n<p>Metabones Adaptateur d&#8217;objectif pour monture PL-E<br \/>\nDZO Film Octopus Lens Adapter PL to E<br \/>\nAdaptateur d&#8217;objectif Meike pour objectif \u00e0 monture PL vers monture Sony E-M<br \/>\nMOFAGE POCO Adaptateur de filtre pour monture E pour objectifs PL<\/p>\n<p><strong>Cet adaptateur est compatible avec d&#8217;autres marques d&#8217;adaptateurs d&#8217;objectifs, mais la compatibilit\u00e9 en dehors de ces adaptateurs n&#8217;est pas garantie.  <\/strong><\/p>\n","protected":false},"excerpt":{"rendered":"<p>Ce support d&#8217;objectif \u00e0 monture PL pour Sony FX3\/FX30 V2 est l&#8217;option parfaite pour supporter diff\u00e9rentes marques d&#8217;adaptateurs d&#8217;objectif \u00e0 monture E vers PL lors de l&#8217;utilisation de notre cage de cam\u00e9ra compl\u00e8te. Cet adaptateur se monte \u00e0 la fois [&hellip;]<\/p>\n","protected":false},"featured_media":1981580,"comment_status":"closed","ping_status":"closed","template":"","meta":[],"product_cat":[4448,1703,2090],"product_tag":[],"acf":[],"gallery_images":[1981582,1981584,1981586],"_links":{"self":[{"href":"https:\/\/eu.tilta.com\/fr\/wp-json\/wp\/v2\/product\/1981534"}],"collection":[{"href":"https:\/\/eu.tilta.com\/fr\/wp-json\/wp\/v2\/product"}],"about":[{"href":"https:\/\/eu.tilta.com\/fr\/wp-json\/wp\/v2\/types\/product"}],"replies":[{"embeddable":true,"href":"https:\/\/eu.tilta.com\/fr\/wp-json\/wp\/v2\/comments?post=1981534"}],"wp:featuredmedia":[{"embeddable":true,"href":"https:\/\/eu.tilta.com\/fr\/wp-json\/wp\/v2\/media\/1981580"}],"wp:attachment":[{"href":"https:\/\/eu.tilta.com\/fr\/wp-json\/wp\/v2\/media?parent=1981534"}],"wp:term":[{"taxonomy":"product_cat","embeddable":true,"href":"https:\/\/eu.tilta.com\/fr\/wp-json\/wp\/v2\/product_cat?post=1981534"},{"taxonomy":"product_tag","embeddable":true,"href":"https:\/\/eu.tilta.com\/fr\/wp-json\/wp\/v2\/product_tag?post=1981534"}],"curies":[{"name":"wp","href":"https:\/\/api.w.org\/{rel}","templated":true}]}}