{"id":1981553,"date":"2024-01-10T15:26:12","date_gmt":"2024-01-10T14:26:12","guid":{"rendered":"https:\/\/de.tilta.com\/shop\/cage-de-camera-pour-bmcc-6k-basic-kit-noir\/"},"modified":"2025-12-05T12:35:38","modified_gmt":"2025-12-05T11:35:38","slug":"camera-cage-for-bmcc-6k-basic-kit-black","status":"publish","type":"product","link":"https:\/\/eu.tilta.com\/fr\/shop\/camera-cage-for-bmcc-6k-basic-kit-black\/","title":{"rendered":"Cage de cam\u00e9ra pour BMCC 6K Basic Kit &#8211; Noir"},"content":{"rendered":"<p><em>Voici le nouveau kit de cage de base pour la Blackmagic Cinema Camera 6K !<\/em><\/p>\n<p>La base de cette cage de cam\u00e9ra pour la BMCC 6K (Full Frame) fournit une armure de protection pour le corps de la cam\u00e9ra et permet aux utilisateurs de fixer diff\u00e9rents accessoires pour am\u00e9liorer la fonctionnalit\u00e9 de la cam\u00e9ra.<\/p>\n<p>Cette version mise \u00e0 jour comporte une plaque sup\u00e9rieure qui s&#8217;aligne parfaitement avec le filetage 1\/4\u2033-20 sur le dessus du bo\u00eetier de l&#8217;appareil photo Full Frame qui n&#8217;est actuellement pas compatible avec la version pr\u00e9c\u00e9dente de cette cage.<\/p>\n<p>Le nouveau design comporte \u00e9galement deux vis pour relier la cage \u00e0 la base de l&#8217;appareil photo, ce qui cr\u00e9e trois points de contact incroyablement s\u00fbrs.<\/p>\n<p>La cage compl\u00e8te offre plusieurs filetages 1\/4&#8243;-20 avec des points de rep\u00e9rage, des r\u00e9cepteurs de sabot froid, une rosette compatible Arri et un rail OTAN pour les poign\u00e9es lat\u00e9rales et les accessoires bas\u00e9s sur l&#8217;OTAN.<\/p>\n<p>Le module de bras lat\u00e9ral droit peut \u00eatre retir\u00e9 pour transformer cette cage compl\u00e8te en demi-cage, ce qui offre plus de flexibilit\u00e9 dans les situations o\u00f9 des constructions plus l\u00e9g\u00e8res sont n\u00e9cessaires, comme lors de l&#8217;utilisation d&#8217;un gimbal.<\/p>\n<p>La plaque inf\u00e9rieure fournit plusieurs points de montage 1\/4\u2033-20 pour fixer votre cam\u00e9ra \u00e0 divers plateaux \u00e0 d\u00e9gagement rapide et est compatible avec le r\u00e9cepteur ARCA du DJI RS3 Pro.<\/p>\n<p>Lorsque vous utilisez la demi-cage, la plaque inf\u00e9rieure peut \u00eatre \u00e9tendue pour supporter la poign\u00e9e de batterie Black Magic Design et comprend un support de canne \u00e0 p\u00eache de 15 mm pour utiliser les accessoires \u00e0 base de canne \u00e0 p\u00eache dans l&#8217;alignement correct du LWS avec la poign\u00e9e de batterie.<\/p>\n<p>Le kit de base comprend la poign\u00e9e sup\u00e9rieure Xeno qui se monte sur la cage \u00e0 l&#8217;aide d&#8217;une vis 1\/4\u2033-20 et de goupilles de positionnement.<\/p>\n<p>La poign\u00e9e est dot\u00e9e d&#8217;un rembourrage en silicone, ce qui rend la manipulation plus confortable, tout en offrant de nombreux points de montage pour des accessoires suppl\u00e9mentaires tels qu&#8217;un r\u00e9cepteur \u00e0 sabot froid, des filetages 1\/4\u2033-20 et 3\/8\u2033-16.<\/p>\n<p>L&#8217;adaptateur HDMI \u00e0 90 degr\u00e9s inclus se fixe \u00e0 la cage pr\u00e8s du port HDMI, ce qui offre une connexion s\u00e9curis\u00e9e qui limite l&#8217;usure du port.<\/p>\n<p>Le kit comprend \u00e9galement un support de disque SSD qui se monte \u00e0 l&#8217;aide d&#8217;une vis 1\/4\u2033-20 avec une goupille de positionnement, et permet aux utilisateurs de serrer un disque SSD Samsung T5 pour l&#8217;enregistrement externe.<\/p>\n<p><b>Le viseur BMD n&#8217;est pas compl\u00e8tement d\u00e9gag\u00e9 de la plaque sup\u00e9rieure de la cage. Soyez prudent afin d&#8217;\u00e9viter d&#8217;endommager le viseur.  <\/b><\/p>\n","protected":false},"excerpt":{"rendered":"<p>Voici le nouveau kit de cage de base pour la Blackmagic Cinema Camera 6K ! La base de cette cage de cam\u00e9ra pour la BMCC 6K (Full Frame) fournit une armure de protection pour le corps de la cam\u00e9ra et [&hellip;]<\/p>\n","protected":false},"featured_media":1981571,"comment_status":"closed","ping_status":"closed","template":"","meta":[],"product_cat":[1811],"product_tag":[],"acf":[],"gallery_images":[1956566,1956565,1956568,1956569,1956567],"_links":{"self":[{"href":"https:\/\/eu.tilta.com\/fr\/wp-json\/wp\/v2\/product\/1981553"}],"collection":[{"href":"https:\/\/eu.tilta.com\/fr\/wp-json\/wp\/v2\/product"}],"about":[{"href":"https:\/\/eu.tilta.com\/fr\/wp-json\/wp\/v2\/types\/product"}],"replies":[{"embeddable":true,"href":"https:\/\/eu.tilta.com\/fr\/wp-json\/wp\/v2\/comments?post=1981553"}],"wp:featuredmedia":[{"embeddable":true,"href":"https:\/\/eu.tilta.com\/fr\/wp-json\/wp\/v2\/media\/1981571"}],"wp:attachment":[{"href":"https:\/\/eu.tilta.com\/fr\/wp-json\/wp\/v2\/media?parent=1981553"}],"wp:term":[{"taxonomy":"product_cat","embeddable":true,"href":"https:\/\/eu.tilta.com\/fr\/wp-json\/wp\/v2\/product_cat?post=1981553"},{"taxonomy":"product_tag","embeddable":true,"href":"https:\/\/eu.tilta.com\/fr\/wp-json\/wp\/v2\/product_tag?post=1981553"}],"curies":[{"name":"wp","href":"https:\/\/api.w.org\/{rel}","templated":true}]}}