{"id":1981564,"date":"2024-01-10T15:00:09","date_gmt":"2024-01-10T14:00:09","guid":{"rendered":"https:\/\/de.tilta.com\/shop\/adaptateur-entre-le-volant-nucleus-nano-ii-et-le-controleur-dji-ronin\/"},"modified":"2026-01-15T05:04:15","modified_gmt":"2026-01-15T04:04:15","slug":"nucleus-nano-ii-hand-wheel-to-dji-ronin-control-adapter","status":"publish","type":"product","link":"https:\/\/eu.tilta.com\/fr\/shop\/nucleus-nano-ii-hand-wheel-to-dji-ronin-control-adapter\/","title":{"rendered":"Adaptateur entre le volant Nucleus Nano II et le contr\u00f4leur DJI Ronin"},"content":{"rendered":"<div class=\"overview-text\">\n<p>L&#8217;adaptateur entre le volant Nucleus Nano II et le contr\u00f4leur DJI Ronin est l&#8217;option parfaite pour contr\u00f4ler le moteur DJI Focus \u00e0 l&#8217;aide du volant Nano II.<\/p>\n<p>Cet adaptateur se monte de chaque c\u00f4t\u00e9 des points de montage sur rail OTAN du RS2 ou du RS3 Pro et utilise deux vis pour une connexion s\u00e9curis\u00e9e.<\/p>\n<p>L&#8217;adaptateur comporte deux jeux de broches de contact pour le volant Nano II, ce qui permet aux utilisateurs de monter l&#8217;unit\u00e9 \u00e0 diff\u00e9rentes hauteurs en fonction de leurs pr\u00e9f\u00e9rences ou des restrictions d&#8217;espace avec le moteur de la casserole.<\/p>\n<p>Le volant se monte sur l&#8217;adaptateur par l&#8217;interm\u00e9diaire de sa pince NATO interne et peut \u00eatre aliment\u00e9 par le corps de la rotule tout en \u00e9tant capable de contr\u00f4ler le moteur.<\/p>\n<\/div>\n","protected":false},"excerpt":{"rendered":"<p>L&#8217;adaptateur entre le volant Nucleus Nano II et le contr\u00f4leur DJI Ronin est l&#8217;option parfaite pour contr\u00f4ler le moteur DJI Focus \u00e0 l&#8217;aide du volant Nano II. Cet adaptateur se monte de chaque c\u00f4t\u00e9 des points de montage sur rail [&hellip;]<\/p>\n","protected":false},"featured_media":1981592,"comment_status":"closed","ping_status":"closed","template":"","meta":[],"product_cat":[1780],"product_tag":[],"acf":[],"gallery_images":[1981593,1981594,1981596],"_links":{"self":[{"href":"https:\/\/eu.tilta.com\/fr\/wp-json\/wp\/v2\/product\/1981564"}],"collection":[{"href":"https:\/\/eu.tilta.com\/fr\/wp-json\/wp\/v2\/product"}],"about":[{"href":"https:\/\/eu.tilta.com\/fr\/wp-json\/wp\/v2\/types\/product"}],"replies":[{"embeddable":true,"href":"https:\/\/eu.tilta.com\/fr\/wp-json\/wp\/v2\/comments?post=1981564"}],"wp:featuredmedia":[{"embeddable":true,"href":"https:\/\/eu.tilta.com\/fr\/wp-json\/wp\/v2\/media\/1981592"}],"wp:attachment":[{"href":"https:\/\/eu.tilta.com\/fr\/wp-json\/wp\/v2\/media?parent=1981564"}],"wp:term":[{"taxonomy":"product_cat","embeddable":true,"href":"https:\/\/eu.tilta.com\/fr\/wp-json\/wp\/v2\/product_cat?post=1981564"},{"taxonomy":"product_tag","embeddable":true,"href":"https:\/\/eu.tilta.com\/fr\/wp-json\/wp\/v2\/product_tag?post=1981564"}],"curies":[{"name":"wp","href":"https:\/\/api.w.org\/{rel}","templated":true}]}}