{"id":1981641,"date":"2024-01-17T19:00:19","date_gmt":"2024-01-17T18:00:19","guid":{"rendered":"https:\/\/de.tilta.com\/shop\/tilta-15mm-rod-holder-to-nato-rail-attachment-noir\/"},"modified":"2025-12-05T12:35:41","modified_gmt":"2025-12-05T11:35:41","slug":"tilta-15mm-rod-holder-to-nato-rail-attachment-black-2","status":"publish","type":"product","link":"https:\/\/eu.tilta.com\/fr\/shop\/tilta-15mm-rod-holder-to-nato-rail-attachment-black-2\/","title":{"rendered":"Tilta 15mm Rod Holder to NATO Rail Attachment &#8211; Noir"},"content":{"rendered":"<p>Cet adaptateur entre le support de canne 15 mm et le rail OTAN est l&#8217;option parfaite pour monter des accessoires OTAN sur des cannes 15 mm.<\/p>\n<p>Cet adaptateur est dot\u00e9 d&#8217;un rail NATO unidirectionnel int\u00e9gr\u00e9 et d&#8217;une goupille de s\u00e9curit\u00e9 d&#8217;un c\u00f4t\u00e9 pour plus de s\u00e9curit\u00e9.<\/p>\n<p>Il peut \u00eatre utilis\u00e9 pour monter le volant Nucleus Nano II sur une tige de 15 mm, ce qui imite la position d&#8217;une mise au point m\u00e9canique.<\/p>\n<p>Les filetages 1\/4&#8243;-20 avec points de fixation de cet accessoire peuvent \u00e9galement \u00eatre utilis\u00e9s pour monter des bras articul\u00e9s et d&#8217;autres accessoires.<\/p>\n<p>La vis \u00e0 bascule peut pivoter sur 360\u00b0 et se r\u00e9ajuster rapidement pour une installation s\u00fbre et un montage ou d\u00e9montage rapide.<\/p>\n","protected":false},"excerpt":{"rendered":"<p>Cet adaptateur entre le support de canne 15 mm et le rail OTAN est l&#8217;option parfaite pour monter des accessoires OTAN sur des cannes 15 mm. Cet adaptateur est dot\u00e9 d&#8217;un rail NATO unidirectionnel int\u00e9gr\u00e9 et d&#8217;une goupille de s\u00e9curit\u00e9 [&hellip;]<\/p>\n","protected":false},"featured_media":1981677,"comment_status":"closed","ping_status":"closed","template":"","meta":[],"product_cat":[1780,2094,2092],"product_tag":[],"acf":[],"gallery_images":[1981678,1981679,1981680,1981682,1981683],"_links":{"self":[{"href":"https:\/\/eu.tilta.com\/fr\/wp-json\/wp\/v2\/product\/1981641"}],"collection":[{"href":"https:\/\/eu.tilta.com\/fr\/wp-json\/wp\/v2\/product"}],"about":[{"href":"https:\/\/eu.tilta.com\/fr\/wp-json\/wp\/v2\/types\/product"}],"replies":[{"embeddable":true,"href":"https:\/\/eu.tilta.com\/fr\/wp-json\/wp\/v2\/comments?post=1981641"}],"wp:featuredmedia":[{"embeddable":true,"href":"https:\/\/eu.tilta.com\/fr\/wp-json\/wp\/v2\/media\/1981677"}],"wp:attachment":[{"href":"https:\/\/eu.tilta.com\/fr\/wp-json\/wp\/v2\/media?parent=1981641"}],"wp:term":[{"taxonomy":"product_cat","embeddable":true,"href":"https:\/\/eu.tilta.com\/fr\/wp-json\/wp\/v2\/product_cat?post=1981641"},{"taxonomy":"product_tag","embeddable":true,"href":"https:\/\/eu.tilta.com\/fr\/wp-json\/wp\/v2\/product_tag?post=1981641"}],"curies":[{"name":"wp","href":"https:\/\/api.w.org\/{rel}","templated":true}]}}