{"id":1981668,"date":"2023-12-19T09:46:12","date_gmt":"2023-12-19T08:46:12","guid":{"rendered":"https:\/\/de.tilta.com\/shop\/bague-de-mise-au-point-universelle-tilta\/"},"modified":"2025-12-05T12:36:11","modified_gmt":"2025-12-05T11:36:11","slug":"tilta-universal-focus-gear-ring","status":"publish","type":"product","link":"https:\/\/eu.tilta.com\/fr\/shop\/tilta-universal-focus-gear-ring\/","title":{"rendered":"Bague de mise au point universelle Tilta"},"content":{"rendered":"<div class=\"overview-text\">\n<p>La bague de mise au point universelle est l&#8217;option universelle parfaite pour l&#8217;utilisation de syst\u00e8mes de suivi de la mise au point sans fil ou m\u00e9caniques avec des objectifs photographiques.<\/p>\n<p>Ces anneaux sont dot\u00e9s d&#8217;un anneau int\u00e9rieur textur\u00e9 qui maintient l&#8217;anneau d&#8217;engrenage fermement en place et peut \u00eatre facilement ajust\u00e9.<\/p>\n<p>Le fermoir int\u00e9gr\u00e9 est con\u00e7u pour fixer fermement la bague sur l&#8217;objectif, tandis que l&#8217;engrenage standard de 0,8 offre une rotation pr\u00e9cise et un faible niveau de bruit.<\/p>\n<p>Les diff\u00e9rentes options de couleur permettent d&#8217;ajouter de l&#8217;\u00e9clat \u00e0 vos constructions et ouvrent des options pour le codage couleur des positions de la cam\u00e9ra ou des fonctions de l&#8217;\u00e9quipement de l&#8217;objectif.<\/p>\n<\/div>\n","protected":false},"excerpt":{"rendered":"<p>La bague de mise au point universelle est l&#8217;option universelle parfaite pour l&#8217;utilisation de syst\u00e8mes de suivi de la mise au point sans fil ou m\u00e9caniques avec des objectifs photographiques. Ces anneaux sont dot\u00e9s d&#8217;un anneau int\u00e9rieur textur\u00e9 qui maintient [&hellip;]<\/p>\n","protected":false},"featured_media":1981681,"comment_status":"closed","ping_status":"closed","template":"","meta":[],"product_cat":[2100],"product_tag":[],"acf":[],"gallery_images":[1981684,1981685,1981686],"_links":{"self":[{"href":"https:\/\/eu.tilta.com\/fr\/wp-json\/wp\/v2\/product\/1981668"}],"collection":[{"href":"https:\/\/eu.tilta.com\/fr\/wp-json\/wp\/v2\/product"}],"about":[{"href":"https:\/\/eu.tilta.com\/fr\/wp-json\/wp\/v2\/types\/product"}],"replies":[{"embeddable":true,"href":"https:\/\/eu.tilta.com\/fr\/wp-json\/wp\/v2\/comments?post=1981668"}],"wp:featuredmedia":[{"embeddable":true,"href":"https:\/\/eu.tilta.com\/fr\/wp-json\/wp\/v2\/media\/1981681"}],"wp:attachment":[{"href":"https:\/\/eu.tilta.com\/fr\/wp-json\/wp\/v2\/media?parent=1981668"}],"wp:term":[{"taxonomy":"product_cat","embeddable":true,"href":"https:\/\/eu.tilta.com\/fr\/wp-json\/wp\/v2\/product_cat?post=1981668"},{"taxonomy":"product_tag","embeddable":true,"href":"https:\/\/eu.tilta.com\/fr\/wp-json\/wp\/v2\/product_tag?post=1981668"}],"curies":[{"name":"wp","href":"https:\/\/api.w.org\/{rel}","templated":true}]}}