{"id":1981824,"date":"2024-01-10T15:28:16","date_gmt":"2024-01-10T14:28:16","guid":{"rendered":"https:\/\/de.tilta.com\/shop\/cage-de-protection-pour-bmcc-6k-noir\/"},"modified":"2025-12-05T12:36:04","modified_gmt":"2025-12-05T11:36:04","slug":"full-camera-cage-for-bmcc-6k-black","status":"publish","type":"product","link":"https:\/\/eu.tilta.com\/fr\/shop\/full-camera-cage-for-bmcc-6k-black\/","title":{"rendered":"Cage de protection pour BMCC 6K &#8211; Noir"},"content":{"rendered":"<p><em>Voici la cage de cam\u00e9ra redessin\u00e9e pour la Blackmagic Cinema Camera 6K !  <\/em><\/p>\n<p>Cette cage de cam\u00e9ra pour la BMCC 6K (Full Frame) fournit une armure de protection pour le corps de la cam\u00e9ra et permet aux utilisateurs de fixer diff\u00e9rents accessoires pour am\u00e9liorer la fonctionnalit\u00e9 de la cam\u00e9ra.<\/p>\n<p>Cette version mise \u00e0 jour comporte une plaque sup\u00e9rieure qui s&#8217;aligne parfaitement avec le filetage 1\/4\u2033-20 sur le dessus du bo\u00eetier de l&#8217;appareil photo Full Frame qui n&#8217;est actuellement pas compatible avec la version pr\u00e9c\u00e9dente de cette cage.<\/p>\n<p>Le nouveau design comporte \u00e9galement deux vis pour relier la cage \u00e0 la base de l&#8217;appareil photo, ce qui cr\u00e9e trois points de contact incroyablement s\u00fbrs.<\/p>\n<p>La cage compl\u00e8te offre plusieurs filetages 1\/4&#8243;-20 avec des points de rep\u00e9rage, des r\u00e9cepteurs de sabot froid, une rosette compatible Arri et un rail OTAN pour les poign\u00e9es lat\u00e9rales et les accessoires bas\u00e9s sur l&#8217;OTAN.<\/p>\n<p>Le module de bras lat\u00e9ral droit peut \u00eatre retir\u00e9 pour transformer cette cage compl\u00e8te en demi-cage, ce qui offre plus de flexibilit\u00e9 dans les situations o\u00f9 des constructions plus l\u00e9g\u00e8res sont n\u00e9cessaires, comme lors de l&#8217;utilisation d&#8217;un gimbal.<\/p>\n<p>La plaque inf\u00e9rieure fournit plusieurs points de montage 1\/4\u2033-20 pour fixer votre cam\u00e9ra \u00e0 divers plateaux \u00e0 d\u00e9gagement rapide et est compatible avec le r\u00e9cepteur ARCA du DJI RS3 Pro.<\/p>\n<p>Lorsque vous utilisez la demi-cage, la plaque inf\u00e9rieure peut \u00eatre \u00e9tendue pour supporter la poign\u00e9e de batterie Black Magic Design.<\/p>\n<p><strong>VEUILLEZ NOTER : Le support de tige 15mm Battery Grip n&#8217;est pas inclus dans la cage de l&#8217;appareil photo.  <\/strong><\/p>\n<p><b>Le viseur BMD n&#8217;est pas compl\u00e8tement d\u00e9gag\u00e9 de la plaque sup\u00e9rieure de la cage. Soyez prudent afin d&#8217;\u00e9viter d&#8217;endommager le viseur.  <\/b><\/p>\n","protected":false},"excerpt":{"rendered":"<p>Voici la cage de cam\u00e9ra redessin\u00e9e pour la Blackmagic Cinema Camera 6K ! Cette cage de cam\u00e9ra pour la BMCC 6K (Full Frame) fournit une armure de protection pour le corps de la cam\u00e9ra et permet aux utilisateurs de fixer [&hellip;]<\/p>\n","protected":false},"featured_media":1981857,"comment_status":"closed","ping_status":"closed","template":"","meta":[],"product_cat":[1811],"product_tag":[],"acf":[],"gallery_images":[1956560,1956559,1956570,1956571,1956567],"_links":{"self":[{"href":"https:\/\/eu.tilta.com\/fr\/wp-json\/wp\/v2\/product\/1981824"}],"collection":[{"href":"https:\/\/eu.tilta.com\/fr\/wp-json\/wp\/v2\/product"}],"about":[{"href":"https:\/\/eu.tilta.com\/fr\/wp-json\/wp\/v2\/types\/product"}],"replies":[{"embeddable":true,"href":"https:\/\/eu.tilta.com\/fr\/wp-json\/wp\/v2\/comments?post=1981824"}],"wp:featuredmedia":[{"embeddable":true,"href":"https:\/\/eu.tilta.com\/fr\/wp-json\/wp\/v2\/media\/1981857"}],"wp:attachment":[{"href":"https:\/\/eu.tilta.com\/fr\/wp-json\/wp\/v2\/media?parent=1981824"}],"wp:term":[{"taxonomy":"product_cat","embeddable":true,"href":"https:\/\/eu.tilta.com\/fr\/wp-json\/wp\/v2\/product_cat?post=1981824"},{"taxonomy":"product_tag","embeddable":true,"href":"https:\/\/eu.tilta.com\/fr\/wp-json\/wp\/v2\/product_tag?post=1981824"}],"curies":[{"name":"wp","href":"https:\/\/api.w.org\/{rel}","templated":true}]}}