{"id":1981844,"date":"2023-12-14T16:05:00","date_gmt":"2023-12-14T15:05:00","guid":{"rendered":"https:\/\/de.tilta.com\/shop\/cage-pour-panasonic-g9-ii-basic-kit-noir\/"},"modified":"2025-12-05T12:36:05","modified_gmt":"2025-12-05T11:36:05","slug":"camera-cage-for-panasonic-g9-ii-basic-kit-black","status":"publish","type":"product","link":"https:\/\/eu.tilta.com\/fr\/shop\/camera-cage-for-panasonic-g9-ii-basic-kit-black\/","title":{"rendered":"Cage pour Panasonic G9 II Basic Kit &#8211; Noir"},"content":{"rendered":"<p>Am\u00e9liorez la fonctionnalit\u00e9 de votre appareil photo avec notre nouveau kit de cage sp\u00e9cialement con\u00e7u pour le Panasonic G9 II.<\/p>\n<p>La base de ce kit est la cage compl\u00e8te de l&#8217;appareil photo qui offre une protection pour le bo\u00eetier de votre appareil photo et propose diverses options pour le montage d&#8217;accessoires, y compris : Rail NATO, Cold Shoe, filetages 3\/8\u2033-16 et 1\/4&#8243;-20 avec goupilles de positionnement.<\/p>\n<p>La plaque inf\u00e9rieure est \u00e9quip\u00e9e d&#8217;une plaque inf\u00e9rieure Arca Swiss \u00e0 double direction qui peut facilement \u00eatre mont\u00e9e sur le DJI RS3 Pro ou sur la plaque de base modulaire de type I incluse.<\/p>\n<p>Cette plaque de base supporte deux tiges de 15 mm, essentielles pour le montage d&#8217;accessoires \u00e0 tige tels que les syst\u00e8mes de suivi de la mise au point et les matte boxes.<\/p>\n<p>La partie inf\u00e9rieure de cette plaque de base est compatible avec nos queues d&#8217;aronde standard Tilta et comporte \u00e9galement des filetages 1\/4\u2033-20 et 3\/8\u2033-16 pour le montage de diverses plaques de fixation rapide.<\/p>\n<p><strong>Veuillez noter<\/strong> que cette cage utilise la norme DJI pour l&#8217;ARCA et qu&#8217;elle n&#8217;est pas compatible avec tous les r\u00e9cepteurs. La compatibilit\u00e9 n&#8217;est pas garantie.<\/p>\n<p>La poign\u00e9e sup\u00e9rieure 1\/4\u2033-20 incluse am\u00e9liore la flexibilit\u00e9 de la prise de vue et de la manipulation, tout en \u00e9largissant les options de montage via des filetages 1\/4\u2033-20 et un r\u00e9cepteur de griffe froide.<\/p>\n<p>Cette poign\u00e9e se monte \u00e0 l&#8217;aide d&#8217;une seule vis 1\/4\u2033-20 avec des goupilles de positionnement assurant une connexion stable sans rotation.<\/p>\n<p>Le serre-c\u00e2ble inclus permet de s&#8217;assurer que tous les c\u00e2bles connect\u00e9s sont mont\u00e9s en toute s\u00e9curit\u00e9, ce qui est particuli\u00e8rement important lors de l&#8217;enregistrement externe.<\/p>\n<p>La maille antid\u00e9rapante unique qui entoure la poign\u00e9e de l&#8217;appareil photo offre un confort accru pour les prises de vue \u00e0 long terme.<\/p>\n<p>La conception comporte trois points de contact entre la cam\u00e9ra et la cage gr\u00e2ce \u00e0 deux points d&#8217;attache de s\u00e9curit\u00e9 situ\u00e9s de chaque c\u00f4t\u00e9.<\/p>\n<p>Le tournevis multifonctionnel int\u00e9gr\u00e9 peut \u00eatre rang\u00e9 de mani\u00e8re magn\u00e9tique pour un acc\u00e8s pratique.<\/p>\n","protected":false},"excerpt":{"rendered":"<p>Am\u00e9liorez la fonctionnalit\u00e9 de votre appareil photo avec notre nouveau kit de cage sp\u00e9cialement con\u00e7u pour le Panasonic G9 II. La base de ce kit est la cage compl\u00e8te de l&#8217;appareil photo qui offre une protection pour le bo\u00eetier de [&hellip;]<\/p>\n","protected":false},"featured_media":1981879,"comment_status":"closed","ping_status":"closed","template":"","meta":[],"product_cat":[1809],"product_tag":[],"acf":[],"gallery_images":[1955062,1955063,1955066,1955067,1955068],"_links":{"self":[{"href":"https:\/\/eu.tilta.com\/fr\/wp-json\/wp\/v2\/product\/1981844"}],"collection":[{"href":"https:\/\/eu.tilta.com\/fr\/wp-json\/wp\/v2\/product"}],"about":[{"href":"https:\/\/eu.tilta.com\/fr\/wp-json\/wp\/v2\/types\/product"}],"replies":[{"embeddable":true,"href":"https:\/\/eu.tilta.com\/fr\/wp-json\/wp\/v2\/comments?post=1981844"}],"wp:featuredmedia":[{"embeddable":true,"href":"https:\/\/eu.tilta.com\/fr\/wp-json\/wp\/v2\/media\/1981879"}],"wp:attachment":[{"href":"https:\/\/eu.tilta.com\/fr\/wp-json\/wp\/v2\/media?parent=1981844"}],"wp:term":[{"taxonomy":"product_cat","embeddable":true,"href":"https:\/\/eu.tilta.com\/fr\/wp-json\/wp\/v2\/product_cat?post=1981844"},{"taxonomy":"product_tag","embeddable":true,"href":"https:\/\/eu.tilta.com\/fr\/wp-json\/wp\/v2\/product_tag?post=1981844"}],"curies":[{"name":"wp","href":"https:\/\/api.w.org\/{rel}","templated":true}]}}