{"id":1981932,"date":"2023-12-04T16:30:50","date_gmt":"2023-12-04T15:30:50","guid":{"rendered":"https:\/\/de.tilta.com\/shop\/tilta-illusion-4x5-65-filtre-nd-a-spectre-complet\/"},"modified":"2026-01-19T16:07:22","modified_gmt":"2026-01-19T15:07:22","slug":"illusion-4x5-65-full-spectrum-nd-filter","status":"publish","type":"product","link":"https:\/\/eu.tilta.com\/fr\/shop\/illusion-4x5-65-full-spectrum-nd-filter\/","title":{"rendered":"Tilta Illusion 4&#215;5.65&#8243; Filtre ND \u00e0 spectre complet"},"content":{"rendered":"<div class=\"overview-text\">\n<p><em>Pr\u00e9sentation de la nouvelle g\u00e9n\u00e9ration de filtres pour les bo\u00eetes de matage 4\u00d75.65 &#8211; TILTA ILLUSION<\/em><\/p>\n<p>Ce filtre est le nouveau filtre 4\u00d75.65 fabriqu\u00e9 en interne et con\u00e7u pour toutes les Matte Box dot\u00e9es d&#8217;un plateau de filtre 4\u00d75.65, y compris la Mirage Matte Box.<\/p>\n<p>Ce filtre est disponible en diff\u00e9rents niveaux de densit\u00e9 neutre, ce qui permet aux utilisateurs de mieux contr\u00f4ler leur exposition.<\/p>\n<p>Cela permet aux utilisateurs de r\u00e9duire la lumi\u00e8re visible par le capteur, ce qui vous permet d&#8217;ouvrir le diaphragme lorsque vous prenez des photos dans des environnements plus lumineux, comme la lumi\u00e8re du jour.<\/p>\n<p>Les filtres ND \u00e0 spectre complet r\u00e9duisent uniform\u00e9ment toutes les longueurs d&#8217;onde de la lumi\u00e8re, y compris la lumi\u00e8re visible, les ultraviolets et les infrarouges.<\/p>\n<\/div>\n","protected":false},"excerpt":{"rendered":"<p>Pr\u00e9sentation de la nouvelle g\u00e9n\u00e9ration de filtres pour les bo\u00eetes de matage 4\u00d75.65 &#8211; TILTA ILLUSION Ce filtre est le nouveau filtre 4\u00d75.65 fabriqu\u00e9 en interne et con\u00e7u pour toutes les Matte Box dot\u00e9es d&#8217;un plateau de filtre 4\u00d75.65, y [&hellip;]<\/p>\n","protected":false},"featured_media":1982001,"comment_status":"closed","ping_status":"closed","template":"","meta":[],"product_cat":[3768,2006,2126,2008,2129,2127,2135],"product_tag":[],"acf":[],"gallery_images":[],"_links":{"self":[{"href":"https:\/\/eu.tilta.com\/fr\/wp-json\/wp\/v2\/product\/1981932"}],"collection":[{"href":"https:\/\/eu.tilta.com\/fr\/wp-json\/wp\/v2\/product"}],"about":[{"href":"https:\/\/eu.tilta.com\/fr\/wp-json\/wp\/v2\/types\/product"}],"replies":[{"embeddable":true,"href":"https:\/\/eu.tilta.com\/fr\/wp-json\/wp\/v2\/comments?post=1981932"}],"wp:featuredmedia":[{"embeddable":true,"href":"https:\/\/eu.tilta.com\/fr\/wp-json\/wp\/v2\/media\/1982001"}],"wp:attachment":[{"href":"https:\/\/eu.tilta.com\/fr\/wp-json\/wp\/v2\/media?parent=1981932"}],"wp:term":[{"taxonomy":"product_cat","embeddable":true,"href":"https:\/\/eu.tilta.com\/fr\/wp-json\/wp\/v2\/product_cat?post=1981932"},{"taxonomy":"product_tag","embeddable":true,"href":"https:\/\/eu.tilta.com\/fr\/wp-json\/wp\/v2\/product_tag?post=1981932"}],"curies":[{"name":"wp","href":"https:\/\/api.w.org\/{rel}","templated":true}]}}