{"id":1982016,"date":"2023-11-30T17:54:37","date_gmt":"2023-11-30T16:54:37","guid":{"rendered":"https:\/\/de.tilta.com\/shop\/filtre-uv-tilta-illusion-95mm-l41\/"},"modified":"2025-12-05T12:36:30","modified_gmt":"2025-12-05T11:36:30","slug":"tilta-illusion-95mm-l41-uv-filter","status":"publish","type":"product","link":"https:\/\/eu.tilta.com\/fr\/shop\/tilta-illusion-95mm-l41-uv-filter\/","title":{"rendered":"Filtre UV Tilta Illusion 95mm L41"},"content":{"rendered":"<div class=\"overview-text\">\n<p><em>Pr\u00e9sentation de la nouvelle g\u00e9n\u00e9ration de filtres 95mm pour le Mirage Matte Box &#8211; TILTA ILLUSION<\/em><\/p>\n<p>Les filtres Illusion sont la nouvelle s\u00e9rie de filtres fabriqu\u00e9s en interne et sp\u00e9cialement con\u00e7us pour le standard circulaire de 95 mm de la Mirage Matte Box.<\/p>\n<p>Ce filtre peut prot\u00e9ger contre les rayons UV du soleil et limiter les reflets des lentilles provenant de sources lumineuses directes.<\/p>\n<p>Ce filtre peut \u00e9galement \u00eatre utilis\u00e9 pour prot\u00e9ger physiquement le verre de l&#8217;objectif contre les taches, les rayures et les d\u00e9bris lors d&#8217;utilisations extr\u00eames.<\/p>\n<p>Ce filtre est id\u00e9al pour les utilisateurs qui cherchent \u00e0 prot\u00e9ger leurs objectifs, en particulier dans les situations impliquant des cascades ou des v\u00e9hicules en mouvement.<\/p>\n<\/div>\n","protected":false},"excerpt":{"rendered":"<p>Pr\u00e9sentation de la nouvelle g\u00e9n\u00e9ration de filtres 95mm pour le Mirage Matte Box &#8211; TILTA ILLUSION Les filtres Illusion sont la nouvelle s\u00e9rie de filtres fabriqu\u00e9s en interne et sp\u00e9cialement con\u00e7us pour le standard circulaire de 95 mm de la [&hellip;]<\/p>\n","protected":false},"featured_media":1982042,"comment_status":"closed","ping_status":"closed","template":"","meta":[],"product_cat":[2006,2008],"product_tag":[],"acf":[],"gallery_images":[1982043,1982044,1982045],"_links":{"self":[{"href":"https:\/\/eu.tilta.com\/fr\/wp-json\/wp\/v2\/product\/1982016"}],"collection":[{"href":"https:\/\/eu.tilta.com\/fr\/wp-json\/wp\/v2\/product"}],"about":[{"href":"https:\/\/eu.tilta.com\/fr\/wp-json\/wp\/v2\/types\/product"}],"replies":[{"embeddable":true,"href":"https:\/\/eu.tilta.com\/fr\/wp-json\/wp\/v2\/comments?post=1982016"}],"wp:featuredmedia":[{"embeddable":true,"href":"https:\/\/eu.tilta.com\/fr\/wp-json\/wp\/v2\/media\/1982042"}],"wp:attachment":[{"href":"https:\/\/eu.tilta.com\/fr\/wp-json\/wp\/v2\/media?parent=1982016"}],"wp:term":[{"taxonomy":"product_cat","embeddable":true,"href":"https:\/\/eu.tilta.com\/fr\/wp-json\/wp\/v2\/product_cat?post=1982016"},{"taxonomy":"product_tag","embeddable":true,"href":"https:\/\/eu.tilta.com\/fr\/wp-json\/wp\/v2\/product_tag?post=1982016"}],"curies":[{"name":"wp","href":"https:\/\/api.w.org\/{rel}","templated":true}]}}