{"id":1982077,"date":"2023-11-30T17:52:49","date_gmt":"2023-11-30T16:52:49","guid":{"rendered":"https:\/\/de.tilta.com\/shop\/tilta-illusion-95mm-black-mist-filter\/"},"modified":"2025-12-05T13:26:10","modified_gmt":"2025-12-05T12:26:10","slug":"tilta-illusion-95mm-black-mist-filter","status":"publish","type":"product","link":"https:\/\/eu.tilta.com\/fr\/shop\/tilta-illusion-95mm-black-mist-filter\/","title":{"rendered":"Tilta Illusion 95mm Black Mist Filter"},"content":{"rendered":"<p>Pr\u00e9sentation de la nouvelle g\u00e9n\u00e9ration de filtres 95mm pour le Mirage Matte Box &#8211; TILTA ILLUSION<\/p>\n<p>Les filtres Illusion sont la nouvelle s\u00e9rie de filtres fabriqu\u00e9s en interne et sp\u00e9cialement con\u00e7us pour le standard circulaire de 95 mm de la Mirage Matte Box.<\/p>\n<p>Ce filtre est un type de filtre de diffusion qui r\u00e9duit le contraste et produit une lueur subtile autour des sources lumineuses, tout en limitant la douceur g\u00e9n\u00e9rale et en conservant le contraste dans les ombres.<\/p>\n<p>Cela cr\u00e9e une atmosph\u00e8re visuelle douce tout en conservant la nettet\u00e9 et plus de d\u00e9tails dans les ombres qu&#8217;un filtre Mist standard.<\/p>\n<p>Ce filtre est id\u00e9al pour les utilisateurs qui recherchent un aspect diffus classique sans \u00eatre trop distrayant.<\/p>\n","protected":false},"excerpt":{"rendered":"<p>Pr\u00e9sentation de la nouvelle g\u00e9n\u00e9ration de filtres 95mm pour le Mirage Matte Box &#8211; TILTA ILLUSION Les filtres Illusion sont la nouvelle s\u00e9rie de filtres fabriqu\u00e9s en interne et sp\u00e9cialement con\u00e7us pour le standard circulaire de 95 mm de la [&hellip;]<\/p>\n","protected":false},"featured_media":1982091,"comment_status":"closed","ping_status":"closed","template":"","meta":[],"product_cat":[2006,2008],"product_tag":[],"acf":[],"gallery_images":[1982043,1982044,1982045],"_links":{"self":[{"href":"https:\/\/eu.tilta.com\/fr\/wp-json\/wp\/v2\/product\/1982077"}],"collection":[{"href":"https:\/\/eu.tilta.com\/fr\/wp-json\/wp\/v2\/product"}],"about":[{"href":"https:\/\/eu.tilta.com\/fr\/wp-json\/wp\/v2\/types\/product"}],"replies":[{"embeddable":true,"href":"https:\/\/eu.tilta.com\/fr\/wp-json\/wp\/v2\/comments?post=1982077"}],"wp:featuredmedia":[{"embeddable":true,"href":"https:\/\/eu.tilta.com\/fr\/wp-json\/wp\/v2\/media\/1982091"}],"wp:attachment":[{"href":"https:\/\/eu.tilta.com\/fr\/wp-json\/wp\/v2\/media?parent=1982077"}],"wp:term":[{"taxonomy":"product_cat","embeddable":true,"href":"https:\/\/eu.tilta.com\/fr\/wp-json\/wp\/v2\/product_cat?post=1982077"},{"taxonomy":"product_tag","embeddable":true,"href":"https:\/\/eu.tilta.com\/fr\/wp-json\/wp\/v2\/product_tag?post=1982077"}],"curies":[{"name":"wp","href":"https:\/\/api.w.org\/{rel}","templated":true}]}}