{"id":1982457,"date":"2023-11-30T17:40:08","date_gmt":"2023-11-30T16:40:08","guid":{"rendered":"https:\/\/de.tilta.com\/shop\/filtre-de-diffusion-dynamique-numerique-tilta-illusion-95mm\/"},"modified":"2025-12-14T09:18:49","modified_gmt":"2025-12-14T08:18:49","slug":"illusion-95mm-digital-dynamic-diffusion","status":"publish","type":"product","link":"https:\/\/eu.tilta.com\/fr\/shop\/illusion-95mm-digital-dynamic-diffusion\/","title":{"rendered":"Filtre de diffusion dynamique num\u00e9rique Tilta Illusion 95mm"},"content":{"rendered":"<p><em>Pr\u00e9sentation de la nouvelle g\u00e9n\u00e9ration de filtres 95mm pour le Mirage Matte Box &#8211; TILTA ILLUSION<\/em><\/p>\n<p>Les filtres Illusion sont la nouvelle s\u00e9rie de filtres fabriqu\u00e9s en interne et sp\u00e9cialement con\u00e7us pour le standard circulaire de 95 mm de la Mirage Matte Box.<\/p>\n<p>Ce filtre est un type de filtre de diffusion qui r\u00e9duit subtilement le contraste et permet d&#8217;att\u00e9nuer l&#8217;ultra nettet\u00e9 associ\u00e9e aux appareils photo num\u00e9riques modernes tout en conservant autant de d\u00e9tails que possible.<\/p>\n<p>Ce filtre permet de cr\u00e9er une atmosph\u00e8re visuelle semblable \u00e0 celle d&#8217;un film et des tons de peau plus flatteurs sans provoquer d&#8217;\u00e9clatement excessif des hautes lumi\u00e8res.<\/p>\n<p>Compar\u00e9 au filtre de diffusion num\u00e9rique standard, ce filtre donne plus de nettet\u00e9 tout en conservant certains \u00e9l\u00e9ments subtils des filtres de diffusion plus prononc\u00e9s.<\/p>\n","protected":false},"excerpt":{"rendered":"<p>Pr\u00e9sentation de la nouvelle g\u00e9n\u00e9ration de filtres 95mm pour le Mirage Matte Box &#8211; TILTA ILLUSION Les filtres Illusion sont la nouvelle s\u00e9rie de filtres fabriqu\u00e9s en interne et sp\u00e9cialement con\u00e7us pour le standard circulaire de 95 mm de la [&hellip;]<\/p>\n","protected":false},"featured_media":1982479,"comment_status":"closed","ping_status":"closed","template":"","meta":[],"product_cat":[2006,2008],"product_tag":[],"acf":[],"gallery_images":[1982043,1982044,1982045],"_links":{"self":[{"href":"https:\/\/eu.tilta.com\/fr\/wp-json\/wp\/v2\/product\/1982457"}],"collection":[{"href":"https:\/\/eu.tilta.com\/fr\/wp-json\/wp\/v2\/product"}],"about":[{"href":"https:\/\/eu.tilta.com\/fr\/wp-json\/wp\/v2\/types\/product"}],"replies":[{"embeddable":true,"href":"https:\/\/eu.tilta.com\/fr\/wp-json\/wp\/v2\/comments?post=1982457"}],"wp:featuredmedia":[{"embeddable":true,"href":"https:\/\/eu.tilta.com\/fr\/wp-json\/wp\/v2\/media\/1982479"}],"wp:attachment":[{"href":"https:\/\/eu.tilta.com\/fr\/wp-json\/wp\/v2\/media?parent=1982457"}],"wp:term":[{"taxonomy":"product_cat","embeddable":true,"href":"https:\/\/eu.tilta.com\/fr\/wp-json\/wp\/v2\/product_cat?post=1982457"},{"taxonomy":"product_tag","embeddable":true,"href":"https:\/\/eu.tilta.com\/fr\/wp-json\/wp\/v2\/product_tag?post=1982457"}],"curies":[{"name":"wp","href":"https:\/\/api.w.org\/{rel}","templated":true}]}}