{"id":1982790,"date":"2023-11-14T12:02:52","date_gmt":"2023-11-14T11:02:52","guid":{"rendered":"https:\/\/de.tilta.com\/shop\/poignee-de-controle-nucleus-nano-ii\/"},"modified":"2026-05-07T15:27:46","modified_gmt":"2026-05-07T13:27:46","slug":"nucleus-nano-ii-control-handle","status":"publish","type":"product","link":"https:\/\/eu.tilta.com\/fr\/shop\/nucleus-nano-ii-control-handle\/","title":{"rendered":"Poign\u00e9e de contr\u00f4le Nucleus Nano II"},"content":{"rendered":"<p><em>Voici la poign\u00e9e de contr\u00f4le Nucleus Nano II !  <\/em><\/p>\n<p>Faites l&#8217;exp\u00e9rience d&#8217;une flexibilit\u00e9 in\u00e9gal\u00e9e gr\u00e2ce \u00e0 la capacit\u00e9 du Nano II \u00e0 g\u00e9rer jusqu&#8217;\u00e0 4 moteurs pour la mise au point, l&#8217;iris, le zoom et le Mirage VND lorsque vous utilisez cette poign\u00e9e de contr\u00f4le et la molette !<\/p>\n<p>Cette poign\u00e9e est aliment\u00e9e par une batterie Sony de la s\u00e9rie L (F550\/570) et peut envoyer de l&#8217;\u00e9nergie au volant Nucleus Nano II pour prolonger la dur\u00e9e de vie de la batterie.<\/p>\n<p>La poign\u00e9e de contr\u00f4le comporte une molette de mise au point \u00e0 l&#8217;avant qui peut \u00eatre utilis\u00e9e pour contr\u00f4ler les moteurs de la s\u00e9rie Nucleus et m\u00eame le moteur de mise au point DJI (n\u00e9cessite un <a href=\"https:\/\/de.tilta.com\/shop\/wireless-control-receiver-module-for-rs-2\/\">module de r\u00e9ception sans fil<\/a> en option).<\/p>\n<p>Ce <a href=\"https:\/\/de.tilta.com\/shop\/wireless-control-receiver-module-for-rs-2\/\">module de r\u00e9ception sans fil<\/a> <strong>(non inclus)<\/strong> peut \u00e9galement \u00eatre utilis\u00e9 pour connecter cette poign\u00e9e au DJI RS2 ou RS3 Pro afin de le faire fonctionner sans fil.<\/p>\n<p>La poign\u00e9e peut \u00eatre utilis\u00e9e ind\u00e9pendamment du volant Nano II et peut contr\u00f4ler deux moteurs Nucleus Series via la molette de mise au point et le joystick, lorsqu&#8217;elle ne contr\u00f4le pas un gimbal.<\/p>\n<p>La poign\u00e9e est dot\u00e9e d&#8217;un filetage 1\/4\u2033-20 avec des points de positionnement, parfaits pour monter notre <a href=\"https:\/\/de.tilta.com\/shop\/tilta-right-angle-rosette-adapter-to-1-4-20-with-locating-pins-black\/\">adaptateur de rosette \u00e0 angle droit<\/a> afin d&#8217;int\u00e9grer facilement cette poign\u00e9e dans une configuration d&#8217;\u00e9quipement d&#8217;\u00e9paule.<\/p>\n<p>La partie sup\u00e9rieure de la poign\u00e9e est \u00e9galement \u00e9quip\u00e9e d&#8217;un r\u00e9cepteur de chaussure froide, qui peut \u00eatre utilis\u00e9 avec notre montage optionnel de chaussure froide pour un moniteur externe afin de cr\u00e9er une station de mise au point parfaite lorsqu&#8217;elle est utilis\u00e9e avec la roue \u00e0 main.<\/p>\n<p><strong>REMARQUE : Le support OTAN est uniquement destin\u00e9 au volant Nano II. Ne connectez pas d&#8217;autres accessoires par l&#8217;interm\u00e9diaire de cette monture OTAN, car vous risqueriez d&#8217;endommager les broches de contact. <\/strong><\/p>\n<p><strong>Nous vous recommandons d&#8217;utiliser uniquement des piles Sony s\u00e9rie L F550. La compatibilit\u00e9 avec d&#8217;autres marques n&#8217;est pas garantie. <\/strong><\/p>\n","protected":false},"excerpt":{"rendered":"<p>Voici la poign\u00e9e de contr\u00f4le Nucleus Nano II ! Faites l&#8217;exp\u00e9rience d&#8217;une flexibilit\u00e9 in\u00e9gal\u00e9e gr\u00e2ce \u00e0 la capacit\u00e9 du Nano II \u00e0 g\u00e9rer jusqu&#8217;\u00e0 4 moteurs pour la mise au point, l&#8217;iris, le zoom et le Mirage VND lorsque vous [&hellip;]<\/p>\n","protected":false},"featured_media":1982808,"comment_status":"closed","ping_status":"closed","template":"","meta":[],"product_cat":[1780],"product_tag":[],"acf":[],"gallery_images":[1982808,1982809,1982810,1982811,1982812,1982813,1982815,1978533,1978530,1978527],"_links":{"self":[{"href":"https:\/\/eu.tilta.com\/fr\/wp-json\/wp\/v2\/product\/1982790"}],"collection":[{"href":"https:\/\/eu.tilta.com\/fr\/wp-json\/wp\/v2\/product"}],"about":[{"href":"https:\/\/eu.tilta.com\/fr\/wp-json\/wp\/v2\/types\/product"}],"replies":[{"embeddable":true,"href":"https:\/\/eu.tilta.com\/fr\/wp-json\/wp\/v2\/comments?post=1982790"}],"wp:featuredmedia":[{"embeddable":true,"href":"https:\/\/eu.tilta.com\/fr\/wp-json\/wp\/v2\/media\/1982808"}],"wp:attachment":[{"href":"https:\/\/eu.tilta.com\/fr\/wp-json\/wp\/v2\/media?parent=1982790"}],"wp:term":[{"taxonomy":"product_cat","embeddable":true,"href":"https:\/\/eu.tilta.com\/fr\/wp-json\/wp\/v2\/product_cat?post=1982790"},{"taxonomy":"product_tag","embeddable":true,"href":"https:\/\/eu.tilta.com\/fr\/wp-json\/wp\/v2\/product_tag?post=1982790"}],"curies":[{"name":"wp","href":"https:\/\/api.w.org\/{rel}","templated":true}]}}