{"id":1982842,"date":"2023-11-13T16:17:43","date_gmt":"2023-11-13T15:17:43","guid":{"rendered":"https:\/\/de.tilta.com\/shop\/tilta-adaptateur-de-rosette-a-angle-droit-pour-1-4-20-avec-goupilles-de-positionnement-noir\/"},"modified":"2026-05-07T15:27:42","modified_gmt":"2026-05-07T13:27:42","slug":"tilta-right-angle-rosette-adapter-to-1-4-20-with-locating-pins-black","status":"publish","type":"product","link":"https:\/\/eu.tilta.com\/fr\/shop\/tilta-right-angle-rosette-adapter-to-1-4-20-with-locating-pins-black\/","title":{"rendered":"Tilta Adaptateur de rosette \u00e0 angle droit pour 1\/4&#8243;-20 avec goupilles de positionnement &#8211; Noir"},"content":{"rendered":"<div class=\"overview-text\">\n<p>L&#8217;adaptateur de rosette \u00e0 angle droit pour 1\/4\u2033-20 avec goupilles de positionnement est une option flexible pour le montage de divers accessoires via deux normes universelles.<\/p>\n<p>Cet accessoire comporte une rosette Arri Standard d&#8217;un c\u00f4t\u00e9 et une vis 1\/4\u2033-20 avec des goupilles de positionnement de l&#8217;autre c\u00f4t\u00e9 d&#8217;un support \u00e0 90 degr\u00e9s.<\/p>\n<p>C&#8217;est l&#8217;option parfaite pour monter notre <a href=\"https:\/\/de.tilta.com\/shop\/nucleus-nano-ii-control-handle\/\">poign\u00e9e de contr\u00f4le Nucleus Nano II<\/a> sur les bras Rosette de notre <a href=\"https:\/\/de.tilta.com\/shop\/tiltaing-lightweight-shoulder-rig-black\/\">Lightweight Shoulder Rig<\/a>.<\/p>\n<p>L&#8217;angle droit de cet adaptateur est \u00e9galement id\u00e9al pour monter d&#8217;autres accessoires \u00e0 proximit\u00e9 du bo\u00eetier de votre appareil photo, tels que des \u00e9metteurs vid\u00e9o sans fil.<\/p>\n<p>L&#8217;inclusion de vis \u00e0 oreilles signifie que vous n&#8217;avez pas besoin d&#8217;outils suppl\u00e9mentaires pour installer ou retirer cet accessoire.<\/p>\n<\/div>\n","protected":false},"excerpt":{"rendered":"<p>L&#8217;adaptateur de rosette \u00e0 angle droit pour 1\/4\u2033-20 avec goupilles de positionnement est une option flexible pour le montage de divers accessoires via deux normes universelles. Cet accessoire comporte une rosette Arri Standard d&#8217;un c\u00f4t\u00e9 et une vis 1\/4\u2033-20 avec [&hellip;]<\/p>\n","protected":false},"featured_media":1982886,"comment_status":"closed","ping_status":"closed","template":"","meta":[],"product_cat":[1780,2162,2163],"product_tag":[],"acf":[],"gallery_images":[1982889,1982890,1982892,1982895,1982898],"_links":{"self":[{"href":"https:\/\/eu.tilta.com\/fr\/wp-json\/wp\/v2\/product\/1982842"}],"collection":[{"href":"https:\/\/eu.tilta.com\/fr\/wp-json\/wp\/v2\/product"}],"about":[{"href":"https:\/\/eu.tilta.com\/fr\/wp-json\/wp\/v2\/types\/product"}],"replies":[{"embeddable":true,"href":"https:\/\/eu.tilta.com\/fr\/wp-json\/wp\/v2\/comments?post=1982842"}],"wp:featuredmedia":[{"embeddable":true,"href":"https:\/\/eu.tilta.com\/fr\/wp-json\/wp\/v2\/media\/1982886"}],"wp:attachment":[{"href":"https:\/\/eu.tilta.com\/fr\/wp-json\/wp\/v2\/media?parent=1982842"}],"wp:term":[{"taxonomy":"product_cat","embeddable":true,"href":"https:\/\/eu.tilta.com\/fr\/wp-json\/wp\/v2\/product_cat?post=1982842"},{"taxonomy":"product_tag","embeddable":true,"href":"https:\/\/eu.tilta.com\/fr\/wp-json\/wp\/v2\/product_tag?post=1982842"}],"curies":[{"name":"wp","href":"https:\/\/api.w.org\/{rel}","templated":true}]}}