{"id":1982935,"date":"2023-10-26T11:11:46","date_gmt":"2023-10-26T09:11:46","guid":{"rendered":"https:\/\/de.tilta.com\/shop\/demi-cage-pour-canon-r5c-lightweight-kit-noir\/"},"modified":"2025-12-05T12:38:13","modified_gmt":"2025-12-05T11:38:13","slug":"half-camera-cage-for-canon-r5c-lightweight-kit-black","status":"publish","type":"product","link":"https:\/\/eu.tilta.com\/fr\/shop\/half-camera-cage-for-canon-r5c-lightweight-kit-black\/","title":{"rendered":"Demi-cage pour Canon R5C Lightweight Kit &#8211; Noir"},"content":{"rendered":"<div class=\"overview-text\">\n<div class=\"overview-text\">\n<div class=\"overview-text\">\n<p>La base du kit l\u00e9ger pour Canon R5C est la demi-cage qui fournit une protection partielle pour le bo\u00eetier de votre appareil photo et offre un support pour la fixation de divers accessoires via des points de montage tels que le rail NATO, un r\u00e9cepteur de chaussure froide, des filetages 1\/4\u2033-20 et 3\/8\u2033-16 avec des points de rep\u00e8re.<\/p>\n<p>La <a href=\"https:\/\/de.tilta.com\/shop\/xeno-top-handle-1-4-20-locating-pins\/\">poign\u00e9e sup\u00e9rieure XENO<\/a> incluse <a href=\"https:\/\/de.tilta.com\/shop\/xeno-top-handle-1-4-20-locating-pins\/\">se monte via un filetage 1\/4\u2033-20<\/a> sur le dessus de la cage et utilise des goupilles de positionnement pour rester en place. Cette poign\u00e9e sup\u00e9rieure am\u00e9liore la flexibilit\u00e9 de la prise de vue et de la manipulation du syst\u00e8me, ce qui est particuli\u00e8rement utile pour les angles inf\u00e9rieurs.<\/p>\n<p>La poign\u00e9e sup\u00e9rieure \u00e9largit \u00e9galement les options de montage pour les accessoires gr\u00e2ce \u00e0 des filetages 1\/4\u2033-20 suppl\u00e9mentaires et \u00e0 un r\u00e9cepteur de griffe froide, parfait pour un moniteur externe via notre <a href=\"https:\/\/de.tilta.com\/shop\/tiltaing-adjustable-cold-shoe-accessory-mounting-bracket\/\">support d&#8217;accessoires de griffe froide<\/a>. <strong>(non inclus)<\/strong><\/p>\n<p>La plaque inf\u00e9rieure double directionnelle Arca-Swiss permet aux utilisateurs de passer rapidement d&#8217;une cardan compatible, comme le RS3 Pro, \u00e0 un tr\u00e9pied Arca.<\/p>\n<p>Contrairement \u00e0 certaines de nos autres plaques inf\u00e9rieures Arca int\u00e9gr\u00e9es, cette plaque permet au syst\u00e8me de cam\u00e9ra de se glisser dans un r\u00e9cepteur Arca dans les deux sens, ce qui signifie que les utilisateurs peuvent passer encore plus rapidement d&#8217;un syst\u00e8me de support compatible \u00e0 un autre.<\/p>\n<p>Veuillez noter que cette cage utilise la norme DJI pour l&#8217;ARCA et qu&#8217;elle n&#8217;est pas compatible avec tous les r\u00e9cepteurs. La compatibilit\u00e9 n&#8217;est pas garantie.<\/p>\n<p>Cette cage comporte plusieurs points de contact avec le bo\u00eetier de l&#8217;appareil photo, ce qui limite les risques de rotation de l&#8217;appareil \u00e0 l&#8217;int\u00e9rieur de la cage.<br \/>\nLe rembourrage en silicone int\u00e9gr\u00e9 permet de maintenir l&#8217;appareil photo en s\u00e9curit\u00e9 dans la cage et de prot\u00e9ger les surfaces de contact contre les rayures.<\/p>\n<p>Le serre-c\u00e2ble inclus offre une s\u00e9curit\u00e9 accrue pour les c\u00e2bles et comporte des vis \u00e0 oreilles qui permettent d&#8217;attacher ou de retirer rapidement les c\u00e2bles sans avoir besoin d&#8217;outils.<\/p>\n<p>La conception en demi-cage permet aux utilisateurs d&#8217;utiliser la poign\u00e9e d&#8217;origine de l&#8217;appareil photo et ne limite pas l&#8217;acc\u00e8s aux boutons de l&#8217;utilisateur ou aux fonctions de l&#8217;appareil photo.<\/p>\n<p>Le tournevis multifonctionnel fourni peut \u00eatre utilis\u00e9 pour installer la cage sur le bo\u00eetier de l&#8217;appareil photo et pour fixer la vis de s\u00e9curit\u00e9 sur le c\u00f4t\u00e9 gauche.<\/p>\n<\/div>\n<\/div>\n<\/div>\n","protected":false},"excerpt":{"rendered":"<p>La base du kit l\u00e9ger pour Canon R5C est la demi-cage qui fournit une protection partielle pour le bo\u00eetier de votre appareil photo et offre un support pour la fixation de divers accessoires via des points de montage tels que [&hellip;]<\/p>\n","protected":false},"featured_media":1982957,"comment_status":"closed","ping_status":"closed","template":"","meta":[],"product_cat":[1732],"product_tag":[],"acf":[],"gallery_images":[1954730,1954731,1952492,1952493],"_links":{"self":[{"href":"https:\/\/eu.tilta.com\/fr\/wp-json\/wp\/v2\/product\/1982935"}],"collection":[{"href":"https:\/\/eu.tilta.com\/fr\/wp-json\/wp\/v2\/product"}],"about":[{"href":"https:\/\/eu.tilta.com\/fr\/wp-json\/wp\/v2\/types\/product"}],"replies":[{"embeddable":true,"href":"https:\/\/eu.tilta.com\/fr\/wp-json\/wp\/v2\/comments?post=1982935"}],"wp:featuredmedia":[{"embeddable":true,"href":"https:\/\/eu.tilta.com\/fr\/wp-json\/wp\/v2\/media\/1982957"}],"wp:attachment":[{"href":"https:\/\/eu.tilta.com\/fr\/wp-json\/wp\/v2\/media?parent=1982935"}],"wp:term":[{"taxonomy":"product_cat","embeddable":true,"href":"https:\/\/eu.tilta.com\/fr\/wp-json\/wp\/v2\/product_cat?post=1982935"},{"taxonomy":"product_tag","embeddable":true,"href":"https:\/\/eu.tilta.com\/fr\/wp-json\/wp\/v2\/product_tag?post=1982935"}],"curies":[{"name":"wp","href":"https:\/\/api.w.org\/{rel}","templated":true}]}}