{"id":1983117,"date":"2023-10-11T16:38:14","date_gmt":"2023-10-11T14:38:14","guid":{"rendered":"https:\/\/de.tilta.com\/shop\/nucleus-nano-ii-hand-wheel-controller\/"},"modified":"2026-04-27T13:16:45","modified_gmt":"2026-04-27T11:16:45","slug":"nucleus-nano-ii-hand-wheel-controller","status":"publish","type":"product","link":"https:\/\/eu.tilta.com\/fr\/shop\/nucleus-nano-ii-hand-wheel-controller\/","title":{"rendered":"Nucleus Nano II Hand Wheel Controller"},"content":{"rendered":"<div class=\"overview-text\">\n<p><span style=\"text-decoration: underline;\"><strong>NOTE : NE PAS ALIMENTER LE VOLANT PAR LE P-TAP<\/strong><\/span><\/p>\n<p>Gr\u00e2ce \u00e0 ses fonctions avanc\u00e9es et \u00e0 sa compatibilit\u00e9 sans faille, la manette Nucleus Nano II r\u00e9volutionne la fa\u00e7on dont les utilisateurs peuvent contr\u00f4ler leurs objectifs, leurs cam\u00e9ras et leurs cardans.<\/p>\n<p>La nouvelle molette am\u00e9lior\u00e9e met le contr\u00f4le au bout de vos doigts, vous permettant de commander deux moteurs de mise au point \u00e0 partir du contr\u00f4leur compact.<\/p>\n<p>Les utilisateurs peuvent utiliser la molette principale pour r\u00e9gler la mise au point, tandis que la nouvelle bascule de contr\u00f4le g\u00e8re sans effort les fonctions de zoom ou de diaphragme par le biais d&#8217;une bascule amortie, parfaite pour entrer ou sortir des zooms en douceur.<\/p>\n<p>Faites l&#8217;exp\u00e9rience d&#8217;une flexibilit\u00e9 in\u00e9gal\u00e9e gr\u00e2ce \u00e0 la capacit\u00e9 du Nano II \u00e0 g\u00e9rer jusqu&#8217;\u00e0 4 moteurs pour la mise au point, le diaphragme, le zoom et le Mirage VND lorsqu&#8217;il est utilis\u00e9 avec la poign\u00e9e d&#8217;alimentation ou de contr\u00f4le multifonctionnelle optionnelle.<\/p>\n<p>La navigation dans le syst\u00e8me n&#8217;a jamais \u00e9t\u00e9 aussi facile gr\u00e2ce au nouvel \u00e9cran tactile circulaire de 1,6 pouce et \u00e0 l&#8217;interface conviviale qui permet d&#8217;acc\u00e9der rapidement \u00e0 toute une s\u00e9rie de fonctions avanc\u00e9es, y compris des pages d\u00e9di\u00e9es \u00e0 la cartographie des objectifs et aux fonctions de contr\u00f4le de la cam\u00e9ra.<\/p>\n<p>Le Nano II permet aux utilisateurs de r\u00e9gler sans fil les param\u00e8tres de l&#8217;appareil photo via Wifi, Bluetooth et le port USB-C du moteur pour les syst\u00e8mes d&#8217;appareils photo compatibles tels que Canon, Sony, Black Magic Design et plus encore.<\/p>\n<p><strong>Veuillez consulter les notes au bas de la page pour plus d&#8217;informations sur le contr\u00f4le des cam\u00e9ras.<\/strong><\/p>\n<p>Veuillez noter que le firmware actuel supporte la plupart des contr\u00f4les pour la Red Komodo, BMPCC 6K, 6K Pro, et supporte partiellement BMPCC 4K, Sony FX3, A7S3, A7R5, ZV-E1, ZV-E10 et Canon R7 pour des param\u00e8tres tels que Run\/Stop, Shutter Speed, ISO et Iris.<\/p>\n<p>La fonction Run Stop est actuellement prise en charge par tous les syst\u00e8mes d&#8217;appareils photo mentionn\u00e9s ci-dessus, ainsi que par les Sony A7C, A7M4, A7R3, Canon R6M1, Panasonic S1H, GH6 et S5M2, gr\u00e2ce \u00e0 un <a href=\"https:\/\/de.tilta.com\/shop\/usb-c-run-stop-cable\/\">c\u00e2ble Run\/Stop pour poign\u00e9e lat\u00e9rale avanc\u00e9e<\/a> disponible en option.<\/p>\n<p>D&#8217;autres syst\u00e8mes de cam\u00e9ras seront rendus compatibles dans les prochaines mises \u00e0 jour du micrologiciel.<\/p>\n<p>Le Nano II est donc l&#8217;option id\u00e9ale pour les cin\u00e9astes qui utilisent r\u00e9guli\u00e8rement des syst\u00e8mes de support tels que des drones, des supports de voiture, des grues, des cardans ou tout autre dispositif qui rend difficile l&#8217;ajustement rapide des param\u00e8tres de la cam\u00e9ra.<\/p>\n<p>L&#8217;\u00e9cran de contr\u00f4le de la cartographie de l&#8217;objectif offre des informations en temps r\u00e9el sur la distance de mise au point, ce qui vous permet de rester inform\u00e9 et de contr\u00f4ler chaque image sans avoir \u00e0 marquer physiquement un disque de mise au point.<\/p>\n<p>Gr\u00e2ce \u00e0 une batterie interne aliment\u00e9e par USB-C, le Nano II offre jusqu&#8217;\u00e0 20 heures d&#8217;autonomie en continu, selon l&#8217;utilisation.<\/p>\n<p>Le Nano II est notre syst\u00e8me le plus compatible \u00e0 ce jour avec les DJI RS2, RS3 Pro, DJI Focus Motors, Nucleus M et la g\u00e9n\u00e9ration pr\u00e9c\u00e9dente de Nucleus Nano, assurant un flux de travail fluide pour les utilisateurs qui utilisent d\u00e9j\u00e0 les it\u00e9rations pr\u00e9c\u00e9dentes de l&#8217;\u00e9cosyst\u00e8me Nucleus.<\/p>\n<p>Veuillez noter que l&#8217;int\u00e9gration avec les poign\u00e9es de mise au point lat\u00e9rales avanc\u00e9es, le DJI Ronin et les moteurs de mise au point Ronin n\u00e9cessitera du mat\u00e9riel suppl\u00e9mentaire qui n&#8217;est pas inclus dans le kit.<\/p>\n<p><em>Am\u00e9liorez votre exp\u00e9rience cin\u00e9matographique avec le Nucleus Nano II. Contr\u00f4lez avec pr\u00e9cision vos objectifs, profitez d&#8217;une interface utilisateur intuitive et b\u00e9n\u00e9ficiez d&#8217;une compatibilit\u00e9 in\u00e9gal\u00e9e avec les meilleurs \u00e9quipements du march\u00e9.<\/em><\/p>\n<p><b>VEUILLEZ NOTER QUE LA FONCTIONNALIT\u00c9 DE CONTR\u00d4LE DE CAM\u00c9RA N&#8217;EST POUR L&#8217;INSTANT COMPATIBLE QU&#8217;AVEC CERTAINES CAM\u00c9RAS : <\/b><strong>La fonctionnalit\u00e9 de contr\u00f4le de cam\u00e9ra n&#8217;est pour l&#8217;instant compatible qu&#8217;avec certaines cam\u00e9ras. <\/strong> <\/p>\n<p><strong><b>Les appareils photo Canon et Sony ne sont actuellement compatibles qu&#8217;avec les c\u00e2bles PD USB-C et les appareils photo Black Magic Design ne sont compatibles qu&#8217;avec le Bluetooth.<\/b><\/strong><\/p>\n<p><b>Lors de l&#8217;utilisation d&#8217;adaptateurs de monture d&#8217;objectif <\/b><b>Adaptateurs de monture d&#8217;objectif<\/b><b>: La fonctionnalit\u00e9 Bluetooth de Nano II ne sera possible que si vous utilisez des objectifs officiellement pris en charge pour l&#8217;adaptateur sp\u00e9cifique. <\/b> <\/p>\n<\/div>\n","protected":false},"excerpt":{"rendered":"<p>NOTE : NE PAS ALIMENTER LE VOLANT PAR LE P-TAP Gr\u00e2ce \u00e0 ses fonctions avanc\u00e9es et \u00e0 sa compatibilit\u00e9 sans faille, la manette Nucleus Nano II r\u00e9volutionne la fa\u00e7on dont les utilisateurs peuvent contr\u00f4ler leurs objectifs, leurs cam\u00e9ras et leurs [&hellip;]<\/p>\n","protected":false},"featured_media":1983141,"comment_status":"closed","ping_status":"closed","template":"","meta":[],"product_cat":[1780],"product_tag":[],"acf":[],"gallery_images":[1983144,1983147,1983150,1983153,1983156,1978533,1978530,1978536],"_links":{"self":[{"href":"https:\/\/eu.tilta.com\/fr\/wp-json\/wp\/v2\/product\/1983117"}],"collection":[{"href":"https:\/\/eu.tilta.com\/fr\/wp-json\/wp\/v2\/product"}],"about":[{"href":"https:\/\/eu.tilta.com\/fr\/wp-json\/wp\/v2\/types\/product"}],"replies":[{"embeddable":true,"href":"https:\/\/eu.tilta.com\/fr\/wp-json\/wp\/v2\/comments?post=1983117"}],"wp:featuredmedia":[{"embeddable":true,"href":"https:\/\/eu.tilta.com\/fr\/wp-json\/wp\/v2\/media\/1983141"}],"wp:attachment":[{"href":"https:\/\/eu.tilta.com\/fr\/wp-json\/wp\/v2\/media?parent=1983117"}],"wp:term":[{"taxonomy":"product_cat","embeddable":true,"href":"https:\/\/eu.tilta.com\/fr\/wp-json\/wp\/v2\/product_cat?post=1983117"},{"taxonomy":"product_tag","embeddable":true,"href":"https:\/\/eu.tilta.com\/fr\/wp-json\/wp\/v2\/product_tag?post=1983117"}],"curies":[{"name":"wp","href":"https:\/\/api.w.org\/{rel}","templated":true}]}}