{"id":1983285,"date":"2023-10-12T13:04:26","date_gmt":"2023-10-12T11:04:26","guid":{"rendered":"https:\/\/de.tilta.com\/shop\/adaptateur-de-monture-lpl-pour-red-komodo-x-noir\/"},"modified":"2025-12-05T12:38:34","modified_gmt":"2025-12-05T11:38:34","slug":"lpl-mount-adapter-support-for-red-komodo-x-black","status":"publish","type":"product","link":"https:\/\/eu.tilta.com\/fr\/shop\/lpl-mount-adapter-support-for-red-komodo-x-black\/","title":{"rendered":"Adaptateur de monture LPL pour RED KOMODO-X &#8211; Noir"},"content":{"rendered":"<div class=\"overview-text\">\n<p>Le support adaptateur de montage LPL pour RED KOMODO-X utilise une conception sophistiqu\u00e9e bas\u00e9e sur une pince offrant plusieurs points de contact pour une meilleure stabilit\u00e9.<\/p>\n<p>Cette approche augmente consid\u00e9rablement la s\u00e9curit\u00e9 et la stabilit\u00e9 d&#8217;un adaptateur d&#8217;objectif, en particulier notre adaptateur pour monture Canon RF vers monture LPL.<\/p>\n<p>Cette fonction est particuli\u00e8rement utile lorsque vous utilisez des objectifs de grande taille, car elle permet de redistribuer le poids du bo\u00eetier de l&#8217;appareil photo.<\/p>\n<p>Cet adaptateur est con\u00e7u pour \u00eatre utilis\u00e9 avec notre cage de cam\u00e9ra compl\u00e8te pour RED Komodo-X et n&#8217;est pas compatible avec le corps de la cam\u00e9ra directement.<\/p>\n<\/div>\n","protected":false},"excerpt":{"rendered":"<p>Le support adaptateur de montage LPL pour RED KOMODO-X utilise une conception sophistiqu\u00e9e bas\u00e9e sur une pince offrant plusieurs points de contact pour une meilleure stabilit\u00e9. Cette approche augmente consid\u00e9rablement la s\u00e9curit\u00e9 et la stabilit\u00e9 d&#8217;un adaptateur d&#8217;objectif, en particulier [&hellip;]<\/p>\n","protected":false},"featured_media":1983290,"comment_status":"closed","ping_status":"closed","template":"","meta":[],"product_cat":[1768,2090],"product_tag":[],"acf":[],"gallery_images":[1983292,1983293,1983294],"_links":{"self":[{"href":"https:\/\/eu.tilta.com\/fr\/wp-json\/wp\/v2\/product\/1983285"}],"collection":[{"href":"https:\/\/eu.tilta.com\/fr\/wp-json\/wp\/v2\/product"}],"about":[{"href":"https:\/\/eu.tilta.com\/fr\/wp-json\/wp\/v2\/types\/product"}],"replies":[{"embeddable":true,"href":"https:\/\/eu.tilta.com\/fr\/wp-json\/wp\/v2\/comments?post=1983285"}],"wp:featuredmedia":[{"embeddable":true,"href":"https:\/\/eu.tilta.com\/fr\/wp-json\/wp\/v2\/media\/1983290"}],"wp:attachment":[{"href":"https:\/\/eu.tilta.com\/fr\/wp-json\/wp\/v2\/media?parent=1983285"}],"wp:term":[{"taxonomy":"product_cat","embeddable":true,"href":"https:\/\/eu.tilta.com\/fr\/wp-json\/wp\/v2\/product_cat?post=1983285"},{"taxonomy":"product_tag","embeddable":true,"href":"https:\/\/eu.tilta.com\/fr\/wp-json\/wp\/v2\/product_tag?post=1983285"}],"curies":[{"name":"wp","href":"https:\/\/api.w.org\/{rel}","templated":true}]}}