{"id":1983320,"date":"2023-10-05T09:50:53","date_gmt":"2023-10-05T07:50:53","guid":{"rendered":"https:\/\/de.tilta.com\/shop\/full-camera-cage-for-fujifilm-gfx100-ii-black\/"},"modified":"2025-12-29T20:36:08","modified_gmt":"2025-12-29T19:36:08","slug":"full-camera-cage-for-fujifilm-gfx100-ii-black","status":"publish","type":"product","link":"https:\/\/eu.tilta.com\/fr\/shop\/full-camera-cage-for-fujifilm-gfx100-ii-black\/","title":{"rendered":"Full Camera Cage for Fujifilm GFX100 II &#8211; Black"},"content":{"rendered":"<div class=\"overview-text\">\n<p><em>Pr\u00e9sentation de la cage compl\u00e8te pour le Fujifilm GFX100 II<\/em><\/p>\n<p>Cette cage \u00e0 cam\u00e9ra est la base parfaite pour \u00e9tendre les fonctionnalit\u00e9s de votre cam\u00e9ra en installant des accessoires suppl\u00e9mentaires afin d&#8217;am\u00e9liorer le flux de travail et de gagner du temps lors de la prise de vue.<\/p>\n<p>La cage comporte plusieurs points de montage, notamment des filetages \u00bc&#8221;-20 avec des points de rep\u00e9rage, des r\u00e9cepteurs de chaussure froide et des filetages pour un porte-canne de 15 mm inclus.<\/p>\n<p>Le fond de la cage comporte un filetage \u00bc&#8221;-20 et \u215c&#8221;-16 pour une plus grande flexibilit\u00e9 de montage, ainsi qu&#8217;un multi-outil \u00e0 montage magn\u00e9tique comprenant une cl\u00e9 Allen M3 et un tournevis \u00e0 t\u00eate plate double face.<\/p>\n<p>Cette cage est compatible avec le bo\u00eetier de l&#8217;appareil photo Fujifilm GFX 100 II avec ou sans EVF et est \u00e9galement compatible avec la poign\u00e9e de batterie d&#8217;origine Fujifilm.<\/p>\n<p>La cage comprend des composants permettant d&#8217;\u00e9tendre la plaque inf\u00e9rieure afin de supporter cette poign\u00e9e de batterie et le support de tige de 15 mm inclus vous permet de monter des tiges LWS au centre optique exact n\u00e9cessaire pour un alignement correct de la bo\u00eete \u00e0 mats.<\/p>\n<p>La cage se raccorde au bo\u00eetier de l&#8217;appareil photo au moyen d&#8217;une seule vis \u00bc&#8221;-20 et comporte deux supports de s\u00e9curit\u00e9 de chaque c\u00f4t\u00e9 qui permettent de maintenir l&#8217;appareil photo contre la cage afin de limiter sa rotation.<\/p>\n<p>Les serre-c\u00e2bles inclus permettent aux utilisateurs de fixer rapidement les c\u00e2bles HDMI et USB-C via des vis \u00e0 oreilles pratiques afin de prot\u00e9ger \u00e0 la fois les c\u00e2bles et les ports de la cam\u00e9ra, assurant ainsi une transmission stable des donn\u00e9es.<\/p>\n<p>Associ\u00e9 \u00e0 notre <a href=\"https:\/\/de.tilta.com\/shop\/tilta-universal-ssd-drive-holder-type-i-black\/\">support universel pour disques SSD<\/a>, vous pouvez facilement monter des disques d&#8217;\u00c9tat solides sur la cam\u00e9ra pour un enregistrement externe \u00e0 haut d\u00e9bit.<\/p>\n<\/div>\n","protected":false},"excerpt":{"rendered":"<p>Pr\u00e9sentation de la cage compl\u00e8te pour le Fujifilm GFX100 II Cette cage \u00e0 cam\u00e9ra est la base parfaite pour \u00e9tendre les fonctionnalit\u00e9s de votre cam\u00e9ra en installant des accessoires suppl\u00e9mentaires afin d&#8217;am\u00e9liorer le flux de travail et de gagner du [&hellip;]<\/p>\n","protected":false},"featured_media":1983337,"comment_status":"closed","ping_status":"closed","template":"","meta":[],"product_cat":[1794],"product_tag":[],"acf":[],"gallery_images":[1983339,1983340,1983342,1983343,1983344,1983346,1983218,1983220],"_links":{"self":[{"href":"https:\/\/eu.tilta.com\/fr\/wp-json\/wp\/v2\/product\/1983320"}],"collection":[{"href":"https:\/\/eu.tilta.com\/fr\/wp-json\/wp\/v2\/product"}],"about":[{"href":"https:\/\/eu.tilta.com\/fr\/wp-json\/wp\/v2\/types\/product"}],"replies":[{"embeddable":true,"href":"https:\/\/eu.tilta.com\/fr\/wp-json\/wp\/v2\/comments?post=1983320"}],"wp:featuredmedia":[{"embeddable":true,"href":"https:\/\/eu.tilta.com\/fr\/wp-json\/wp\/v2\/media\/1983337"}],"wp:attachment":[{"href":"https:\/\/eu.tilta.com\/fr\/wp-json\/wp\/v2\/media?parent=1983320"}],"wp:term":[{"taxonomy":"product_cat","embeddable":true,"href":"https:\/\/eu.tilta.com\/fr\/wp-json\/wp\/v2\/product_cat?post=1983320"},{"taxonomy":"product_tag","embeddable":true,"href":"https:\/\/eu.tilta.com\/fr\/wp-json\/wp\/v2\/product_tag?post=1983320"}],"curies":[{"name":"wp","href":"https:\/\/api.w.org\/{rel}","templated":true}]}}