{"id":1983325,"date":"2023-10-11T16:24:23","date_gmt":"2023-10-11T14:24:23","guid":{"rendered":"https:\/\/de.tilta.com\/shop\/camera-cage-for-canon-r7-pro-kit-black\/"},"modified":"2025-12-05T12:38:37","modified_gmt":"2025-12-05T11:38:37","slug":"camera-cage-for-canon-r7-pro-kit-black","status":"publish","type":"product","link":"https:\/\/eu.tilta.com\/fr\/shop\/camera-cage-for-canon-r7-pro-kit-black\/","title":{"rendered":"Cage de protection pour Canon R7 Pro Kit &#8211; Noir"},"content":{"rendered":"<div class=\"overview-text\">\n<p><em>Pr\u00e9sentation du kit de cage de cam\u00e9ra professionnelle pour Canon R7<\/em><\/p>\n<p>La cage compl\u00e8te de l&#8217;appareil photo est la base de ce kit et offre de nombreux points de montage pour les accessoires, y compris des filets \u00bc&#8221;-20 avec des points de localisation, un r\u00e9cepteur de sabot froid, un rail OTAN, et un filetage pour les supports de tige de 15 mm.<\/p>\n<p>Le rail OTAN et la poign\u00e9e sup\u00e9rieure OTAN inclus am\u00e9liorent la flexibilit\u00e9 du tir et de la manipulation, ce qui est particuli\u00e8rement utile pour r\u00e9aliser des tirs \u00e0 faible angle.<\/p>\n<p>La poign\u00e9e sup\u00e9rieure \u00e9largit \u00e9galement les options de montage avec des filetages 1\/4\u2033-20 suppl\u00e9mentaires et un r\u00e9cepteur de griffe froide, parfait pour un moniteur externe via notre <a href=\"https:\/\/de.tilta.com\/shop\/tiltaing-adjustable-cold-shoe-accessory-mounting-bracket\/\">support d&#8217;accessoires de griffe froide<\/a>. <strong>(non inclus)<\/strong><\/p>\n<p>La cage R7 est \u00e9quip\u00e9e d&#8217;un syst\u00e8me ARCA-Swiss int\u00e9gr\u00e9 dans la plaque inf\u00e9rieure qui permet des transitions rapides entre des cardans comme le RS3 Pro et d&#8217;autres syst\u00e8mes de support ARCA compatibles.<\/p>\n<p>Veuillez noter que cette cage utilise la norme DJI pour l&#8217;ARCA et qu&#8217;elle n&#8217;est pas compatible avec tous les r\u00e9cepteurs. La compatibilit\u00e9 n&#8217;est pas garantie.<\/p>\n<p>Gr\u00e2ce \u00e0 cette connexion ARCA, vous pouvez monter la cage sur la plaque de base LWS universelle de 15 mm incluse, qui supporte deux tiges de 15 mm, afin de monter des accessoires \u00e0 tige tels que des <a href=\"https:\/\/de.tilta.com\/product-category\/lens-control-systems\/\">syst\u00e8mes de suivi de la mise au point<\/a> et des <a href=\"https:\/\/de.tilta.com\/product-category\/matte-boxes\/\">bo\u00eetes \u00e0 mats<\/a>.<\/p>\n<p>Comme cette plaque de base utilise un r\u00e9cepteur ARCA, vous pouvez passer en toute transparence aux cardans de la s\u00e9rie DJI Ronin, comme le RS3 Pro.<\/p>\n<p>La plaque inf\u00e9rieure de la plaque de base est compatible avec nos <a href=\"https:\/\/de.tilta.com\/shop\/10-lightweight-dovetail-plate-tt-c16\/\">queues d&#8217;aronde standard Tilta<\/a> et comporte \u00e9galement des filetages 1\/4\u2033-20 et 3\/8\u2033-16.<\/p>\n<p>Sur la plaque inf\u00e9rieure, vous trouverez un filetage \u00bc&#8221;-20 et \u215c&#8221;-16 pour une meilleure flexibilit\u00e9 de montage, ainsi qu&#8217;un outil multifonctionnel \u00e0 montage magn\u00e9tique comprenant une cl\u00e9 Allen M3 et un tournevis \u00e0 t\u00eate plate double face.<\/p>\n<p>Le bo\u00eetier de l&#8217;appareil photo est reli\u00e9 \u00e0 la cage par un seul raccord \u00bc&#8221;-20 et comporte \u00e9galement deux points de contact suppl\u00e9mentaires de chaque c\u00f4t\u00e9, ce qui permet de limiter la rotation de l&#8217;appareil photo \u00e0 l&#8217;int\u00e9rieur de la cage.<\/p>\n<p>Le serre-c\u00e2ble inclus peut fixer les c\u00e2bles HDMI et USB-C via une vis \u00e0 oreilles rapide et pratique afin de prot\u00e9ger \u00e0 la fois les c\u00e2bles et les ports de la cam\u00e9ra, assurant ainsi une transmission stable des donn\u00e9es.<\/p>\n<\/div>\n","protected":false},"excerpt":{"rendered":"<p>Pr\u00e9sentation du kit de cage de cam\u00e9ra professionnelle pour Canon R7 La cage compl\u00e8te de l&#8217;appareil photo est la base de ce kit et offre de nombreux points de montage pour les accessoires, y compris des filets \u00bc&#8221;-20 avec des [&hellip;]<\/p>\n","protected":false},"featured_media":1983345,"comment_status":"closed","ping_status":"closed","template":"","meta":[],"product_cat":[1799],"product_tag":[],"acf":[],"gallery_images":[1950946,1950945,1951016],"_links":{"self":[{"href":"https:\/\/eu.tilta.com\/fr\/wp-json\/wp\/v2\/product\/1983325"}],"collection":[{"href":"https:\/\/eu.tilta.com\/fr\/wp-json\/wp\/v2\/product"}],"about":[{"href":"https:\/\/eu.tilta.com\/fr\/wp-json\/wp\/v2\/types\/product"}],"replies":[{"embeddable":true,"href":"https:\/\/eu.tilta.com\/fr\/wp-json\/wp\/v2\/comments?post=1983325"}],"wp:featuredmedia":[{"embeddable":true,"href":"https:\/\/eu.tilta.com\/fr\/wp-json\/wp\/v2\/media\/1983345"}],"wp:attachment":[{"href":"https:\/\/eu.tilta.com\/fr\/wp-json\/wp\/v2\/media?parent=1983325"}],"wp:term":[{"taxonomy":"product_cat","embeddable":true,"href":"https:\/\/eu.tilta.com\/fr\/wp-json\/wp\/v2\/product_cat?post=1983325"},{"taxonomy":"product_tag","embeddable":true,"href":"https:\/\/eu.tilta.com\/fr\/wp-json\/wp\/v2\/product_tag?post=1983325"}],"curies":[{"name":"wp","href":"https:\/\/api.w.org\/{rel}","templated":true}]}}