{"id":1983503,"date":"2023-10-09T11:05:24","date_gmt":"2023-10-09T09:05:24","guid":{"rendered":"https:\/\/de.tilta.com\/shop\/15mm-rod-holder-to-mounting-block-black\/"},"modified":"2025-12-05T12:38:39","modified_gmt":"2025-12-05T11:38:39","slug":"15mm-rod-holder-to-mounting-block-black","status":"publish","type":"product","link":"https:\/\/eu.tilta.com\/fr\/shop\/15mm-rod-holder-to-mounting-block-black\/","title":{"rendered":"Support de canne \u00e0 p\u00eache de 15 mm au bloc de montage &#8211; Noir"},"content":{"rendered":"<div class=\"overview-text\">\n<p>Nous vous pr\u00e9sentons le bloc de montage pour support de tige de 15 mm, l&#8217;option parfaite pour le montage d&#8217;accessoires \u00e0 l&#8217;aide de tiges de 15 mm.<\/p>\n<p>Cet accessoire comporte plusieurs filets de 1\/4\u2033 avec des points de positionnement et un filet de 3\/8\u2033 \u00e9galement avec des points de positionnement, ce qui permet aux utilisateurs de monter des accessoires qu&#8217;il n&#8217;est normalement pas possible de monter sur des tiges de 15 mm.<\/p>\n<p>Cela comprend les bras articul\u00e9s, les supports de montage, les plaques de batterie NP-F, les moniteurs externes, les \u00e9clairages embarqu\u00e9s, les microphones, les batteries, etc.<\/p>\n<p>Cet accessoire comporte \u00e9galement une vis \u00e0 bascule qui permet de mieux fixer le bloc de montage, ce qui est particuli\u00e8rement utile pour le montage d&#8217;accessoires plus lourds.<\/p>\n<p>Pesant seulement 28 g, ce bloc de montage peut supporter des accessoires jusqu&#8217;\u00e0 1 kg.<\/p>\n<\/div>\n","protected":false},"excerpt":{"rendered":"<p>Nous vous pr\u00e9sentons le bloc de montage pour support de tige de 15 mm, l&#8217;option parfaite pour le montage d&#8217;accessoires \u00e0 l&#8217;aide de tiges de 15 mm. Cet accessoire comporte plusieurs filets de 1\/4\u2033 avec des points de positionnement et [&hellip;]<\/p>\n","protected":false},"featured_media":1983542,"comment_status":"closed","ping_status":"closed","template":"","meta":[],"product_cat":[2094,2092],"product_tag":[],"acf":[],"gallery_images":[1983544,1983545,1983546,1983547,1983548],"_links":{"self":[{"href":"https:\/\/eu.tilta.com\/fr\/wp-json\/wp\/v2\/product\/1983503"}],"collection":[{"href":"https:\/\/eu.tilta.com\/fr\/wp-json\/wp\/v2\/product"}],"about":[{"href":"https:\/\/eu.tilta.com\/fr\/wp-json\/wp\/v2\/types\/product"}],"replies":[{"embeddable":true,"href":"https:\/\/eu.tilta.com\/fr\/wp-json\/wp\/v2\/comments?post=1983503"}],"wp:featuredmedia":[{"embeddable":true,"href":"https:\/\/eu.tilta.com\/fr\/wp-json\/wp\/v2\/media\/1983542"}],"wp:attachment":[{"href":"https:\/\/eu.tilta.com\/fr\/wp-json\/wp\/v2\/media?parent=1983503"}],"wp:term":[{"taxonomy":"product_cat","embeddable":true,"href":"https:\/\/eu.tilta.com\/fr\/wp-json\/wp\/v2\/product_cat?post=1983503"},{"taxonomy":"product_tag","embeddable":true,"href":"https:\/\/eu.tilta.com\/fr\/wp-json\/wp\/v2\/product_tag?post=1983503"}],"curies":[{"name":"wp","href":"https:\/\/api.w.org\/{rel}","templated":true}]}}