{"id":1983722,"date":"2023-09-29T15:23:38","date_gmt":"2023-09-29T13:23:38","guid":{"rendered":"https:\/\/de.tilta.com\/shop\/tilta-pro-articulating-arm-black\/"},"modified":"2026-02-01T00:08:43","modified_gmt":"2026-01-31T23:08:43","slug":"tilta-pro-articulating-arm-black","status":"publish","type":"product","link":"https:\/\/eu.tilta.com\/fr\/shop\/tilta-pro-articulating-arm-black\/","title":{"rendered":"Tilta Pro Articulating Arm &#8211; Black"},"content":{"rendered":"<p>Voici le bras articul\u00e9 Tilta Pro, notre bras accessoire le plus performant \u00e0 ce jour !<\/p>\n<p>Ce bras articul\u00e9 est l&#8217;option id\u00e9ale pour monter des accessoires sur la cage de votre appareil photo, tels que des moniteurs externes, des transmetteurs vid\u00e9o sans fil, des viseurs \u00e9lectroniques, etc.<\/p>\n<p>La nature articul\u00e9e de ce bras et le verrouillage unique de tous les axes permettent aux utilisateurs de repositionner facilement les accessoires \u00e0 la vol\u00e9e, ce qui est particuli\u00e8rement utile dans les environnements de prise de vue rapides.<\/p>\n<p>Pesant seulement 11oz, ce bras peut supporter jusqu&#8217;\u00e0 11lbs, ce qui en fait le bras articul\u00e9 le plus solide de notre gamme actuelle.<\/p>\n<p>Le bras est disponible en deux variantes, l&#8217;une comportant deux r\u00e9cepteurs OTAN \u00e0 chaque extr\u00e9mit\u00e9 et l&#8217;autre comportant deux vis 1\/4\u2033-20 avec des goupilles de positionnement.<\/p>\n","protected":false},"excerpt":{"rendered":"<p>Voici le bras articul\u00e9 Tilta Pro, notre bras accessoire le plus performant \u00e0 ce jour ! Ce bras articul\u00e9 est l&#8217;option id\u00e9ale pour monter des accessoires sur la cage de votre appareil photo, tels que des moniteurs externes, des transmetteurs [&hellip;]<\/p>\n","protected":false},"featured_media":1983723,"comment_status":"closed","ping_status":"closed","template":"","meta":[],"product_cat":[3895,3252,2058,1882,1811,1802,1805,1762,1799,1794,1809,2187,2076],"product_tag":[],"acf":[],"gallery_images":[1950024,1950021,1950023,1950022,1950026,1950025],"_links":{"self":[{"href":"https:\/\/eu.tilta.com\/fr\/wp-json\/wp\/v2\/product\/1983722"}],"collection":[{"href":"https:\/\/eu.tilta.com\/fr\/wp-json\/wp\/v2\/product"}],"about":[{"href":"https:\/\/eu.tilta.com\/fr\/wp-json\/wp\/v2\/types\/product"}],"replies":[{"embeddable":true,"href":"https:\/\/eu.tilta.com\/fr\/wp-json\/wp\/v2\/comments?post=1983722"}],"wp:featuredmedia":[{"embeddable":true,"href":"https:\/\/eu.tilta.com\/fr\/wp-json\/wp\/v2\/media\/1983723"}],"wp:attachment":[{"href":"https:\/\/eu.tilta.com\/fr\/wp-json\/wp\/v2\/media?parent=1983722"}],"wp:term":[{"taxonomy":"product_cat","embeddable":true,"href":"https:\/\/eu.tilta.com\/fr\/wp-json\/wp\/v2\/product_cat?post=1983722"},{"taxonomy":"product_tag","embeddable":true,"href":"https:\/\/eu.tilta.com\/fr\/wp-json\/wp\/v2\/product_tag?post=1983722"}],"curies":[{"name":"wp","href":"https:\/\/api.w.org\/{rel}","templated":true}]}}