{"id":1983754,"date":"2023-09-28T13:56:02","date_gmt":"2023-09-28T11:56:02","guid":{"rendered":"https:\/\/de.tilta.com\/shop\/tilta-micro-articulating-arm-black\/"},"modified":"2026-03-13T14:16:46","modified_gmt":"2026-03-13T13:16:46","slug":"tilta-micro-articulating-arm-black","status":"publish","type":"product","link":"https:\/\/eu.tilta.com\/fr\/shop\/tilta-micro-articulating-arm-black\/","title":{"rendered":"Tilta Micro Articulating Arm &#8211; Black"},"content":{"rendered":"<div class=\"overview-text\">\n<p>Ce bras micro-articul\u00e9 est l&#8217;option id\u00e9ale pour monter divers accessoires sur votre appareil photo.<\/p>\n<p>Ce bras r\u00e9glable comporte des points de fixation \u00bc&#8221;-20 aux deux extr\u00e9mit\u00e9s.<\/p>\n<p>Cela vous permet de monter et d&#8217;ajuster la position d&#8217;\u00e9crans externes, de viseurs \u00e9lectroniques, d&#8217;\u00e9clairages ou de microphones sur l&#8217;appareil photo et d&#8217;autres accessoires suppl\u00e9mentaires.<\/p>\n<\/div>\n","protected":false},"excerpt":{"rendered":"<p>Ce bras micro-articul\u00e9 est l&#8217;option id\u00e9ale pour monter divers accessoires sur votre appareil photo. Ce bras r\u00e9glable comporte des points de fixation \u00bc&#8221;-20 aux deux extr\u00e9mit\u00e9s. Cela vous permet de monter et d&#8217;ajuster la position d&#8217;\u00e9crans externes, de viseurs \u00e9lectroniques, [&hellip;]<\/p>\n","protected":false},"featured_media":1983758,"comment_status":"closed","ping_status":"closed","template":"","meta":[],"product_cat":[2058,1811,1802,1805,1762,1809,2187,2076],"product_tag":[],"acf":[],"gallery_images":[1983759,1983760,1983761,1983762],"_links":{"self":[{"href":"https:\/\/eu.tilta.com\/fr\/wp-json\/wp\/v2\/product\/1983754"}],"collection":[{"href":"https:\/\/eu.tilta.com\/fr\/wp-json\/wp\/v2\/product"}],"about":[{"href":"https:\/\/eu.tilta.com\/fr\/wp-json\/wp\/v2\/types\/product"}],"replies":[{"embeddable":true,"href":"https:\/\/eu.tilta.com\/fr\/wp-json\/wp\/v2\/comments?post=1983754"}],"wp:featuredmedia":[{"embeddable":true,"href":"https:\/\/eu.tilta.com\/fr\/wp-json\/wp\/v2\/media\/1983758"}],"wp:attachment":[{"href":"https:\/\/eu.tilta.com\/fr\/wp-json\/wp\/v2\/media?parent=1983754"}],"wp:term":[{"taxonomy":"product_cat","embeddable":true,"href":"https:\/\/eu.tilta.com\/fr\/wp-json\/wp\/v2\/product_cat?post=1983754"},{"taxonomy":"product_tag","embeddable":true,"href":"https:\/\/eu.tilta.com\/fr\/wp-json\/wp\/v2\/product_tag?post=1983754"}],"curies":[{"name":"wp","href":"https:\/\/api.w.org\/{rel}","templated":true}]}}