{"id":1983756,"date":"2023-09-26T14:24:49","date_gmt":"2023-09-26T12:24:49","guid":{"rendered":"https:\/\/de.tilta.com\/shop\/nato-accessory-mounting-adapter-black\/"},"modified":"2025-12-05T12:38:58","modified_gmt":"2025-12-05T11:38:58","slug":"nato-accessory-mounting-adapter-black","status":"publish","type":"product","link":"https:\/\/eu.tilta.com\/fr\/shop\/nato-accessory-mounting-adapter-black\/","title":{"rendered":"Adaptateur de montage d&#8217;accessoires pour l&#8217;OTAN &#8211; Noir"},"content":{"rendered":"<div class=\"overview-text\">\n<p><em>ntroduction de l&#8217;adaptateur de montage d&#8217;accessoires OTAN<\/em><\/p>\n<p>Cet adaptateur incroyablement petit offre plusieurs options de montage d&#8217;accessoires, notamment un filetage 1\/4\u2033-20 et un filetage 3\/8\u2033-16, tous deux avec des goupilles de positionnement.<\/p>\n<p>Cet adaptateur se monte via une connexion OTAN qui permet de l&#8217;ajuster et de le verrouiller facilement en place sur les rails OTAN int\u00e9gr\u00e9s que l&#8217;on trouve sur la plupart de nos cages \u00e0 cam\u00e9ra ou via nos <a href=\"https:\/\/de.tilta.com\/product-category\/accessories\/nato-rails\/\">fixations<\/a> universelles <a href=\"https:\/\/de.tilta.com\/product-category\/accessories\/nato-rails\/\">pour rail OTAN.<\/a><\/p>\n<p>Pesant seulement 30,5 g, cet accessoire est fabriqu\u00e9 en alliage d&#8217;aluminium et peut supporter une charge utile allant jusqu&#8217;\u00e0 3 kg.<\/p>\n<\/div>\n","protected":false},"excerpt":{"rendered":"<p>ntroduction de l&#8217;adaptateur de montage d&#8217;accessoires OTAN Cet adaptateur incroyablement petit offre plusieurs options de montage d&#8217;accessoires, notamment un filetage 1\/4\u2033-20 et un filetage 3\/8\u2033-16, tous deux avec des goupilles de positionnement. Cet adaptateur se monte via une connexion OTAN [&hellip;]<\/p>\n","protected":false},"featured_media":1983764,"comment_status":"closed","ping_status":"closed","template":"","meta":[],"product_cat":[1811,2157,2116],"product_tag":[],"acf":[],"gallery_images":[1983765,1983766,1983767,1983768,1983769,1983770],"_links":{"self":[{"href":"https:\/\/eu.tilta.com\/fr\/wp-json\/wp\/v2\/product\/1983756"}],"collection":[{"href":"https:\/\/eu.tilta.com\/fr\/wp-json\/wp\/v2\/product"}],"about":[{"href":"https:\/\/eu.tilta.com\/fr\/wp-json\/wp\/v2\/types\/product"}],"replies":[{"embeddable":true,"href":"https:\/\/eu.tilta.com\/fr\/wp-json\/wp\/v2\/comments?post=1983756"}],"wp:featuredmedia":[{"embeddable":true,"href":"https:\/\/eu.tilta.com\/fr\/wp-json\/wp\/v2\/media\/1983764"}],"wp:attachment":[{"href":"https:\/\/eu.tilta.com\/fr\/wp-json\/wp\/v2\/media?parent=1983756"}],"wp:term":[{"taxonomy":"product_cat","embeddable":true,"href":"https:\/\/eu.tilta.com\/fr\/wp-json\/wp\/v2\/product_cat?post=1983756"},{"taxonomy":"product_tag","embeddable":true,"href":"https:\/\/eu.tilta.com\/fr\/wp-json\/wp\/v2\/product_tag?post=1983756"}],"curies":[{"name":"wp","href":"https:\/\/api.w.org\/{rel}","templated":true}]}}