{"id":1983818,"date":"2023-09-26T14:22:18","date_gmt":"2023-09-26T12:22:18","guid":{"rendered":"https:\/\/de.tilta.com\/shop\/tilta-nato-to-rosette-adapter-black\/"},"modified":"2025-12-05T12:39:01","modified_gmt":"2025-12-05T11:39:01","slug":"tilta-nato-to-rosette-adapter-black","status":"publish","type":"product","link":"https:\/\/eu.tilta.com\/fr\/shop\/tilta-nato-to-rosette-adapter-black\/","title":{"rendered":"Tilta Adaptateur OTAN \u00e0 Rosette &#8211; Noir"},"content":{"rendered":"<div class=\"overview-text\">\n<p>Cet adaptateur OTAN-Rosette est l&#8217;accessoire parfait pour utiliser des accessoires \u00e0 base de rosette sur des rails OTAN et vice versa !<\/p>\n<p>Cet adaptateur comporte une rosette d&#8217;un c\u00f4t\u00e9 qui est compatible avec les supports de rosette que l&#8217;on trouve sur la plupart de nos cages d&#8217;appareil photo gr\u00e2ce \u00e0 la vis M6 incluse.<\/p>\n<p>L&#8217;autre c\u00f4t\u00e9 est \u00e9quip\u00e9 d&#8217;une pince OTAN permettant de connecter des accessoires via un rail de fixation OTAN.<\/p>\n<p>Les utilisateurs peuvent \u00e9galement utiliser cette pince pour connecter l&#8217;adaptateur \u00e0 une cage de cam\u00e9ra via un rail NATO afin d&#8217;ajouter une connexion Rosette \u00e0 une cage qui n&#8217;en poss\u00e8de pas encore.<\/p>\n<\/div>\n","protected":false},"excerpt":{"rendered":"<p>Cet adaptateur OTAN-Rosette est l&#8217;accessoire parfait pour utiliser des accessoires \u00e0 base de rosette sur des rails OTAN et vice versa ! Cet adaptateur comporte une rosette d&#8217;un c\u00f4t\u00e9 qui est compatible avec les supports de rosette que l&#8217;on trouve [&hellip;]<\/p>\n","protected":false},"featured_media":1983848,"comment_status":"closed","ping_status":"closed","template":"","meta":[],"product_cat":[2058,2190,2157,2116],"product_tag":[],"acf":[],"gallery_images":[1983849,1983851,1983854,1983857],"_links":{"self":[{"href":"https:\/\/eu.tilta.com\/fr\/wp-json\/wp\/v2\/product\/1983818"}],"collection":[{"href":"https:\/\/eu.tilta.com\/fr\/wp-json\/wp\/v2\/product"}],"about":[{"href":"https:\/\/eu.tilta.com\/fr\/wp-json\/wp\/v2\/types\/product"}],"replies":[{"embeddable":true,"href":"https:\/\/eu.tilta.com\/fr\/wp-json\/wp\/v2\/comments?post=1983818"}],"wp:featuredmedia":[{"embeddable":true,"href":"https:\/\/eu.tilta.com\/fr\/wp-json\/wp\/v2\/media\/1983848"}],"wp:attachment":[{"href":"https:\/\/eu.tilta.com\/fr\/wp-json\/wp\/v2\/media?parent=1983818"}],"wp:term":[{"taxonomy":"product_cat","embeddable":true,"href":"https:\/\/eu.tilta.com\/fr\/wp-json\/wp\/v2\/product_cat?post=1983818"},{"taxonomy":"product_tag","embeddable":true,"href":"https:\/\/eu.tilta.com\/fr\/wp-json\/wp\/v2\/product_tag?post=1983818"}],"curies":[{"name":"wp","href":"https:\/\/api.w.org\/{rel}","templated":true}]}}