{"id":1983819,"date":"2023-09-27T12:27:03","date_gmt":"2023-09-27T10:27:03","guid":{"rendered":"https:\/\/de.tilta.com\/shop\/tilta-15mm-carbon-fiber-rod-set\/"},"modified":"2026-04-24T17:17:21","modified_gmt":"2026-04-24T15:17:21","slug":"tilta-15mm-carbon-fiber-rod-set","status":"publish","type":"product","link":"https:\/\/eu.tilta.com\/fr\/shop\/tilta-15mm-carbon-fiber-rod-set\/","title":{"rendered":"Tilta 15mm Carbon Fiber Rod Set"},"content":{"rendered":"<div class=\"overview-text\">\n<p>Ce set de cannes en fibre de carbone de 15mm est l&#8217;option parfaite pour les utilisateurs qui recherchent des cannes LWS l\u00e9g\u00e8res sans sacrifier la performance.<\/p>\n<p>Cet ensemble comprend deux tiges en fibre de carbone qui peuvent \u00eatre mont\u00e9es sur n&#8217;importe quelle <a href=\"https:\/\/de.tilta.com\/product-category\/camera-plates\/baseplates\/\">plaque de base standard LWS<\/a> ou sur un <a href=\"https:\/\/de.tilta.com\/product-category\/gear-lab\/rod-rod-holders-gear-lab\/\">support de tige de 15 mm<\/a> afin d&#8217;accueillir des accessoires tels que le <a href=\"https:\/\/de.tilta.com\/product-category\/lens-control-systems\/\">syst\u00e8me de suivi de la mise au point<\/a> et les <a href=\"https:\/\/de.tilta.com\/product-category\/matte-boxes\/\">bo\u00eetes \u00e0 mats<\/a>.<\/p>\n<p>Ces cannes sont fabriqu\u00e9es \u00e0 l&#8217;aide de nouvelles techniques de fabrication qui les emp\u00eachent de se d\u00e9grader avec le temps et sont dot\u00e9es d&#8217;un rev\u00eatement r\u00e9sistant aux UV qui permet \u00e0 la finition noire mate de conserver son aspect neuf apr\u00e8s une utilisation prolong\u00e9e.<\/p>\n<\/div>\n","protected":false},"excerpt":{"rendered":"<p>Ce set de cannes en fibre de carbone de 15mm est l&#8217;option parfaite pour les utilisateurs qui recherchent des cannes LWS l\u00e9g\u00e8res sans sacrifier la performance. Cet ensemble comprend deux tiges en fibre de carbone qui peuvent \u00eatre mont\u00e9es sur [&hellip;]<\/p>\n","protected":false},"featured_media":1983833,"comment_status":"closed","ping_status":"closed","template":"","meta":[],"product_cat":[3388,1882,1811,1802,1805,1762,1799,1794,1809,2094,2092],"product_tag":[],"acf":[],"gallery_images":[1983834,1983835,1983836,1983837,1983838],"_links":{"self":[{"href":"https:\/\/eu.tilta.com\/fr\/wp-json\/wp\/v2\/product\/1983819"}],"collection":[{"href":"https:\/\/eu.tilta.com\/fr\/wp-json\/wp\/v2\/product"}],"about":[{"href":"https:\/\/eu.tilta.com\/fr\/wp-json\/wp\/v2\/types\/product"}],"replies":[{"embeddable":true,"href":"https:\/\/eu.tilta.com\/fr\/wp-json\/wp\/v2\/comments?post=1983819"}],"wp:featuredmedia":[{"embeddable":true,"href":"https:\/\/eu.tilta.com\/fr\/wp-json\/wp\/v2\/media\/1983833"}],"wp:attachment":[{"href":"https:\/\/eu.tilta.com\/fr\/wp-json\/wp\/v2\/media?parent=1983819"}],"wp:term":[{"taxonomy":"product_cat","embeddable":true,"href":"https:\/\/eu.tilta.com\/fr\/wp-json\/wp\/v2\/product_cat?post=1983819"},{"taxonomy":"product_tag","embeddable":true,"href":"https:\/\/eu.tilta.com\/fr\/wp-json\/wp\/v2\/product_tag?post=1983819"}],"curies":[{"name":"wp","href":"https:\/\/api.w.org\/{rel}","templated":true}]}}