{"id":1983828,"date":"2023-09-19T10:07:43","date_gmt":"2023-09-19T08:07:43","guid":{"rendered":"https:\/\/de.tilta.com\/shop\/kit-moteur-nucleus-nano-ii\/"},"modified":"2026-05-13T14:55:32","modified_gmt":"2026-05-13T12:55:32","slug":"nucleus-nano-ii-motor-kit","status":"publish","type":"product","link":"https:\/\/eu.tilta.com\/fr\/shop\/nucleus-nano-ii-motor-kit\/","title":{"rendered":"Kit moteur Nucleus Nano II"},"content":{"rendered":"<p><strong>AVERTISSEMENT : Ce moteur n\u00e9cessite le volant Nano 2 afin de mettre \u00e0 jour le micrologiciel.  <\/strong><\/p>\n<p><strong>Sans mise \u00e0 jour du firmware, ce moteur ne sera PAS compatible avec le volant Nucleus Nano 1 ou les poign\u00e9es Nucleus M.<\/strong><\/p>\n<p>Dot\u00e9 d&#8217;un moteur haute performance, cet appareil remarquable offre un couple cinq fois sup\u00e9rieur \u00e0 celui de son pr\u00e9d\u00e9cesseur, garantissant ainsi une pr\u00e9cision et une fiabilit\u00e9 in\u00e9gal\u00e9es.<\/p>\n<p>L&#8217;une des caract\u00e9ristiques marquantes du moteur Nano II est la polyvalence de ses ports d&#8217;entr\u00e9e et de sortie d&#8217;alimentation USB-C.<\/p>\n<p>Gr\u00e2ce \u00e0 ces ports pratiques, les utilisateurs peuvent b\u00e9n\u00e9ficier d&#8217;une flexibilit\u00e9 accrue lors de l&#8217;alimentation de plusieurs moteurs, et il sert d&#8217;option sans tracas pour la communication avec la cam\u00e9ra, en particulier pour les cam\u00e9ras \u00e9quip\u00e9es de ports USB-C.<\/p>\n<p>Con\u00e7u dans un souci de compatibilit\u00e9, le moteur Nano II s&#8217;int\u00e8gre parfaitement \u00e0 la quasi-totalit\u00e9 des installations. Sa conception universelle lui permet de se monter en toute s\u00e9curit\u00e9 sur n&#8217;importe quelle tige de 15 mm, tandis que la bague d&#8217;engrenage de 0,8 mm incluse le rend compatible avec la plupart des objectifs.<\/p>\n<p>Cette interface intuitive \u00e0 bouton unique permet de calibrer le moteur, d&#8217;activer le mode d&#8217;appairage et de modifier l&#8217;affectation des fonctions du moteur de mani\u00e8re rapide et efficace.<\/p>\n<p>D&#8217;une simple pression, vous pouvez calibrer sans effort le moteur sur un nouvel objectif ou basculer entre les fonctions de mise au point, de diaphragme et de zoom pour vous adapter \u00e0 vos besoins de prise de vue.<\/p>\n<p>Pour vous tenir inform\u00e9 en un coup d&#8217;\u0153il, l&#8217;indicateur LED \u00e0 code couleur situ\u00e9 sur le moteur vous permet de contr\u00f4ler rapidement l&#8217;affectation de la fonction actuelle de votre moteur.<\/p>\n<p>Augmentez vos possibilit\u00e9s cr\u00e9atives et r\u00e9alisez les prises de vue pr\u00e9cises que vous avez toujours envisag\u00e9es avec le moteur Nano II.<\/p>\n<p><b>VEUILLEZ NOTER QUE LES POIGN\u00c9ES DE MISE AU POINT LAT\u00c9RALE AVANC\u00c9ES N\u00c9CESSITENT UN C\u00c2BLE SUPPL\u00c9MENTAIRE ACHET\u00c9 S\u00c9PAR\u00c9MENT POUR FONCTIONNER AVEC CE MOTEUR : <\/b><strong>Les poign\u00e9es avanc\u00e9es de mise au point lat\u00e9rale n\u00e9cessitent un c\u00e2ble suppl\u00e9mentaire qui doit \u00eatre achet\u00e9 s\u00e9par\u00e9ment pour fonctionner avec ce moteur. <\/strong> <\/p>\n<p><strong>Les mises \u00e0 jour du firmware n\u00e9cessitent le volant Nucleus Nano II pour \u00eatre t\u00e9l\u00e9charg\u00e9es.  <\/strong><\/p>\n","protected":false},"excerpt":{"rendered":"<p>AVERTISSEMENT : Ce moteur n\u00e9cessite le volant Nano 2 afin de mettre \u00e0 jour le micrologiciel. Sans mise \u00e0 jour du firmware, ce moteur ne sera PAS compatible avec le volant Nucleus Nano 1 ou les poign\u00e9es Nucleus M. Dot\u00e9 [&hellip;]<\/p>\n","protected":false},"featured_media":1983185,"comment_status":"closed","ping_status":"closed","template":"","meta":[],"product_cat":[1780],"product_tag":[],"acf":[],"gallery_images":[1983189,1983187,1983842,1983843,1983845,1983847,1978533,1978530,1978536],"_links":{"self":[{"href":"https:\/\/eu.tilta.com\/fr\/wp-json\/wp\/v2\/product\/1983828"}],"collection":[{"href":"https:\/\/eu.tilta.com\/fr\/wp-json\/wp\/v2\/product"}],"about":[{"href":"https:\/\/eu.tilta.com\/fr\/wp-json\/wp\/v2\/types\/product"}],"replies":[{"embeddable":true,"href":"https:\/\/eu.tilta.com\/fr\/wp-json\/wp\/v2\/comments?post=1983828"}],"wp:featuredmedia":[{"embeddable":true,"href":"https:\/\/eu.tilta.com\/fr\/wp-json\/wp\/v2\/media\/1983185"}],"wp:attachment":[{"href":"https:\/\/eu.tilta.com\/fr\/wp-json\/wp\/v2\/media?parent=1983828"}],"wp:term":[{"taxonomy":"product_cat","embeddable":true,"href":"https:\/\/eu.tilta.com\/fr\/wp-json\/wp\/v2\/product_cat?post=1983828"},{"taxonomy":"product_tag","embeddable":true,"href":"https:\/\/eu.tilta.com\/fr\/wp-json\/wp\/v2\/product_tag?post=1983828"}],"curies":[{"name":"wp","href":"https:\/\/api.w.org\/{rel}","templated":true}]}}