{"id":1983962,"date":"2023-09-26T14:22:59","date_gmt":"2023-09-26T12:22:59","guid":{"rendered":"https:\/\/de.tilta.com\/shop\/tilta-adjustable-top-flag-1-4-20-with-locating-pins-black\/"},"modified":"2025-12-05T12:39:08","modified_gmt":"2025-12-05T11:39:08","slug":"tilta-adjustable-top-flag-1-4-20-with-locating-pins-black","status":"publish","type":"product","link":"https:\/\/eu.tilta.com\/fr\/shop\/tilta-adjustable-top-flag-1-4-20-with-locating-pins-black\/","title":{"rendered":"Drapeau sup\u00e9rieur r\u00e9glable Tilta (1\/4&#8243;-20 avec goupilles de positionnement) &#8211; Noir"},"content":{"rendered":"<div class=\"overview-text\">\n<p>Ce drapeau universel se fixe \u00e0 la plupart des cages d&#8217;appareil photo \u00e0 l&#8217;aide d&#8217;une vis 1\/4\u2033-20 et de goupilles de positionnement afin d&#8217;offrir une protection contre les effets ind\u00e9sirables.<\/p>\n<p>Le bras flexible peut facilement \u00eatre ajust\u00e9 \u00e0 l&#8217;angle d\u00e9sir\u00e9 afin de bloquer la lumi\u00e8re de n&#8217;importe quel c\u00f4t\u00e9 de la lentille.<\/p>\n<p>Cela peut s&#8217;av\u00e9rer particuli\u00e8rement utile lors de prises de vue en plein soleil et lors de l&#8217;utilisation de matte boxes compacts qui ne comportent g\u00e9n\u00e9ralement pas de drapeaux lat\u00e9raux, tels que le <a href=\"https:\/\/de.tilta.com\/shop\/tilta-mirage-matte-box\/\">Tilta Mirage.<\/a><\/p>\n<\/div>\n","protected":false},"excerpt":{"rendered":"<p>Ce drapeau universel se fixe \u00e0 la plupart des cages d&#8217;appareil photo \u00e0 l&#8217;aide d&#8217;une vis 1\/4\u2033-20 et de goupilles de positionnement afin d&#8217;offrir une protection contre les effets ind\u00e9sirables. Le bras flexible peut facilement \u00eatre ajust\u00e9 \u00e0 l&#8217;angle d\u00e9sir\u00e9 [&hellip;]<\/p>\n","protected":false},"featured_media":1983983,"comment_status":"closed","ping_status":"closed","template":"","meta":[],"product_cat":[1811,1881,1880],"product_tag":[],"acf":[],"gallery_images":[1983985,1983987,1983990,1983993,1983995],"_links":{"self":[{"href":"https:\/\/eu.tilta.com\/fr\/wp-json\/wp\/v2\/product\/1983962"}],"collection":[{"href":"https:\/\/eu.tilta.com\/fr\/wp-json\/wp\/v2\/product"}],"about":[{"href":"https:\/\/eu.tilta.com\/fr\/wp-json\/wp\/v2\/types\/product"}],"replies":[{"embeddable":true,"href":"https:\/\/eu.tilta.com\/fr\/wp-json\/wp\/v2\/comments?post=1983962"}],"wp:featuredmedia":[{"embeddable":true,"href":"https:\/\/eu.tilta.com\/fr\/wp-json\/wp\/v2\/media\/1983983"}],"wp:attachment":[{"href":"https:\/\/eu.tilta.com\/fr\/wp-json\/wp\/v2\/media?parent=1983962"}],"wp:term":[{"taxonomy":"product_cat","embeddable":true,"href":"https:\/\/eu.tilta.com\/fr\/wp-json\/wp\/v2\/product_cat?post=1983962"},{"taxonomy":"product_tag","embeddable":true,"href":"https:\/\/eu.tilta.com\/fr\/wp-json\/wp\/v2\/product_tag?post=1983962"}],"curies":[{"name":"wp","href":"https:\/\/api.w.org\/{rel}","templated":true}]}}