{"id":1984147,"date":"2023-09-26T14:50:17","date_gmt":"2023-09-26T12:50:17","guid":{"rendered":"https:\/\/de.tilta.com\/shop\/magnetic-mounting-bracket-for-wireless-microphones\/"},"modified":"2025-12-05T12:39:30","modified_gmt":"2025-12-05T11:39:30","slug":"magnetic-mounting-bracket-for-wireless-microphones","status":"publish","type":"product","link":"https:\/\/eu.tilta.com\/fr\/shop\/magnetic-mounting-bracket-for-wireless-microphones\/","title":{"rendered":"Support de montage magn\u00e9tique pour microphones sans fil"},"content":{"rendered":"<div class=\"overview-text\">\n<p><em>Notre support de montage magn\u00e9tique pour microphones sans fil est l&#8217;accessoire id\u00e9al pour les vid\u00e9astes sur smartphone qui souhaitent am\u00e9liorer leur jeu audio !<\/em><\/p>\n<p>Ce support innovant se connecte en toute s\u00e9curit\u00e9 \u00e0 l&#8217;arri\u00e8re de votre smartphone \u00e0 l&#8217;aide d&#8217;un puissant aimant, ce qui constitue une solution pratique pour le montage de r\u00e9cepteurs audio sans fil et d&#8217;autres accessoires audio.<\/p>\n<p>Cet accessoire utilise un r\u00e9cepteur \u00e0 sabot froid qui vous permet de monter rapidement et en toute s\u00e9curit\u00e9 des accessoires compatibles.<\/p>\n<p>Cet appareil est dot\u00e9 d&#8217;un coussin en silicone qui agit comme une barri\u00e8re protectrice, garantissant une r\u00e9sistance suppl\u00e9mentaire aux rayures pour vos appareils.<\/p>\n<p>Avec une capacit\u00e9 de poids de 300g, notre support de montage magn\u00e9tique offre un support solide pour tout accessoire bas\u00e9 sur une chaussure froide avec la limite.<\/p>\n<p><em>Que vous soyez un vlogger, un cr\u00e9ateur de contenu ou simplement quelqu&#8217;un qui aime capturer du son de haute qualit\u00e9 en d\u00e9placement, ce support est un outil essentiel pour am\u00e9liorer les capacit\u00e9s audio de votre smartphone.<\/em><\/p>\n<p><strong>REMARQUE : La capacit\u00e9 de poids est r\u00e9duite lorsque vous utilisez des smartphones sans fonction de charge sans fil ou sans fixation magn\u00e9tique.  <\/strong><\/p>\n<\/div>\n","protected":false},"excerpt":{"rendered":"<p>Notre support de montage magn\u00e9tique pour microphones sans fil est l&#8217;accessoire id\u00e9al pour les vid\u00e9astes sur smartphone qui souhaitent am\u00e9liorer leur jeu audio ! Ce support innovant se connecte en toute s\u00e9curit\u00e9 \u00e0 l&#8217;arri\u00e8re de votre smartphone \u00e0 l&#8217;aide d&#8217;un [&hellip;]<\/p>\n","protected":false},"featured_media":1984169,"comment_status":"closed","ping_status":"closed","template":"","meta":[],"product_cat":[2077,2010,1880],"product_tag":[],"acf":[],"gallery_images":[1943850,1943849,1943851,1943852,1943854,1943848],"_links":{"self":[{"href":"https:\/\/eu.tilta.com\/fr\/wp-json\/wp\/v2\/product\/1984147"}],"collection":[{"href":"https:\/\/eu.tilta.com\/fr\/wp-json\/wp\/v2\/product"}],"about":[{"href":"https:\/\/eu.tilta.com\/fr\/wp-json\/wp\/v2\/types\/product"}],"replies":[{"embeddable":true,"href":"https:\/\/eu.tilta.com\/fr\/wp-json\/wp\/v2\/comments?post=1984147"}],"wp:featuredmedia":[{"embeddable":true,"href":"https:\/\/eu.tilta.com\/fr\/wp-json\/wp\/v2\/media\/1984169"}],"wp:attachment":[{"href":"https:\/\/eu.tilta.com\/fr\/wp-json\/wp\/v2\/media?parent=1984147"}],"wp:term":[{"taxonomy":"product_cat","embeddable":true,"href":"https:\/\/eu.tilta.com\/fr\/wp-json\/wp\/v2\/product_cat?post=1984147"},{"taxonomy":"product_tag","embeddable":true,"href":"https:\/\/eu.tilta.com\/fr\/wp-json\/wp\/v2\/product_tag?post=1984147"}],"curies":[{"name":"wp","href":"https:\/\/api.w.org\/{rel}","templated":true}]}}