{"id":1984178,"date":"2023-09-26T16:20:43","date_gmt":"2023-09-26T14:20:43","guid":{"rendered":"https:\/\/de.tilta.com\/shop\/tilta-cold-shoe-receiver-adapter-with-locking-pin-black\/"},"modified":"2025-12-05T12:39:31","modified_gmt":"2025-12-05T11:39:31","slug":"tilta-cold-shoe-receiver-adapter-with-locking-pin-black","status":"publish","type":"product","link":"https:\/\/eu.tilta.com\/fr\/shop\/tilta-cold-shoe-receiver-adapter-with-locking-pin-black\/","title":{"rendered":"Tilta Cold Shoe Receiver Adapter with Locking Pin &#8211; Noir"},"content":{"rendered":"<div class=\"overview-text\">\n<p>Cet adaptateur de r\u00e9cepteur Cold Shoe permet aux utilisateurs d&#8217;adapter n&#8217;importe quel filetage 1\/4\u2033-20 sur la cage de leur appareil photo pour monter des accessoires bas\u00e9s sur le Cold Shoe.<\/p>\n<p>Le r\u00e9cepteur Cold Shoe est dot\u00e9 d&#8217;une fixation unidirectionnelle, ce qui signifie que les accessoires Cold Shoe restent plus s\u00fbrs et sont moins susceptibles d&#8217;\u00eatre accidentellement d\u00e9connect\u00e9s.<\/p>\n<p>C&#8217;est l&#8217;option parfaite pour fixer en toute s\u00e9curit\u00e9 un moniteur externe sur le dessus de la cage d&#8217;un appareil photo qui n&#8217;a pas de monture de griffe froide native via un accessoire comme notre <a href=\"https:\/\/de.tilta.com\/shop\/tiltaing-adjustable-cold-shoe-accessory-mounting-bracket\/\">support de montage d&#8217;accessoire de griffe froide ajustable<\/a>. <strong>(non inclus)<\/strong><\/p>\n<p>La goupille de s\u00e9curit\u00e9 int\u00e9gr\u00e9e offre une s\u00e9curit\u00e9 suppl\u00e9mentaire pour vos accessoires.<\/p>\n<\/div>\n","protected":false},"excerpt":{"rendered":"<p>Cet adaptateur de r\u00e9cepteur Cold Shoe permet aux utilisateurs d&#8217;adapter n&#8217;importe quel filetage 1\/4\u2033-20 sur la cage de leur appareil photo pour monter des accessoires bas\u00e9s sur le Cold Shoe. Le r\u00e9cepteur Cold Shoe est dot\u00e9 d&#8217;une fixation unidirectionnelle, ce [&hellip;]<\/p>\n","protected":false},"featured_media":1984181,"comment_status":"closed","ping_status":"closed","template":"","meta":[],"product_cat":[1811,2077],"product_tag":[],"acf":[],"gallery_images":[1984183,1984184,1984186,1984189,1984191,1984194],"_links":{"self":[{"href":"https:\/\/eu.tilta.com\/fr\/wp-json\/wp\/v2\/product\/1984178"}],"collection":[{"href":"https:\/\/eu.tilta.com\/fr\/wp-json\/wp\/v2\/product"}],"about":[{"href":"https:\/\/eu.tilta.com\/fr\/wp-json\/wp\/v2\/types\/product"}],"replies":[{"embeddable":true,"href":"https:\/\/eu.tilta.com\/fr\/wp-json\/wp\/v2\/comments?post=1984178"}],"wp:featuredmedia":[{"embeddable":true,"href":"https:\/\/eu.tilta.com\/fr\/wp-json\/wp\/v2\/media\/1984181"}],"wp:attachment":[{"href":"https:\/\/eu.tilta.com\/fr\/wp-json\/wp\/v2\/media?parent=1984178"}],"wp:term":[{"taxonomy":"product_cat","embeddable":true,"href":"https:\/\/eu.tilta.com\/fr\/wp-json\/wp\/v2\/product_cat?post=1984178"},{"taxonomy":"product_tag","embeddable":true,"href":"https:\/\/eu.tilta.com\/fr\/wp-json\/wp\/v2\/product_tag?post=1984178"}],"curies":[{"name":"wp","href":"https:\/\/api.w.org\/{rel}","templated":true}]}}