{"id":1984327,"date":"2023-09-13T17:39:20","date_gmt":"2023-09-13T15:39:20","guid":{"rendered":"https:\/\/de.tilta.com\/shop\/camera-cage-for-sony-a7c-ii-a7c-r-basic-kit\/"},"modified":"2025-12-05T12:40:08","modified_gmt":"2025-12-05T11:40:08","slug":"camera-cage-for-sony-a7c-ii-a7c-r-basic-kit","status":"publish","type":"product","link":"https:\/\/eu.tilta.com\/fr\/shop\/camera-cage-for-sony-a7c-ii-a7c-r-basic-kit\/","title":{"rendered":"Cage pour Sony a7C II \/ a7C R Basic Kit"},"content":{"rendered":"<div class=\"overview-text\">\n<p><em>Pr\u00e9sentation de la cage compl\u00e8te pour le kit de base Sony a7C II \/ a7C R<\/em><\/p>\n<p>Cette cage prot\u00e8ge le bo\u00eetier de votre appareil photo et offre d&#8217;innombrables possibilit\u00e9s de fixation d&#8217;accessoires suppl\u00e9mentaires gr\u00e2ce \u00e0 des points de montage tels qu&#8217;un r\u00e9cepteur Cold Shoe, un rail NATO et des filetages 1\/4\u2033-20 avec des points de positionnement.<\/p>\n<p>La cage est \u00e9quip\u00e9e d&#8217;une plaque inf\u00e9rieure ARCA-Swiss int\u00e9gr\u00e9e qui permet des transitions rapides entre les cardans tels que le DJI RS3 Pro et d&#8217;autres syst\u00e8mes de support compatibles ARCA.<\/p>\n<p>Veuillez noter que cette cage utilise la norme DJI pour l&#8217;ARCA et qu&#8217;elle n&#8217;est pas compatible avec tous les r\u00e9cepteurs. La compatibilit\u00e9 n&#8217;est pas garantie.<\/p>\n<p>La cage est con\u00e7ue pour s&#8217;adapter \u00e0 la forme de l&#8217;appareil et utilise plusieurs fixations de s\u00e9curit\u00e9 pour fournir des points de contact suppl\u00e9mentaires entre l&#8217;appareil photo et la cage.<\/p>\n<p>La conception permet d&#8217;acc\u00e9der facilement \u00e0 toutes les fonctions n\u00e9cessaires de l&#8217;appareil photo, y compris le r\u00e9cepteur de la griffe, parfait pour accueillir des accessoires tels que le Sony ECM-W2BT.<\/p>\n<p>Le serre-c\u00e2ble HDMI offre une s\u00e9curit\u00e9 accrue pour les c\u00e2bles HDMI et l&#8217;inclusion de vis \u00e0 oreilles permet d&#8217;attacher ou de retirer rapidement les c\u00e2bles tout en garantissant qu&#8217;aucun outil n&#8217;est n\u00e9cessaire pour utiliser cet accessoire.<\/p>\n<p>Le rail OTAN et la poign\u00e9e sup\u00e9rieure OTAN inclus offrent des options de tir et de manipulation plus flexibles, particuli\u00e8rement utiles pour r\u00e9aliser des tirs \u00e0 faible angle.<\/p>\n<p>La poign\u00e9e sup\u00e9rieure am\u00e9liore \u00e9galement les options de montage avec des filetages 1\/4_-20 suppl\u00e9mentaires et un r\u00e9cepteur Cold Shoe, id\u00e9al pour un moniteur externe.<\/p>\n<p>Le kit est compl\u00e9t\u00e9 par notre plaque de base universelle 15 mm LWS qui prend en charge deux tiges de 15 mm et des accessoires \u00e0 base de tiges tels que les syst\u00e8mes de suivi de la mise au point ou les bo\u00eetes \u00e0 mats.<\/p>\n<p>Cette plaque de base utilise un r\u00e9cepteur DJI ARCA standard pour des transitions transparentes avec les cardans de la s\u00e9rie Ronin, tandis que la plaque inf\u00e9rieure est compatible avec nos queues d&#8217;aronde standard Tilta et dispose de filetages 1\/4\u2033-20 et 3\/8\u2033-16.<\/p>\n<\/div>\n","protected":false},"excerpt":{"rendered":"<p>Pr\u00e9sentation de la cage compl\u00e8te pour le kit de base Sony a7C II \/ a7C R Cette cage prot\u00e8ge le bo\u00eetier de votre appareil photo et offre d&#8217;innombrables possibilit\u00e9s de fixation d&#8217;accessoires suppl\u00e9mentaires gr\u00e2ce \u00e0 des points de montage tels [&hellip;]<\/p>\n","protected":false},"featured_media":1984329,"comment_status":"closed","ping_status":"closed","template":"","meta":[],"product_cat":[1784],"product_tag":[],"acf":[],"gallery_images":[1984330,1984331,1984290,1984291,1984292],"_links":{"self":[{"href":"https:\/\/eu.tilta.com\/fr\/wp-json\/wp\/v2\/product\/1984327"}],"collection":[{"href":"https:\/\/eu.tilta.com\/fr\/wp-json\/wp\/v2\/product"}],"about":[{"href":"https:\/\/eu.tilta.com\/fr\/wp-json\/wp\/v2\/types\/product"}],"replies":[{"embeddable":true,"href":"https:\/\/eu.tilta.com\/fr\/wp-json\/wp\/v2\/comments?post=1984327"}],"wp:featuredmedia":[{"embeddable":true,"href":"https:\/\/eu.tilta.com\/fr\/wp-json\/wp\/v2\/media\/1984329"}],"wp:attachment":[{"href":"https:\/\/eu.tilta.com\/fr\/wp-json\/wp\/v2\/media?parent=1984327"}],"wp:term":[{"taxonomy":"product_cat","embeddable":true,"href":"https:\/\/eu.tilta.com\/fr\/wp-json\/wp\/v2\/product_cat?post=1984327"},{"taxonomy":"product_tag","embeddable":true,"href":"https:\/\/eu.tilta.com\/fr\/wp-json\/wp\/v2\/product_tag?post=1984327"}],"curies":[{"name":"wp","href":"https:\/\/api.w.org\/{rel}","templated":true}]}}