{"id":1984491,"date":"2023-11-14T11:41:00","date_gmt":"2023-11-14T10:41:00","guid":{"rendered":"https:\/\/de.tilta.com\/shop\/cables-de-marche-arret-usb-c\/"},"modified":"2026-02-16T09:02:47","modified_gmt":"2026-02-16T08:02:47","slug":"usb-c-run-stop-cables","status":"publish","type":"product","link":"https:\/\/eu.tilta.com\/fr\/shop\/usb-c-run-stop-cables\/","title":{"rendered":"C\u00e2bles de marche\/arr\u00eat USB-C"},"content":{"rendered":"<div class=\"overview-text\">\n<p>Ce c\u00e2ble vous permet d&#8217;arr\u00eater le fonctionnement des syst\u00e8mes de cam\u00e9ra pris en charge qui permettent de contr\u00f4ler l&#8217;enregistrement \u00e0 distance lors de l&#8217;utilisation de la poign\u00e9e lat\u00e9rale Tiltaing Advanced.<\/p>\n<p>Il suffit de connecter le c\u00e2ble de la poign\u00e9e lat\u00e9rale Advanced au port Run Stop de votre appareil photo pour contr\u00f4ler le d\u00e9marrage\/arr\u00eat de l&#8217;enregistrement en appuyant sur un bouton.<\/p>\n<\/div>\n","protected":false},"excerpt":{"rendered":"<p>Ce c\u00e2ble vous permet d&#8217;arr\u00eater le fonctionnement des syst\u00e8mes de cam\u00e9ra pris en charge qui permettent de contr\u00f4ler l&#8217;enregistrement \u00e0 distance lors de l&#8217;utilisation de la poign\u00e9e lat\u00e9rale Tiltaing Advanced. Il suffit de connecter le c\u00e2ble de la poign\u00e9e lat\u00e9rale [&hellip;]<\/p>\n","protected":false},"featured_media":1984504,"comment_status":"closed","ping_status":"closed","template":"","meta":[],"product_cat":[4448,1780,2218],"product_tag":[],"acf":[],"gallery_images":[],"_links":{"self":[{"href":"https:\/\/eu.tilta.com\/fr\/wp-json\/wp\/v2\/product\/1984491"}],"collection":[{"href":"https:\/\/eu.tilta.com\/fr\/wp-json\/wp\/v2\/product"}],"about":[{"href":"https:\/\/eu.tilta.com\/fr\/wp-json\/wp\/v2\/types\/product"}],"replies":[{"embeddable":true,"href":"https:\/\/eu.tilta.com\/fr\/wp-json\/wp\/v2\/comments?post=1984491"}],"wp:featuredmedia":[{"embeddable":true,"href":"https:\/\/eu.tilta.com\/fr\/wp-json\/wp\/v2\/media\/1984504"}],"wp:attachment":[{"href":"https:\/\/eu.tilta.com\/fr\/wp-json\/wp\/v2\/media?parent=1984491"}],"wp:term":[{"taxonomy":"product_cat","embeddable":true,"href":"https:\/\/eu.tilta.com\/fr\/wp-json\/wp\/v2\/product_cat?post=1984491"},{"taxonomy":"product_tag","embeddable":true,"href":"https:\/\/eu.tilta.com\/fr\/wp-json\/wp\/v2\/product_tag?post=1984491"}],"curies":[{"name":"wp","href":"https:\/\/api.w.org\/{rel}","templated":true}]}}