{"id":1984534,"date":"2023-09-13T21:05:19","date_gmt":"2023-09-13T19:05:19","guid":{"rendered":"https:\/\/de.tilta.com\/shop\/kit-de-plaque-de-base-pour-systeme-de-refroidissement-pour-sony-zv-e1-noir\/"},"modified":"2025-12-05T12:40:22","modified_gmt":"2025-12-05T11:40:22","slug":"cooling-system-baseplate-kit-for-sony-zv-e1-black","status":"publish","type":"product","link":"https:\/\/eu.tilta.com\/fr\/shop\/cooling-system-baseplate-kit-for-sony-zv-e1-black\/","title":{"rendered":"Kit de plaque de base pour syst\u00e8me de refroidissement pour Sony ZV-E1 &#8211; Noir"},"content":{"rendered":"<div class=\"overview-text\">\n<p>Voici le kit de plaque de base du syst\u00e8me de refroidissement pour le Sony ZV-E1 &#8211; notre option la plus l\u00e9g\u00e8re pour \u00e9tendre le potentiel de votre ZV-E1 et maintenir votre appareil photo \u00e0 des temp\u00e9ratures de fonctionnement appropri\u00e9es.<\/p>\n<p>Cette plaque de base est principalement con\u00e7ue pour connecter votre cam\u00e9ra \u00e0 des r\u00e9cepteurs ARCA compatibles tels que celui de la DJI RS3 Pro.<\/p>\n<p>Veuillez noter que cet accessoire utilise la norme ARCA de DJI et que la compatibilit\u00e9 avec d&#8217;autres r\u00e9cepteurs ARCA n&#8217;est pas garantie.<\/p>\n<p>La plaque de base comporte un point de montage r\u00e9glable pour le syst\u00e8me de refroidissement inclus, ce qui permet aux utilisateurs de tirer plus longtemps, en particulier \u00e0 des temp\u00e9ratures plus \u00e9lev\u00e9es.<\/p>\n<p>Ce syst\u00e8me de refroidissement peut \u00eatre facilement aliment\u00e9 via USB-C, ce qui offre aux utilisateurs de nombreuses options pour fournir de l&#8217;\u00e9nergie, comme notre plaque de batterie Sony L-Series.<\/p>\n<p>Le syst\u00e8me est \u00e9galement dot\u00e9 d&#8217;un ventilateur r\u00e9glable, qui vous permet de modifier la vitesse en fonction des situations de prise de vue, ce qui est particuli\u00e8rement utile lors de la capture de donn\u00e9es audio.<\/p>\n<p>Gr\u00e2ce \u00e0 l&#8217;encombrement minimal de cet accessoire, vous conservez un acc\u00e8s ininterrompu aux ports de l&#8217;appareil photo, aux boutons utilisateur et au compartiment \u00e0 piles sans avoir \u00e0 retirer la plaque de base.<\/p>\n<p>Am\u00e9liorez votre appareil photo avec le kit de plaque de base du syst\u00e8me de refroidissement pour Sony ZV-E1 et am\u00e9liorez la flexibilit\u00e9 de votre flux de travail !<\/p>\n<\/div>\n","protected":false},"excerpt":{"rendered":"<p>Voici le kit de plaque de base du syst\u00e8me de refroidissement pour le Sony ZV-E1 &#8211; notre option la plus l\u00e9g\u00e8re pour \u00e9tendre le potentiel de votre ZV-E1 et maintenir votre appareil photo \u00e0 des temp\u00e9ratures de fonctionnement appropri\u00e9es. Cette [&hellip;]<\/p>\n","protected":false},"featured_media":1984541,"comment_status":"closed","ping_status":"closed","template":"","meta":[],"product_cat":[1754],"product_tag":[],"acf":[],"gallery_images":[1949108,1948880,1948879,1948926,1948777],"_links":{"self":[{"href":"https:\/\/eu.tilta.com\/fr\/wp-json\/wp\/v2\/product\/1984534"}],"collection":[{"href":"https:\/\/eu.tilta.com\/fr\/wp-json\/wp\/v2\/product"}],"about":[{"href":"https:\/\/eu.tilta.com\/fr\/wp-json\/wp\/v2\/types\/product"}],"replies":[{"embeddable":true,"href":"https:\/\/eu.tilta.com\/fr\/wp-json\/wp\/v2\/comments?post=1984534"}],"wp:featuredmedia":[{"embeddable":true,"href":"https:\/\/eu.tilta.com\/fr\/wp-json\/wp\/v2\/media\/1984541"}],"wp:attachment":[{"href":"https:\/\/eu.tilta.com\/fr\/wp-json\/wp\/v2\/media?parent=1984534"}],"wp:term":[{"taxonomy":"product_cat","embeddable":true,"href":"https:\/\/eu.tilta.com\/fr\/wp-json\/wp\/v2\/product_cat?post=1984534"},{"taxonomy":"product_tag","embeddable":true,"href":"https:\/\/eu.tilta.com\/fr\/wp-json\/wp\/v2\/product_tag?post=1984534"}],"curies":[{"name":"wp","href":"https:\/\/api.w.org\/{rel}","templated":true}]}}