{"id":1984615,"date":"2023-09-13T11:36:08","date_gmt":"2023-09-13T09:36:08","guid":{"rendered":"https:\/\/de.tilta.com\/shop\/arca-baseplate-for-sony-zv-e1-black\/"},"modified":"2025-12-05T12:40:30","modified_gmt":"2025-12-05T11:40:30","slug":"arca-baseplate-for-sony-zv-e1-black","status":"publish","type":"product","link":"https:\/\/eu.tilta.com\/fr\/shop\/arca-baseplate-for-sony-zv-e1-black\/","title":{"rendered":"Plaque de base Arca pour Sony ZV-E1 &#8211; Noir"},"content":{"rendered":"<div class=\"overview-text\">\n<p><em>Pr\u00e9sentation de la plaque de base Arca pour le Sony ZV-E1<\/em><\/p>\n<p>Con\u00e7ue pour \u00eatre aussi compacte que possible, cette plaque de base vous permet d&#8217;atteindre de nouveaux sommets en mati\u00e8re de vid\u00e9ographie.<\/p>\n<p>Cette plaque de base supporte quelques accessoires externes tout en conservant un faible encombrement gr\u00e2ce \u00e0 un filetage \u00bc&#8221;-20 et un filetage 3\/8-16 ainsi qu&#8217;un point de montage ajustable pour notre <a href=\"https:\/\/de.tilta.com\/shop\/cooling-system-for-sony-zv-e1-black\/\">module de refroidissement ZV-E1<\/a>.<\/p>\n<p>La base de cette plaque est la plaque inf\u00e9rieure ARCA-Swiss qui permet aux utilisateurs de passer rapidement d&#8217;une t\u00eate de tr\u00e9pied \u00e0 une cardan comme le <a href=\"https:\/\/de.tilta.com\/product-category\/ecosystem-for-dji-ronin\/\">DJI Ronin RS2 &amp; RS3 Pro<\/a>.<\/p>\n<p>Veuillez noter que cette cage utilise la norme DJI pour l&#8217;ARCA et qu&#8217;elle n&#8217;est pas compatible avec tous les r\u00e9cepteurs. La compatibilit\u00e9 n&#8217;est pas garantie.<\/p>\n<p>Le design minimaliste de cette plaque de base permet un acc\u00e8s ininterrompu aux ports de l&#8217;appareil photo, aux boutons de l&#8217;utilisateur et au compartiment de la batterie sans qu&#8217;il soit n\u00e9cessaire de retirer l&#8217;accessoire.<\/p>\n<\/div>\n","protected":false},"excerpt":{"rendered":"<p>Pr\u00e9sentation de la plaque de base Arca pour le Sony ZV-E1 Con\u00e7ue pour \u00eatre aussi compacte que possible, cette plaque de base vous permet d&#8217;atteindre de nouveaux sommets en mati\u00e8re de vid\u00e9ographie. Cette plaque de base supporte quelques accessoires externes [&hellip;]<\/p>\n","protected":false},"featured_media":1984622,"comment_status":"closed","ping_status":"closed","template":"","meta":[],"product_cat":[1754],"product_tag":[],"acf":[],"gallery_images":[1948638,1948640,1948641,1948642,1948643],"_links":{"self":[{"href":"https:\/\/eu.tilta.com\/fr\/wp-json\/wp\/v2\/product\/1984615"}],"collection":[{"href":"https:\/\/eu.tilta.com\/fr\/wp-json\/wp\/v2\/product"}],"about":[{"href":"https:\/\/eu.tilta.com\/fr\/wp-json\/wp\/v2\/types\/product"}],"replies":[{"embeddable":true,"href":"https:\/\/eu.tilta.com\/fr\/wp-json\/wp\/v2\/comments?post=1984615"}],"wp:featuredmedia":[{"embeddable":true,"href":"https:\/\/eu.tilta.com\/fr\/wp-json\/wp\/v2\/media\/1984622"}],"wp:attachment":[{"href":"https:\/\/eu.tilta.com\/fr\/wp-json\/wp\/v2\/media?parent=1984615"}],"wp:term":[{"taxonomy":"product_cat","embeddable":true,"href":"https:\/\/eu.tilta.com\/fr\/wp-json\/wp\/v2\/product_cat?post=1984615"},{"taxonomy":"product_tag","embeddable":true,"href":"https:\/\/eu.tilta.com\/fr\/wp-json\/wp\/v2\/product_tag?post=1984615"}],"curies":[{"name":"wp","href":"https:\/\/api.w.org\/{rel}","templated":true}]}}