{"id":1984660,"date":"2023-09-19T11:23:20","date_gmt":"2023-09-19T09:23:20","guid":{"rendered":"https:\/\/de.tilta.com\/shop\/full-camera-cage-for-freefly-ember-s5k-black\/"},"modified":"2025-12-05T12:40:53","modified_gmt":"2025-12-05T11:40:53","slug":"full-camera-cage-for-freefly-ember-s5k-black","status":"publish","type":"product","link":"https:\/\/eu.tilta.com\/fr\/shop\/full-camera-cage-for-freefly-ember-s5k-black\/","title":{"rendered":"Full Camera Cage for Freefly Ember S5K &#8211; Black"},"content":{"rendered":"<div class=\"overview-text\">\n<div class=\"overview-text\">\n<p><em>Pr\u00e9sentation de la cage de cam\u00e9ra compl\u00e8te pour Freefly Ember S5K<\/em><\/p>\n<p>Cette cage de cam\u00e9ra \u00e9largit consid\u00e9rablement les options de montage de votre cam\u00e9ra haute vitesse compacte et offre une protection suppl\u00e9mentaire pour le corps gr\u00e2ce au cadre en alliage d&#8217;aluminium de la cage.<\/p>\n<p>La cage comporte de nombreux points de fixation, notamment des rosettes Arri, des rails NATO des deux c\u00f4t\u00e9s, ainsi que des filetages 1\/4\u2033-20 et 3\/8\u2033-16, tous deux dot\u00e9s de points de fixation.<\/p>\n<p>Cette cage compl\u00e8te le design unique de l&#8217;Ember avec une plaque arri\u00e8re unique qui se connecte au bo\u00eetier de l&#8217;appareil photo via deux vis M3 et peut pivoter \u00e0 90 degr\u00e9s afin de lib\u00e9rer l&#8217;acc\u00e8s \u00e0 l&#8217;arri\u00e8re de l&#8217;appareil photo lorsque cela est n\u00e9cessaire.<\/p>\n<p>Cette plaque arri\u00e8re pr\u00e9sente un espace de 15 mm lorsqu&#8217;elle est connect\u00e9e \u00e0 la cam\u00e9ra afin de permettre \u00e0 la chaleur de la cam\u00e9ra de se dissiper facilement.<\/p>\n<p>Cette plaque arri\u00e8re est l&#8217;endroit id\u00e9al pour monter un accessoire comme notre <a href=\"https:\/\/de.tilta.com\/shop\/tilta-pocket-v-mount-battery-plate-v2-black\/\">Tilta Pocket V-Mount Battery Plate V2<\/a> qui est une excellente option l\u00e9g\u00e8re pour ajouter une batterie V-Mount \u00e0 votre syst\u00e8me.<\/p>\n<p>Cette cage comprend \u00e9galement un support d&#8217;adaptateur d&#8217;objectif pour les montures PL et EF qui se connecte directement au corps de la cage sans n\u00e9cessiter l&#8217;utilisation d&#8217;une plaque de base ou d&#8217;accessoires suppl\u00e9mentaires.<\/p>\n<p>La plaque de fixation rapide Manfrotto incluse est compatible avec certaines t\u00eates de tr\u00e9pieds Manfrotto et vous permettra de connecter le syst\u00e8me \u00e0 notre <a href=\"https:\/\/de.tilta.com\/shop\/tiltaing-15mm-lws-baseplate-type-iv\/\">plaque de base LWS de 15 mm de type IV<\/a> <strong>(non incluse)<\/strong>.<\/p>\n<p>Veuillez noter que la compatibilit\u00e9 avec les r\u00e9cepteurs Manfrotto n&#8217;est pas garantie.<\/p>\n<\/div>\n<\/div>\n","protected":false},"excerpt":{"rendered":"<p>Pr\u00e9sentation de la cage de cam\u00e9ra compl\u00e8te pour Freefly Ember S5K Cette cage de cam\u00e9ra \u00e9largit consid\u00e9rablement les options de montage de votre cam\u00e9ra haute vitesse compacte et offre une protection suppl\u00e9mentaire pour le corps gr\u00e2ce au cadre en alliage [&hellip;]<\/p>\n","protected":false},"featured_media":1984661,"comment_status":"closed","ping_status":"closed","template":"","meta":[],"product_cat":[1791],"product_tag":[],"acf":[],"gallery_images":[1984662,1984663,1984664,1984665,1984666],"_links":{"self":[{"href":"https:\/\/eu.tilta.com\/fr\/wp-json\/wp\/v2\/product\/1984660"}],"collection":[{"href":"https:\/\/eu.tilta.com\/fr\/wp-json\/wp\/v2\/product"}],"about":[{"href":"https:\/\/eu.tilta.com\/fr\/wp-json\/wp\/v2\/types\/product"}],"replies":[{"embeddable":true,"href":"https:\/\/eu.tilta.com\/fr\/wp-json\/wp\/v2\/comments?post=1984660"}],"wp:featuredmedia":[{"embeddable":true,"href":"https:\/\/eu.tilta.com\/fr\/wp-json\/wp\/v2\/media\/1984661"}],"wp:attachment":[{"href":"https:\/\/eu.tilta.com\/fr\/wp-json\/wp\/v2\/media?parent=1984660"}],"wp:term":[{"taxonomy":"product_cat","embeddable":true,"href":"https:\/\/eu.tilta.com\/fr\/wp-json\/wp\/v2\/product_cat?post=1984660"},{"taxonomy":"product_tag","embeddable":true,"href":"https:\/\/eu.tilta.com\/fr\/wp-json\/wp\/v2\/product_tag?post=1984660"}],"curies":[{"name":"wp","href":"https:\/\/api.w.org\/{rel}","templated":true}]}}