{"id":1984697,"date":"2023-09-13T11:21:38","date_gmt":"2023-09-13T09:21:38","guid":{"rendered":"https:\/\/de.tilta.com\/shop\/serre-cable-hdmi-pour-sony-zv-e1\/"},"modified":"2026-02-16T09:02:48","modified_gmt":"2026-02-16T08:02:48","slug":"hdmi-cable-clamp-for-sony-zv-e1","status":"publish","type":"product","link":"https:\/\/eu.tilta.com\/fr\/shop\/hdmi-cable-clamp-for-sony-zv-e1\/","title":{"rendered":"Serre-c\u00e2ble HDMI pour Sony ZV-E1"},"content":{"rendered":"<div class=\"overview-text\">\n<p><em>Voici le serre-c\u00e2ble HDMI pour Sony ZV-E1, l&#8217;accessoire l\u00e9ger parfait pour augmenter la s\u00e9curit\u00e9 du c\u00e2ble de votre Sony ZV-E1.<\/em><\/p>\n<p>Ce serre-c\u00e2ble moderne s&#8217;int\u00e8gre facilement \u00e0 la cage de l&#8217;appareil photo complet pour le Sony ZV-E1 gr\u00e2ce \u00e0 un point de fixation d\u00e9di\u00e9.<\/p>\n<p>Cette pince offre une s\u00e9curit\u00e9 accrue pour les c\u00e2bles HDMI et comporte des vis \u00e0 oreilles qui permettent de fixer ou d&#8217;enlever rapidement les c\u00e2bles et garantissent qu&#8217;aucun outil sp\u00e9cifique n&#8217;est n\u00e9cessaire pour utiliser cet accessoire.<\/p>\n<p><strong>REMARQUE : Cet accessoire bloque partiellement le logement de la carte SD et en limite l&#8217;acc\u00e8s lorsqu&#8217;il est fix\u00e9.  <\/strong><\/p>\n<\/div>\n","protected":false},"excerpt":{"rendered":"<p>Voici le serre-c\u00e2ble HDMI pour Sony ZV-E1, l&#8217;accessoire l\u00e9ger parfait pour augmenter la s\u00e9curit\u00e9 du c\u00e2ble de votre Sony ZV-E1. Ce serre-c\u00e2ble moderne s&#8217;int\u00e8gre facilement \u00e0 la cage de l&#8217;appareil photo complet pour le Sony ZV-E1 gr\u00e2ce \u00e0 un point [&hellip;]<\/p>\n","protected":false},"featured_media":1984703,"comment_status":"closed","ping_status":"closed","template":"","meta":[],"product_cat":[4448,1754],"product_tag":[],"acf":[],"gallery_images":[1984704,1984705,1984706,1984708],"_links":{"self":[{"href":"https:\/\/eu.tilta.com\/fr\/wp-json\/wp\/v2\/product\/1984697"}],"collection":[{"href":"https:\/\/eu.tilta.com\/fr\/wp-json\/wp\/v2\/product"}],"about":[{"href":"https:\/\/eu.tilta.com\/fr\/wp-json\/wp\/v2\/types\/product"}],"replies":[{"embeddable":true,"href":"https:\/\/eu.tilta.com\/fr\/wp-json\/wp\/v2\/comments?post=1984697"}],"wp:featuredmedia":[{"embeddable":true,"href":"https:\/\/eu.tilta.com\/fr\/wp-json\/wp\/v2\/media\/1984703"}],"wp:attachment":[{"href":"https:\/\/eu.tilta.com\/fr\/wp-json\/wp\/v2\/media?parent=1984697"}],"wp:term":[{"taxonomy":"product_cat","embeddable":true,"href":"https:\/\/eu.tilta.com\/fr\/wp-json\/wp\/v2\/product_cat?post=1984697"},{"taxonomy":"product_tag","embeddable":true,"href":"https:\/\/eu.tilta.com\/fr\/wp-json\/wp\/v2\/product_tag?post=1984697"}],"curies":[{"name":"wp","href":"https:\/\/api.w.org\/{rel}","templated":true}]}}