{"id":1984750,"date":"2023-09-07T11:09:07","date_gmt":"2023-09-07T09:09:07","guid":{"rendered":"https:\/\/de.tilta.com\/shop\/camera-cage-for-fujifilm-x-s20-basic-kit-black\/"},"modified":"2025-12-05T12:40:58","modified_gmt":"2025-12-05T11:40:58","slug":"camera-cage-for-fujifilm-x-s20-basic-kit-black","status":"publish","type":"product","link":"https:\/\/eu.tilta.com\/fr\/shop\/camera-cage-for-fujifilm-x-s20-basic-kit-black\/","title":{"rendered":"Camera Cage for Fujifilm X-S20 Basic Kit &#8211; Black"},"content":{"rendered":"<div class=\"overview-text\">\n<p><em>Voici le kit de cage de base pour Fujifilm X-S20, l&#8217;appareil photo compact ultime pour am\u00e9liorer la fonctionnalit\u00e9 de votre syst\u00e8me avec quelques accessoires strat\u00e9giques.  <\/em><\/p>\n<p>Cette cage prot\u00e8ge le bo\u00eetier de votre appareil photo gr\u00e2ce \u00e0 son cadre en alliage d&#8217;aluminium et offre de multiples options pour le montage de divers accessoires.<\/p>\n<p>Les points de montage comprennent de multiples r\u00e9cepteurs de griffe froide, un rail OTAN pour les poign\u00e9es lat\u00e9rales, des fentes pour les bandouli\u00e8res, des filetages 3\/8\u2033-16 et 1\/4\u2033-20 avec des points de rep\u00e9rage.<\/p>\n<p>La cage est \u00e9quip\u00e9e d&#8217;une connexion ARCA-Swiss int\u00e9gr\u00e9e dans la plaque inf\u00e9rieure, ce qui permet aux utilisateurs de passer rapidement d&#8217;un tr\u00e9pied bas\u00e9 sur ARCA \u00e0 une cardan telle que le DJI Ronin RS3 Pro.<\/p>\n<p>La fixation pour rail OTAN et la poign\u00e9e sup\u00e9rieure ergonomique OTAN incluses am\u00e9liorent les possibilit\u00e9s de manipulation et d&#8217;utilisation, ce qui est particuli\u00e8rement utile lorsque vous tirez \u00e0 des angles inf\u00e9rieurs.<\/p>\n<p>La poign\u00e9e sup\u00e9rieure augmente les options de montage avec des filetages 1\/4\u2033-20 suppl\u00e9mentaires et un r\u00e9cepteur de griffe froide suppl\u00e9mentaire, parfait pour un moniteur externe via un accessoire comme notre <a href=\"https:\/\/de.tilta.com\/shop\/tiltaing-adjustable-cold-shoe-accessory-mounting-bracket\/\">support de moniteur de griffe froide<\/a>.<\/p>\n<p>La cage est con\u00e7ue pour s&#8217;adapter \u00e0 la forme et utilise plusieurs points de contact gr\u00e2ce \u00e0 des vis de s\u00e9curit\u00e9 sur le c\u00f4t\u00e9. Cela r\u00e9duit consid\u00e9rablement le risque de rotation de la cage \u00e0 l&#8217;int\u00e9rieur de celle-ci.<\/p>\n<p>La cage de la cam\u00e9ra compl\u00e8te comprend un serre-c\u00e2ble \u00e0 vis de pouce qui permet aux utilisateurs de mieux fixer les c\u00e2bles essentiels.<\/p>\n<\/div>\n","protected":false},"excerpt":{"rendered":"<p>Voici le kit de cage de base pour Fujifilm X-S20, l&#8217;appareil photo compact ultime pour am\u00e9liorer la fonctionnalit\u00e9 de votre syst\u00e8me avec quelques accessoires strat\u00e9giques. Cette cage prot\u00e8ge le bo\u00eetier de votre appareil photo gr\u00e2ce \u00e0 son cadre en alliage [&hellip;]<\/p>\n","protected":false},"featured_media":1984752,"comment_status":"closed","ping_status":"closed","template":"","meta":[],"product_cat":[1782],"product_tag":[],"acf":[],"gallery_images":[1947947,1947946,1947869],"_links":{"self":[{"href":"https:\/\/eu.tilta.com\/fr\/wp-json\/wp\/v2\/product\/1984750"}],"collection":[{"href":"https:\/\/eu.tilta.com\/fr\/wp-json\/wp\/v2\/product"}],"about":[{"href":"https:\/\/eu.tilta.com\/fr\/wp-json\/wp\/v2\/types\/product"}],"replies":[{"embeddable":true,"href":"https:\/\/eu.tilta.com\/fr\/wp-json\/wp\/v2\/comments?post=1984750"}],"wp:featuredmedia":[{"embeddable":true,"href":"https:\/\/eu.tilta.com\/fr\/wp-json\/wp\/v2\/media\/1984752"}],"wp:attachment":[{"href":"https:\/\/eu.tilta.com\/fr\/wp-json\/wp\/v2\/media?parent=1984750"}],"wp:term":[{"taxonomy":"product_cat","embeddable":true,"href":"https:\/\/eu.tilta.com\/fr\/wp-json\/wp\/v2\/product_cat?post=1984750"},{"taxonomy":"product_tag","embeddable":true,"href":"https:\/\/eu.tilta.com\/fr\/wp-json\/wp\/v2\/product_tag?post=1984750"}],"curies":[{"name":"wp","href":"https:\/\/api.w.org\/{rel}","templated":true}]}}