{"id":1984769,"date":"2023-09-13T04:35:49","date_gmt":"2023-09-13T02:35:49","guid":{"rendered":"https:\/\/de.tilta.com\/shop\/l-bracket-mounting-plate-for-sony-zv-e10-black\/"},"modified":"2025-12-05T12:41:00","modified_gmt":"2025-12-05T11:41:00","slug":"l-bracket-mounting-plate-for-sony-zv-e10-black","status":"publish","type":"product","link":"https:\/\/eu.tilta.com\/fr\/shop\/l-bracket-mounting-plate-for-sony-zv-e10-black\/","title":{"rendered":"L-Bracket Mounting Plate for Sony ZV-E10 &#8211; Black"},"content":{"rendered":"<div class=\"overview-text\">\n<p><em>Voici la plaque de montage L-Bracket pour Sony ZV-E10 &#8211; l&#8217;option la plus l\u00e9g\u00e8re et la plus compacte pour am\u00e9liorer la fonctionnalit\u00e9 de votre cam\u00e9ra pour la production vid\u00e9o.  <\/em><\/p>\n<p>Cette conception en L rappelle une demi-cage et prend en charge de nombreux accessoires tout en conservant un encombrement r\u00e9duit gr\u00e2ce \u00e0 de multiples points de montage, notamment des filetages 1\/4\u2033-20 et un r\u00e9cepteur de chaussure froide sur la plaque inf\u00e9rieure.<\/p>\n<p>Le support est dot\u00e9 d&#8217;une poign\u00e9e en silicone int\u00e9gr\u00e9e qui rend le syst\u00e8me plus confortable et plus s\u00fbr gr\u00e2ce \u00e0 sa texture antid\u00e9rapante.<\/p>\n<p>Gr\u00e2ce \u00e0 sa forme en L, cette cage vous permet de conserver un acc\u00e8s ininterrompu aux ports de la cam\u00e9ra, aux boutons de l&#8217;utilisateur et au compartiment de la batterie sans avoir \u00e0 retirer la cage.<\/p>\n<p>Le point de fixation de s\u00e9curit\u00e9 inclus sert de deuxi\u00e8me point de contact entre le support et l&#8217;appareil photo, garantissant que l&#8217;appareil photo ne tournera pas pendant l&#8217;utilisation.<\/p>\n<p><em>Sur\u00e9levez votre appareil photo avec la plaque de montage L-Bracket pour Sony ZV-E10 et lib\u00e9rez le v\u00e9ritable potentiel de votre appareil photo.<\/em><\/p>\n<\/div>\n","protected":false},"excerpt":{"rendered":"<p>Voici la plaque de montage L-Bracket pour Sony ZV-E10 &#8211; l&#8217;option la plus l\u00e9g\u00e8re et la plus compacte pour am\u00e9liorer la fonctionnalit\u00e9 de votre cam\u00e9ra pour la production vid\u00e9o. Cette conception en L rappelle une demi-cage et prend en charge [&hellip;]<\/p>\n","protected":false},"featured_media":1984771,"comment_status":"closed","ping_status":"closed","template":"","meta":[],"product_cat":[1788],"product_tag":[],"acf":[],"gallery_images":[1946179,1946178,1948888,1948889],"_links":{"self":[{"href":"https:\/\/eu.tilta.com\/fr\/wp-json\/wp\/v2\/product\/1984769"}],"collection":[{"href":"https:\/\/eu.tilta.com\/fr\/wp-json\/wp\/v2\/product"}],"about":[{"href":"https:\/\/eu.tilta.com\/fr\/wp-json\/wp\/v2\/types\/product"}],"replies":[{"embeddable":true,"href":"https:\/\/eu.tilta.com\/fr\/wp-json\/wp\/v2\/comments?post=1984769"}],"wp:featuredmedia":[{"embeddable":true,"href":"https:\/\/eu.tilta.com\/fr\/wp-json\/wp\/v2\/media\/1984771"}],"wp:attachment":[{"href":"https:\/\/eu.tilta.com\/fr\/wp-json\/wp\/v2\/media?parent=1984769"}],"wp:term":[{"taxonomy":"product_cat","embeddable":true,"href":"https:\/\/eu.tilta.com\/fr\/wp-json\/wp\/v2\/product_cat?post=1984769"},{"taxonomy":"product_tag","embeddable":true,"href":"https:\/\/eu.tilta.com\/fr\/wp-json\/wp\/v2\/product_tag?post=1984769"}],"curies":[{"name":"wp","href":"https:\/\/api.w.org\/{rel}","templated":true}]}}