{"id":1984803,"date":"2023-08-18T09:56:40","date_gmt":"2023-08-18T07:56:40","guid":{"rendered":"https:\/\/de.tilta.com\/shop\/systeme-de-refroidissement-pour-sony-a6700-noir\/"},"modified":"2025-12-05T12:41:01","modified_gmt":"2025-12-05T11:41:01","slug":"cooling-system-for-sony-a6700-black","status":"publish","type":"product","link":"https:\/\/eu.tilta.com\/fr\/shop\/cooling-system-for-sony-a6700-black\/","title":{"rendered":"Syst\u00e8me de refroidissement pour Sony a6700 &#8211; Noir"},"content":{"rendered":"<div class=\"overview-text\">\n<p>Le syst\u00e8me de refroidissement pour le Sony a6700 est l&#8217;accessoire id\u00e9al pour les utilisateurs qui souhaitent r\u00e9aliser des prises de vue pendant de longues p\u00e9riodes dans des environnements o\u00f9 la temp\u00e9rature est plus \u00e9lev\u00e9e.<\/p>\n<p>Le syst\u00e8me se monte de mani\u00e8re transparente sur la <a href=\"https:\/\/de.tilta.com\/shop\/full-camera-cage-for-sony-a6700\/\">cage de la cam\u00e9ra compl\u00e8te pour Sony a6700<\/a> \u00e0 l&#8217;aide d&#8217;une seule vis \u00e0 t\u00eate plate, ce qui rend le processus d&#8217;installation facile et s\u00fbr.<\/p>\n<p>Ce module de refroidissement peut \u00eatre aliment\u00e9 de mani\u00e8re pratique via USB-C, ce qui offre aux utilisateurs de nombreuses options pour alimenter le module.<\/p>\n<p>Le syst\u00e8me est \u00e9galement dot\u00e9 d&#8217;un ventilateur r\u00e9glable, qui vous permet de modifier la vitesse en fonction des situations de prise de vue, ce qui est particuli\u00e8rement utile lors de la capture de donn\u00e9es audio.<\/p>\n<\/div>\n","protected":false},"excerpt":{"rendered":"<p>Le syst\u00e8me de refroidissement pour le Sony a6700 est l&#8217;accessoire id\u00e9al pour les utilisateurs qui souhaitent r\u00e9aliser des prises de vue pendant de longues p\u00e9riodes dans des environnements o\u00f9 la temp\u00e9rature est plus \u00e9lev\u00e9e. Le syst\u00e8me se monte de mani\u00e8re [&hellip;]<\/p>\n","protected":false},"featured_media":1984810,"comment_status":"closed","ping_status":"closed","template":"","meta":[],"product_cat":[1773],"product_tag":[],"acf":[],"gallery_images":[1947466,1947467,1947465],"_links":{"self":[{"href":"https:\/\/eu.tilta.com\/fr\/wp-json\/wp\/v2\/product\/1984803"}],"collection":[{"href":"https:\/\/eu.tilta.com\/fr\/wp-json\/wp\/v2\/product"}],"about":[{"href":"https:\/\/eu.tilta.com\/fr\/wp-json\/wp\/v2\/types\/product"}],"replies":[{"embeddable":true,"href":"https:\/\/eu.tilta.com\/fr\/wp-json\/wp\/v2\/comments?post=1984803"}],"wp:featuredmedia":[{"embeddable":true,"href":"https:\/\/eu.tilta.com\/fr\/wp-json\/wp\/v2\/media\/1984810"}],"wp:attachment":[{"href":"https:\/\/eu.tilta.com\/fr\/wp-json\/wp\/v2\/media?parent=1984803"}],"wp:term":[{"taxonomy":"product_cat","embeddable":true,"href":"https:\/\/eu.tilta.com\/fr\/wp-json\/wp\/v2\/product_cat?post=1984803"},{"taxonomy":"product_tag","embeddable":true,"href":"https:\/\/eu.tilta.com\/fr\/wp-json\/wp\/v2\/product_tag?post=1984803"}],"curies":[{"name":"wp","href":"https:\/\/api.w.org\/{rel}","templated":true}]}}