{"id":1984916,"date":"2023-08-17T19:55:43","date_gmt":"2023-08-17T17:55:43","guid":{"rendered":"https:\/\/de.tilta.com\/shop\/camera-cage-for-sony-a6700-lightweight-kit\/"},"modified":"2026-05-07T15:18:45","modified_gmt":"2026-05-07T13:18:45","slug":"camera-cage-for-sony-a6700-lightweight-kit","status":"publish","type":"product","link":"https:\/\/eu.tilta.com\/fr\/shop\/camera-cage-for-sony-a6700-lightweight-kit\/","title":{"rendered":"Cage d&#8217;appareil photo pour Sony a6700 Lightweight Kit"},"content":{"rendered":"<p><em>La cage de cam\u00e9ra pour le kit l\u00e9ger Sony a6700 est une option compacte fantastique pour \u00e9tendre les fonctionnalit\u00e9s de votre cam\u00e9ra dans un environnement de production vid\u00e9o.<\/em><\/p>\n<p>Cette cage prot\u00e8ge votre appareil photo et offre de nombreuses options pour le montage d&#8217;accessoires suppl\u00e9mentaires tels que les r\u00e9cepteurs Cold Shoe, le rail NATO et les filetages 1\/4_-20 avec points de positionnement.<\/p>\n<p>La cage est \u00e9quip\u00e9e d&#8217;une plaque inf\u00e9rieure amovible ARCA-Swiss qui permet des transitions rapides entre les t\u00eates de tr\u00e9pied et les cardans comme le <a href=\"https:\/\/de.tilta.com\/product-category\/ecosystem-for-dji-ronin\/\">DJI Ronin RS2 &amp; RS3 Pro<\/a>.<\/p>\n<p>Cette plaque ARCA peut \u00eatre mont\u00e9e sur le c\u00f4t\u00e9 de la cage de la cam\u00e9ra afin de s&#8217;adapter aux configurations de prise de vue horizontales et verticales.<\/p>\n<p>La cage pr\u00e9sente un design s\u00fbr et adapt\u00e9 qui utilise deux points de contact et est compatible avec le Sony ECM-W2BT.<\/p>\n<p>Le rail OTAN et la poign\u00e9e sup\u00e9rieure OTAN inclus offrent des options de tir et de manipulation plus flexibles, particuli\u00e8rement utiles pour r\u00e9aliser des tirs \u00e0 faible angle.<\/p>\n<p>La poign\u00e9e sup\u00e9rieure am\u00e9liore \u00e9galement les options de montage avec des filetages 1\/4_-20 suppl\u00e9mentaires et un r\u00e9cepteur Cold Shoe, id\u00e9al pour un moniteur externe.<\/p>\n<p>Ce kit comprend \u00e9galement le <a href=\"https:\/\/de.tilta.com\/shop\/cooling-system-for-sony-a6700-black\/\">syst\u00e8me de refroidissement<\/a>, qui permet aux utilisateurs d&#8217;enregistrer plus longtemps sans surchauffe, se fixe de mani\u00e8re pratique via des vis \u00e0 oreilles, s&#8217;alimente via USB-C et dispose de vitesses de ventilateur r\u00e9glables.<\/p>\n","protected":false},"excerpt":{"rendered":"<p>La cage de cam\u00e9ra pour le kit l\u00e9ger Sony a6700 est une option compacte fantastique pour \u00e9tendre les fonctionnalit\u00e9s de votre cam\u00e9ra dans un environnement de production vid\u00e9o. Cette cage prot\u00e8ge votre appareil photo et offre de nombreuses options pour [&hellip;]<\/p>\n","protected":false},"featured_media":1984926,"comment_status":"closed","ping_status":"closed","template":"","meta":[],"product_cat":[1773],"product_tag":[],"acf":[],"gallery_images":[1948491,1948492,1947405,1947406],"_links":{"self":[{"href":"https:\/\/eu.tilta.com\/fr\/wp-json\/wp\/v2\/product\/1984916"}],"collection":[{"href":"https:\/\/eu.tilta.com\/fr\/wp-json\/wp\/v2\/product"}],"about":[{"href":"https:\/\/eu.tilta.com\/fr\/wp-json\/wp\/v2\/types\/product"}],"replies":[{"embeddable":true,"href":"https:\/\/eu.tilta.com\/fr\/wp-json\/wp\/v2\/comments?post=1984916"}],"wp:featuredmedia":[{"embeddable":true,"href":"https:\/\/eu.tilta.com\/fr\/wp-json\/wp\/v2\/media\/1984926"}],"wp:attachment":[{"href":"https:\/\/eu.tilta.com\/fr\/wp-json\/wp\/v2\/media?parent=1984916"}],"wp:term":[{"taxonomy":"product_cat","embeddable":true,"href":"https:\/\/eu.tilta.com\/fr\/wp-json\/wp\/v2\/product_cat?post=1984916"},{"taxonomy":"product_tag","embeddable":true,"href":"https:\/\/eu.tilta.com\/fr\/wp-json\/wp\/v2\/product_tag?post=1984916"}],"curies":[{"name":"wp","href":"https:\/\/api.w.org\/{rel}","templated":true}]}}