{"id":1984961,"date":"2023-08-30T11:55:34","date_gmt":"2023-08-30T09:55:34","guid":{"rendered":"https:\/\/de.tilta.com\/shop\/serre-cable-hdmi-et-usb-c-pour-nikon-z8\/"},"modified":"2026-02-16T09:02:49","modified_gmt":"2026-02-16T08:02:49","slug":"hdmi-and-usb-c-cable-clamp-for-nikon-z8","status":"publish","type":"product","link":"https:\/\/eu.tilta.com\/fr\/shop\/hdmi-and-usb-c-cable-clamp-for-nikon-z8\/","title":{"rendered":"Serre-c\u00e2ble HDMI et USB-C pour Nikon Z8"},"content":{"rendered":"<div class=\"overview-text\">\n<p><em>Voici le serre-c\u00e2ble HDMI et USB-C pour Nikon Z8, l&#8217;accessoire l\u00e9ger id\u00e9al pour assurer une s\u00e9curit\u00e9 accrue des c\u00e2bles pour votre Nikon Z8.<\/em><\/p>\n<p>Ce serre-c\u00e2ble moderne s&#8217;int\u00e8gre facilement \u00e0 la <a href=\"https:\/\/de.tilta.com\/shop\/full-camera-cage-for-nikon-z8-black\/\">cage de l&#8217;appareil Nikon Z8<\/a> gr\u00e2ce \u00e0 un point de fixation d\u00e9di\u00e9 qui utilise une petite fente de montage en plus d&#8217;une vis \u00e0 oreilles, afin de fixer le serre-c\u00e2ble et d&#8217;emp\u00eacher l&#8217;accessoire de tourner pendant l&#8217;utilisation.<\/p>\n<p>Cette pince offre une s\u00e9curit\u00e9 accrue pour les c\u00e2bles et permet aux utilisateurs de s\u00e9curiser plusieurs c\u00e2bles, notamment HDMI et USB-C, via un seul accessoire.<\/p>\n<p>Les vis \u00e0 oreilles permettent de fixer ou de retirer rapidement les c\u00e2bles et garantissent qu&#8217;aucun outil sp\u00e9cifique ne sera n\u00e9cessaire pour utiliser cet accessoire.<\/p>\n<\/div>\n","protected":false},"excerpt":{"rendered":"<p>Voici le serre-c\u00e2ble HDMI et USB-C pour Nikon Z8, l&#8217;accessoire l\u00e9ger id\u00e9al pour assurer une s\u00e9curit\u00e9 accrue des c\u00e2bles pour votre Nikon Z8. Ce serre-c\u00e2ble moderne s&#8217;int\u00e8gre facilement \u00e0 la cage de l&#8217;appareil Nikon Z8 gr\u00e2ce \u00e0 un point de [&hellip;]<\/p>\n","protected":false},"featured_media":1984978,"comment_status":"closed","ping_status":"closed","template":"","meta":[],"product_cat":[4448,1775],"product_tag":[],"acf":[],"gallery_images":[1984982,1984984,1984986,1984988],"_links":{"self":[{"href":"https:\/\/eu.tilta.com\/fr\/wp-json\/wp\/v2\/product\/1984961"}],"collection":[{"href":"https:\/\/eu.tilta.com\/fr\/wp-json\/wp\/v2\/product"}],"about":[{"href":"https:\/\/eu.tilta.com\/fr\/wp-json\/wp\/v2\/types\/product"}],"replies":[{"embeddable":true,"href":"https:\/\/eu.tilta.com\/fr\/wp-json\/wp\/v2\/comments?post=1984961"}],"wp:featuredmedia":[{"embeddable":true,"href":"https:\/\/eu.tilta.com\/fr\/wp-json\/wp\/v2\/media\/1984978"}],"wp:attachment":[{"href":"https:\/\/eu.tilta.com\/fr\/wp-json\/wp\/v2\/media?parent=1984961"}],"wp:term":[{"taxonomy":"product_cat","embeddable":true,"href":"https:\/\/eu.tilta.com\/fr\/wp-json\/wp\/v2\/product_cat?post=1984961"},{"taxonomy":"product_tag","embeddable":true,"href":"https:\/\/eu.tilta.com\/fr\/wp-json\/wp\/v2\/product_tag?post=1984961"}],"curies":[{"name":"wp","href":"https:\/\/api.w.org\/{rel}","templated":true}]}}